{"id":1202,"date":"2022-01-04T16:55:57","date_gmt":"2022-01-04T16:55:57","guid":{"rendered":"https:\/\/www.tihuse.ee\/7-tee-rist\/"},"modified":"2022-01-11T16:47:46","modified_gmt":"2022-01-11T16:47:46","slug":"7-tee-rist","status":"publish","type":"page","link":"https:\/\/www.tihuse.ee\/fi\/7-tee-rist\/","title":{"rendered":"7- tien risteys"},"content":{"rendered":"\t\t<div data-elementor-type=\"wp-page\" data-elementor-id=\"1202\" class=\"elementor elementor-1202 elementor-603\">\n\t\t\t\t\t\t<section class=\"elementor-section elementor-top-section elementor-element elementor-element-190176ac elementor-section-boxed elementor-section-height-default elementor-section-height-default\" data-id=\"190176ac\" data-element_type=\"section\" data-e-type=\"section\" data-settings=\"{&quot;background_background&quot;:&quot;classic&quot;}\">\n\t\t\t\t\t\t<div class=\"elementor-container elementor-column-gap-default\">\n\t\t\t\t\t<div class=\"elementor-column elementor-col-100 elementor-top-column elementor-element elementor-element-14f31c10\" data-id=\"14f31c10\" data-element_type=\"column\" data-e-type=\"column\">\n\t\t\t<div class=\"elementor-widget-wrap elementor-element-populated\">\n\t\t\t\t\t\t<div class=\"elementor-element elementor-element-2b9598c1 elementor-widget__width-auto elementor-widget elementor-widget-heading\" data-id=\"2b9598c1\" data-element_type=\"widget\" data-e-type=\"widget\" data-widget_type=\"heading.default\">\n\t\t\t\t\t<h2 class=\"elementor-heading-title elementor-size-default\">7- tien risteys<\/h2>\t\t\t\t<\/div>\n\t\t\t\t\t<\/div>\n\t\t<\/div>\n\t\t\t\t\t<\/div>\n\t\t<\/section>\n\t\t\t\t<section class=\"elementor-section elementor-top-section elementor-element elementor-element-34854bf2 elementor-section-boxed elementor-section-height-default elementor-section-height-default\" data-id=\"34854bf2\" data-element_type=\"section\" data-e-type=\"section\">\n\t\t\t\t\t\t<div class=\"elementor-container elementor-column-gap-default\">\n\t\t\t\t\t<div class=\"elementor-column elementor-col-100 elementor-top-column elementor-element elementor-element-795a1ce5\" data-id=\"795a1ce5\" data-element_type=\"column\" data-e-type=\"column\">\n\t\t\t<div class=\"elementor-widget-wrap elementor-element-populated\">\n\t\t\t\t\t\t<div class=\"elementor-element elementor-element-1826014f elementor-position-inline-start elementor-view-default elementor-mobile-position-block-start elementor-widget elementor-widget-icon-box\" data-id=\"1826014f\" data-element_type=\"widget\" data-e-type=\"widget\" data-widget_type=\"icon-box.default\">\n\t\t\t\t\t\t\t<div class=\"elementor-icon-box-wrapper\">\n\n\t\t\t\t\t\t<div class=\"elementor-icon-box-icon\">\n\t\t\t\t<span  class=\"elementor-icon\">\n\t\t\t\t<svg aria-hidden=\"true\" class=\"e-font-icon-svg e-far-compass\" viewBox=\"0 0 496 512\" xmlns=\"http:\/\/www.w3.org\/2000\/svg\"><path d=\"M347.94 129.86L203.6 195.83a31.938 31.938 0 0 0-15.77 15.77l-65.97 144.34c-7.61 16.65 9.54 33.81 26.2 26.2l144.34-65.97a31.938 31.938 0 0 0 15.77-15.77l65.97-144.34c7.61-16.66-9.54-33.81-26.2-26.2zm-77.36 148.72c-12.47 12.47-32.69 12.47-45.16 0-12.47-12.47-12.47-32.69 0-45.16 12.47-12.47 32.69-12.47 45.16 0 12.47 12.47 12.47 32.69 0 45.16zM248 8C111.03 8 0 119.03 0 256s111.03 248 248 248 248-111.03 248-248S384.97 8 248 8zm0 448c-110.28 0-200-89.72-200-200S137.72 56 248 56s200 89.72 200 200-89.72 200-200 200z\"><\/path><\/svg>\t\t\t\t<\/span>\n\t\t\t<\/div>\n\t\t\t\n\t\t\t\t\t\t<div class=\"elementor-icon-box-content\">\n\n\t\t\t\t\t\t\t\t\t<h3 class=\"elementor-icon-box-title\">\n\t\t\t\t\t\t<span  >\n\t\t\t\t\t\t\tSeitsem\u00e4n tien risteys\t\t\t\t\t\t<\/span>\n\t\t\t\t\t<\/h3>\n\t\t\t\t\n\t\t\t\t\n\t\t\t<\/div>\n\t\t\t\n\t\t<\/div>\n\t\t\t\t\t\t<\/div>\n\t\t\t\t<div class=\"elementor-element elementor-element-3a96a308 elementor-widget-divider--view-line elementor-widget elementor-widget-divider\" data-id=\"3a96a308\" data-element_type=\"widget\" data-e-type=\"widget\" data-widget_type=\"divider.default\">\n\t\t\t\t\t\t\t<div class=\"elementor-divider\">\n\t\t\t<span class=\"elementor-divider-separator\">\n\t\t\t\t\t\t<\/span>\n\t\t<\/div>\n\t\t\t\t\t\t<\/div>\n\t\t\t\t\t<\/div>\n\t\t<\/div>\n\t\t\t\t\t<\/div>\n\t\t<\/section>\n\t\t\t\t<section class=\"elementor-section elementor-top-section elementor-element elementor-element-cd2ef97 elementor-section-boxed elementor-section-height-default elementor-section-height-default\" data-id=\"cd2ef97\" data-element_type=\"section\" data-e-type=\"section\">\n\t\t\t\t\t\t<div class=\"elementor-container elementor-column-gap-default\">\n\t\t\t\t\t<div class=\"elementor-column elementor-col-50 elementor-top-column elementor-element elementor-element-1b3a98b\" data-id=\"1b3a98b\" data-element_type=\"column\" data-e-type=\"column\">\n\t\t\t<div class=\"elementor-widget-wrap elementor-element-populated\">\n\t\t\t\t\t\t<div class=\"elementor-element elementor-element-ed90ad7 elementor-widget elementor-widget-text-editor\" data-id=\"ed90ad7\" data-element_type=\"widget\" data-e-type=\"widget\" data-widget_type=\"text-editor.default\">\n\t\t\t\t\t\t\t\t\t<p>Vanhassa muhulaisessa perinteess\u00e4 on riste\u00e4vi\u00e4 teit\u00e4 yleens\u00e4 kolme. Nelj\u00e4n tien risteym\u00e4 on harvinainen. Se on kuitenkin paikka, jossa voi torjuta pahan voimien vaikutusta ja varmistaa n\u00e4in itselleen suotuisa el\u00e4m\u00e4nkulku. Voidaan suorittaa my\u00f6s pahaa poistavia riittej\u00e4 terveyden parantamiseen.<\/p>\n<p>Luonnosta l\u00f6ytyy hyv\u00e4n s\u00e4teilyn omaavia paikkoja, joista my\u00f6s villiel\u00e4imet pit\u00e4v\u00e4t. Jos villiel\u00e4inten polkuja alkavat k\u00e4ytt\u00e4\u00e4 my\u00f6s ihmiset, n\u00e4in saattaa synty\u00e4 maaginen seitsem\u00e4n tien risteys. Se on sopiva paikka Metsavanan (suomalaisten Tapion, komien Tennin) tervehtimiseen. Se sijaitsee meill\u00e4 kaikilla l\u00e4nnen suunnassa. Kun olemme k\u00e4yneet mets\u00e4ss\u00e4 k\u00e4velem\u00e4ss\u00e4, palaamme sielt\u00e4 virkein\u00e4 \u2013 olemme saaneet osamme Tapion tarjoamista taikavoimista eli mets\u00e4n bios\u00e4hk\u00f6magneettisesta kent\u00e4st\u00e4. Tapiolle on hyv\u00e4n tahdon eleen\u00e4 j\u00e4tett\u00e4v\u00e4 l\u00e4nnen suunnalle antimia. Linnut eiv\u00e4t silloin pel\u00e4sty meit\u00e4, villiel\u00e4imet eiv\u00e4t pakene ja itse koemme, ett\u00e4 meid\u00e4t on hyv\u00e4ksytty Tapion valtakuntaan antimia.<\/p>\n<p>Seitsem\u00e4n tien risteyksess\u00e4 voimme tervehti\u00e4 Ukko-ylijumalaa. Ukon tervehtimiseen on koputettava kolme kertaa toivomusten kiveen. Ukko v\u00e4litt\u00e4\u00e4 toivomusriittej\u00e4. Emme toivo mit\u00e4\u00e4n itsellemme, sill\u00e4 sellainen toivomus saattaa olla jonkun toisen kannalta ahdistava. Voimme toivoa hyv\u00e4\u00e4 yhdelle ihmiselle, perheellemme, isommalle tai pienemm\u00e4lle ryhm\u00e4lle, kansallemme tai ihmiskunnalle. L\u00e4hdemme siit\u00e4, ett\u00e4 jos l\u00e4heisemme ovat onnellisia, me itsekin olemme onnellisia. N\u00e4in yksinkertaista se on. Toivomusta ei saa lausua julki, muuten siihen k\u00e4tkeytyv\u00e4 voima v\u00e4henee. Kivin ter\u00e4v\u00e4mm\u00e4ll\u00e4 k\u00e4rjelle koputetaan toivomusten kivin painanteeseen, polvi voisi ottaa toivomuskivest\u00e4 tukea, sill\u00e4 kivi on t\u00e4m\u00e4n paikan voimakent\u00e4n v\u00e4litt\u00e4j\u00e4.<\/p>\n<p>Meid\u00e4n esivanhempien suhde luontoon oli hyvin yksityinen ja muista ihmisist\u00e4 riippumaton, se tarkoitti itsens\u00e4 etsimist\u00e4 ja oman sielunmaiseman rakentamista.<\/p>\t\t\t\t\t\t\t\t<\/div>\n\t\t\t\t\t<\/div>\n\t\t<\/div>\n\t\t\t\t<div class=\"elementor-column elementor-col-50 elementor-top-column elementor-element elementor-element-009131a\" data-id=\"009131a\" data-element_type=\"column\" data-e-type=\"column\">\n\t\t\t<div class=\"elementor-widget-wrap elementor-element-populated\">\n\t\t\t\t\t\t<div class=\"elementor-element elementor-element-dc0a084 elementor-widget elementor-widget-image\" data-id=\"dc0a084\" data-element_type=\"widget\" data-e-type=\"widget\" data-widget_type=\"image.default\">\n\t\t\t\t\t\t\t\t\t\t\t\t\t\t\t<img fetchpriority=\"high\" decoding=\"async\" width=\"1024\" height=\"679\" src=\"https:\/\/www.tihuse.ee\/wp-content\/uploads\/2022\/01\/DSC_0048-1024x679.jpg\" class=\"attachment-large size-large wp-image-928\" alt=\"\" srcset=\"https:\/\/www.tihuse.ee\/wp-content\/uploads\/2022\/01\/DSC_0048-1024x679.jpg 1024w, https:\/\/www.tihuse.ee\/wp-content\/uploads\/2022\/01\/DSC_0048-300x199.jpg 300w, https:\/\/www.tihuse.ee\/wp-content\/uploads\/2022\/01\/DSC_0048-768x509.jpg 768w, https:\/\/www.tihuse.ee\/wp-content\/uploads\/2022\/01\/DSC_0048-1536x1019.jpg 1536w, https:\/\/www.tihuse.ee\/wp-content\/uploads\/2022\/01\/DSC_0048-2048x1358.jpg 2048w\" sizes=\"(max-width: 1024px) 100vw, 1024px\" \/>\t\t\t\t\t\t\t\t\t\t\t\t\t\t\t<\/div>\n\t\t\t\t\t<\/div>\n\t\t<\/div>\n\t\t\t\t\t<\/div>\n\t\t<\/section>\n\t\t\t\t<\/div>\n\t\t","protected":false},"excerpt":{"rendered":"<p>7- tien risteys Seitsem\u00e4n tien risteys Vanhassa muhulaisessa perinteess\u00e4 on riste\u00e4vi\u00e4 teit\u00e4 yleens\u00e4 kolme. Nelj\u00e4n tien risteym\u00e4 on harvinainen. Se on kuitenkin paikka, jossa voi torjuta pahan voimien vaikutusta ja varmistaa n\u00e4in itselleen suotuisa el\u00e4m\u00e4nkulku. Voidaan suorittaa my\u00f6s pahaa poistavia riittej\u00e4 terveyden parantamiseen. Luonnosta l\u00f6ytyy hyv\u00e4n s\u00e4teilyn omaavia paikkoja, joista my\u00f6s villiel\u00e4imet pit\u00e4v\u00e4t. Jos villiel\u00e4inten [&hellip;]<\/p>\n","protected":false},"author":1,"featured_media":0,"parent":0,"menu_order":0,"comment_status":"closed","ping_status":"closed","template":"","meta":{"site-sidebar-layout":"no-sidebar","site-content-layout":"page-builder","ast-site-content-layout":"default","site-content-style":"default","site-sidebar-style":"default","ast-global-header-display":"","ast-banner-title-visibility":"","ast-main-header-display":"","ast-hfb-above-header-display":"","ast-hfb-below-header-display":"","ast-hfb-mobile-header-display":"","site-post-title":"disabled","ast-breadcrumbs-content":"","ast-featured-img":"disabled","footer-sml-layout":"","ast-disable-related-posts":"","theme-transparent-header-meta":"","adv-header-id-meta":"","stick-header-meta":"","header-above-stick-meta":"","header-main-stick-meta":"","header-below-stick-meta":"","astra-migrate-meta-layouts":"default","ast-page-background-enabled":"default","ast-page-background-meta":{"desktop":{"background-color":"var(--ast-global-color-4)","background-image":"","background-repeat":"repeat","background-position":"center center","background-size":"auto","background-attachment":"scroll","background-type":"","background-media":"","overlay-type":"","overlay-color":"","overlay-opacity":"","overlay-gradient":""},"tablet":{"background-color":"","background-image":"","background-repeat":"repeat","background-position":"center center","background-size":"auto","background-attachment":"scroll","background-type":"","background-media":"","overlay-type":"","overlay-color":"","overlay-opacity":"","overlay-gradient":""},"mobile":{"background-color":"","background-image":"","background-repeat":"repeat","background-position":"center center","background-size":"auto","background-attachment":"scroll","background-type":"","background-media":"","overlay-type":"","overlay-color":"","overlay-opacity":"","overlay-gradient":""}},"ast-content-background-meta":{"desktop":{"background-color":"var(--ast-global-color-5)","background-image":"","background-repeat":"repeat","background-position":"center center","background-size":"auto","background-attachment":"scroll","background-type":"","background-media":"","overlay-type":"","overlay-color":"","overlay-opacity":"","overlay-gradient":""},"tablet":{"background-color":"var(--ast-global-color-5)","background-image":"","background-repeat":"repeat","background-position":"center center","background-size":"auto","background-attachment":"scroll","background-type":"","background-media":"","overlay-type":"","overlay-color":"","overlay-opacity":"","overlay-gradient":""},"mobile":{"background-color":"var(--ast-global-color-5)","background-image":"","background-repeat":"repeat","background-position":"center center","background-size":"auto","background-attachment":"scroll","background-type":"","background-media":"","overlay-type":"","overlay-color":"","overlay-opacity":"","overlay-gradient":""}},"footnotes":""},"class_list":["post-1202","page","type-page","status-publish","hentry"],"yoast_head":"<!-- This site is optimized with the Yoast SEO plugin v27.3 - https:\/\/yoast.com\/product\/yoast-seo-wordpress\/ -->\n<title>7- tien risteys - Tihuse | Hobuturismitalu Muhu saarel<\/title>\n<meta name=\"robots\" content=\"index, follow, max-snippet:-1, max-image-preview:large, max-video-preview:-1\" \/>\n<link rel=\"canonical\" href=\"https:\/\/www.tihuse.ee\/7-tee-rist\/\" \/>\n<meta property=\"og:locale\" content=\"fi_FI\" \/>\n<meta property=\"og:type\" content=\"article\" \/>\n<meta property=\"og:title\" content=\"7- tien risteys - Tihuse | Hobuturismitalu Muhu saarel\" \/>\n<meta property=\"og:description\" content=\"7- tien risteys Seitsem\u00e4n tien risteys Vanhassa muhulaisessa perinteess\u00e4 on riste\u00e4vi\u00e4 teit\u00e4 yleens\u00e4 kolme. Nelj\u00e4n tien risteym\u00e4 on harvinainen. Se on kuitenkin paikka, jossa voi torjuta pahan voimien vaikutusta ja varmistaa n\u00e4in itselleen suotuisa el\u00e4m\u00e4nkulku. Voidaan suorittaa my\u00f6s pahaa poistavia riittej\u00e4 terveyden parantamiseen. Luonnosta l\u00f6ytyy hyv\u00e4n s\u00e4teilyn omaavia paikkoja, joista my\u00f6s villiel\u00e4imet pit\u00e4v\u00e4t. Jos villiel\u00e4inten [&hellip;]\" \/>\n<meta property=\"og:url\" content=\"https:\/\/www.tihuse.ee\/7-tee-rist\/\" \/>\n<meta property=\"og:site_name\" content=\"Tihuse | Hobuturismitalu Muhu saarel\" \/>\n<meta property=\"article:modified_time\" content=\"2022-01-11T16:47:46+00:00\" \/>\n<meta property=\"og:image\" content=\"https:\/\/www.tihuse.ee\/wp-content\/uploads\/2022\/01\/DSC_0048.jpg\" \/>\n\t<meta property=\"og:image:width\" content=\"2256\" \/>\n\t<meta property=\"og:image:height\" content=\"1496\" \/>\n\t<meta property=\"og:image:type\" content=\"image\/jpeg\" \/>\n<meta name=\"twitter:card\" content=\"summary_large_image\" \/>\n<meta name=\"twitter:label1\" content=\"Arvioitu lukuaika\" \/>\n\t<meta name=\"twitter:data1\" content=\"1 minuutti\" \/>\n<script type=\"application\/ld+json\" class=\"yoast-schema-graph\">{\"@context\":\"https:\\\/\\\/schema.org\",\"@graph\":[{\"@type\":\"WebPage\",\"@id\":\"https:\\\/\\\/www.tihuse.ee\\\/7-tee-rist\\\/\",\"url\":\"https:\\\/\\\/www.tihuse.ee\\\/7-tee-rist\\\/\",\"name\":\"7- tien risteys - Tihuse | Hobuturismitalu Muhu saarel\",\"isPartOf\":{\"@id\":\"https:\\\/\\\/www.tihuse.ee\\\/#website\"},\"primaryImageOfPage\":{\"@id\":\"https:\\\/\\\/www.tihuse.ee\\\/7-tee-rist\\\/#primaryimage\"},\"image\":{\"@id\":\"https:\\\/\\\/www.tihuse.ee\\\/7-tee-rist\\\/#primaryimage\"},\"thumbnailUrl\":\"https:\\\/\\\/www.tihuse.ee\\\/wp-content\\\/uploads\\\/2022\\\/01\\\/DSC_0048-1024x679.jpg\",\"datePublished\":\"2022-01-04T16:55:57+00:00\",\"dateModified\":\"2022-01-11T16:47:46+00:00\",\"breadcrumb\":{\"@id\":\"https:\\\/\\\/www.tihuse.ee\\\/7-tee-rist\\\/#breadcrumb\"},\"inLanguage\":\"fi\",\"potentialAction\":[{\"@type\":\"ReadAction\",\"target\":[\"https:\\\/\\\/www.tihuse.ee\\\/7-tee-rist\\\/\"]}]},{\"@type\":\"ImageObject\",\"inLanguage\":\"fi\",\"@id\":\"https:\\\/\\\/www.tihuse.ee\\\/7-tee-rist\\\/#primaryimage\",\"url\":\"https:\\\/\\\/www.tihuse.ee\\\/wp-content\\\/uploads\\\/2022\\\/01\\\/DSC_0048-1024x679.jpg\",\"contentUrl\":\"https:\\\/\\\/www.tihuse.ee\\\/wp-content\\\/uploads\\\/2022\\\/01\\\/DSC_0048-1024x679.jpg\"},{\"@type\":\"BreadcrumbList\",\"@id\":\"https:\\\/\\\/www.tihuse.ee\\\/7-tee-rist\\\/#breadcrumb\",\"itemListElement\":[{\"@type\":\"ListItem\",\"position\":1,\"name\":\"Home\",\"item\":\"https:\\\/\\\/www.tihuse.ee\\\/fi\\\/\"},{\"@type\":\"ListItem\",\"position\":2,\"name\":\"7- tien risteys\"}]},{\"@type\":\"WebSite\",\"@id\":\"https:\\\/\\\/www.tihuse.ee\\\/#website\",\"url\":\"https:\\\/\\\/www.tihuse.ee\\\/\",\"name\":\"Tihuse | Hobuturismitalu Muhu saarel\",\"description\":\"\",\"publisher\":{\"@id\":\"https:\\\/\\\/www.tihuse.ee\\\/#organization\"},\"potentialAction\":[{\"@type\":\"SearchAction\",\"target\":{\"@type\":\"EntryPoint\",\"urlTemplate\":\"https:\\\/\\\/www.tihuse.ee\\\/?s={search_term_string}\"},\"query-input\":{\"@type\":\"PropertyValueSpecification\",\"valueRequired\":true,\"valueName\":\"search_term_string\"}}],\"inLanguage\":\"fi\"},{\"@type\":\"Organization\",\"@id\":\"https:\\\/\\\/www.tihuse.ee\\\/#organization\",\"name\":\"Tihuse | Hobuturismitalu Muhu saarel\",\"url\":\"https:\\\/\\\/www.tihuse.ee\\\/\",\"logo\":{\"@type\":\"ImageObject\",\"inLanguage\":\"fi\",\"@id\":\"https:\\\/\\\/www.tihuse.ee\\\/#\\\/schema\\\/logo\\\/image\\\/\",\"url\":\"https:\\\/\\\/www.tihuse.ee\\\/wp-content\\\/uploads\\\/2022\\\/01\\\/TIHUSE-Logo.png\",\"contentUrl\":\"https:\\\/\\\/www.tihuse.ee\\\/wp-content\\\/uploads\\\/2022\\\/01\\\/TIHUSE-Logo.png\",\"width\":1488,\"height\":1340,\"caption\":\"Tihuse | Hobuturismitalu Muhu saarel\"},\"image\":{\"@id\":\"https:\\\/\\\/www.tihuse.ee\\\/#\\\/schema\\\/logo\\\/image\\\/\"}}]}<\/script>\n<!-- \/ Yoast SEO plugin. -->","yoast_head_json":{"title":"7- tien risteys - Tihuse | Hobuturismitalu Muhu saarel","robots":{"index":"index","follow":"follow","max-snippet":"max-snippet:-1","max-image-preview":"max-image-preview:large","max-video-preview":"max-video-preview:-1"},"canonical":"https:\/\/www.tihuse.ee\/7-tee-rist\/","og_locale":"fi_FI","og_type":"article","og_title":"7- tien risteys - Tihuse | Hobuturismitalu Muhu saarel","og_description":"7- tien risteys Seitsem\u00e4n tien risteys Vanhassa muhulaisessa perinteess\u00e4 on riste\u00e4vi\u00e4 teit\u00e4 yleens\u00e4 kolme. Nelj\u00e4n tien risteym\u00e4 on harvinainen. Se on kuitenkin paikka, jossa voi torjuta pahan voimien vaikutusta ja varmistaa n\u00e4in itselleen suotuisa el\u00e4m\u00e4nkulku. Voidaan suorittaa my\u00f6s pahaa poistavia riittej\u00e4 terveyden parantamiseen. Luonnosta l\u00f6ytyy hyv\u00e4n s\u00e4teilyn omaavia paikkoja, joista my\u00f6s villiel\u00e4imet pit\u00e4v\u00e4t. Jos villiel\u00e4inten [&hellip;]","og_url":"https:\/\/www.tihuse.ee\/7-tee-rist\/","og_site_name":"Tihuse | Hobuturismitalu Muhu saarel","article_modified_time":"2022-01-11T16:47:46+00:00","og_image":[{"width":2256,"height":1496,"url":"https:\/\/www.tihuse.ee\/wp-content\/uploads\/2022\/01\/DSC_0048.jpg","type":"image\/jpeg"}],"twitter_card":"summary_large_image","twitter_misc":{"Arvioitu lukuaika":"1 minuutti"},"schema":{"@context":"https:\/\/schema.org","@graph":[{"@type":"WebPage","@id":"https:\/\/www.tihuse.ee\/7-tee-rist\/","url":"https:\/\/www.tihuse.ee\/7-tee-rist\/","name":"7- tien risteys - Tihuse | Hobuturismitalu Muhu saarel","isPartOf":{"@id":"https:\/\/www.tihuse.ee\/#website"},"primaryImageOfPage":{"@id":"https:\/\/www.tihuse.ee\/7-tee-rist\/#primaryimage"},"image":{"@id":"https:\/\/www.tihuse.ee\/7-tee-rist\/#primaryimage"},"thumbnailUrl":"https:\/\/www.tihuse.ee\/wp-content\/uploads\/2022\/01\/DSC_0048-1024x679.jpg","datePublished":"2022-01-04T16:55:57+00:00","dateModified":"2022-01-11T16:47:46+00:00","breadcrumb":{"@id":"https:\/\/www.tihuse.ee\/7-tee-rist\/#breadcrumb"},"inLanguage":"fi","potentialAction":[{"@type":"ReadAction","target":["https:\/\/www.tihuse.ee\/7-tee-rist\/"]}]},{"@type":"ImageObject","inLanguage":"fi","@id":"https:\/\/www.tihuse.ee\/7-tee-rist\/#primaryimage","url":"https:\/\/www.tihuse.ee\/wp-content\/uploads\/2022\/01\/DSC_0048-1024x679.jpg","contentUrl":"https:\/\/www.tihuse.ee\/wp-content\/uploads\/2022\/01\/DSC_0048-1024x679.jpg"},{"@type":"BreadcrumbList","@id":"https:\/\/www.tihuse.ee\/7-tee-rist\/#breadcrumb","itemListElement":[{"@type":"ListItem","position":1,"name":"Home","item":"https:\/\/www.tihuse.ee\/fi\/"},{"@type":"ListItem","position":2,"name":"7- tien risteys"}]},{"@type":"WebSite","@id":"https:\/\/www.tihuse.ee\/#website","url":"https:\/\/www.tihuse.ee\/","name":"Tihuse | Hobuturismitalu Muhu saarel","description":"","publisher":{"@id":"https:\/\/www.tihuse.ee\/#organization"},"potentialAction":[{"@type":"SearchAction","target":{"@type":"EntryPoint","urlTemplate":"https:\/\/www.tihuse.ee\/?s={search_term_string}"},"query-input":{"@type":"PropertyValueSpecification","valueRequired":true,"valueName":"search_term_string"}}],"inLanguage":"fi"},{"@type":"Organization","@id":"https:\/\/www.tihuse.ee\/#organization","name":"Tihuse | Hobuturismitalu Muhu saarel","url":"https:\/\/www.tihuse.ee\/","logo":{"@type":"ImageObject","inLanguage":"fi","@id":"https:\/\/www.tihuse.ee\/#\/schema\/logo\/image\/","url":"https:\/\/www.tihuse.ee\/wp-content\/uploads\/2022\/01\/TIHUSE-Logo.png","contentUrl":"https:\/\/www.tihuse.ee\/wp-content\/uploads\/2022\/01\/TIHUSE-Logo.png","width":1488,"height":1340,"caption":"Tihuse | Hobuturismitalu Muhu saarel"},"image":{"@id":"https:\/\/www.tihuse.ee\/#\/schema\/logo\/image\/"}}]}},"_links":{"self":[{"href":"https:\/\/www.tihuse.ee\/fi\/wp-json\/wp\/v2\/pages\/1202","targetHints":{"allow":["GET"]}}],"collection":[{"href":"https:\/\/www.tihuse.ee\/fi\/wp-json\/wp\/v2\/pages"}],"about":[{"href":"https:\/\/www.tihuse.ee\/fi\/wp-json\/wp\/v2\/types\/page"}],"author":[{"embeddable":true,"href":"https:\/\/www.tihuse.ee\/fi\/wp-json\/wp\/v2\/users\/1"}],"replies":[{"embeddable":true,"href":"https:\/\/www.tihuse.ee\/fi\/wp-json\/wp\/v2\/comments?post=1202"}],"version-history":[{"count":5,"href":"https:\/\/www.tihuse.ee\/fi\/wp-json\/wp\/v2\/pages\/1202\/revisions"}],"predecessor-version":[{"id":1276,"href":"https:\/\/www.tihuse.ee\/fi\/wp-json\/wp\/v2\/pages\/1202\/revisions\/1276"}],"wp:attachment":[{"href":"https:\/\/www.tihuse.ee\/fi\/wp-json\/wp\/v2\/media?parent=1202"}],"curies":[{"name":"wp","href":"https:\/\/api.w.org\/{rel}","templated":true}]}}