{"id":1220,"date":"2022-01-04T17:01:19","date_gmt":"2022-01-04T17:01:19","guid":{"rendered":"https:\/\/www.tihuse.ee\/parase-tondikivi\/"},"modified":"2022-01-13T11:51:09","modified_gmt":"2022-01-13T11:51:09","slug":"parase-tondikivi","status":"publish","type":"page","link":"https:\/\/www.tihuse.ee\/fi\/parase-tondikivi\/","title":{"rendered":"P\u00e4rasen tondikivi"},"content":{"rendered":"\t\t<div data-elementor-type=\"wp-page\" data-elementor-id=\"1220\" class=\"elementor elementor-1220 elementor-618\">\n\t\t\t\t\t\t<section class=\"elementor-section elementor-top-section elementor-element elementor-element-190176ac elementor-section-boxed elementor-section-height-default elementor-section-height-default\" data-id=\"190176ac\" data-element_type=\"section\" data-e-type=\"section\" data-settings=\"{&quot;background_background&quot;:&quot;classic&quot;}\">\n\t\t\t\t\t\t<div class=\"elementor-container elementor-column-gap-default\">\n\t\t\t\t\t<div class=\"elementor-column elementor-col-100 elementor-top-column elementor-element elementor-element-14f31c10\" data-id=\"14f31c10\" data-element_type=\"column\" data-e-type=\"column\">\n\t\t\t<div class=\"elementor-widget-wrap elementor-element-populated\">\n\t\t\t\t\t\t<div class=\"elementor-element elementor-element-2b9598c1 elementor-widget__width-auto elementor-widget elementor-widget-heading\" data-id=\"2b9598c1\" data-element_type=\"widget\" data-e-type=\"widget\" data-widget_type=\"heading.default\">\n\t\t\t\t\t<h2 class=\"elementor-heading-title elementor-size-default\">P\u00e4rasen tondikivi<\/h2>\t\t\t\t<\/div>\n\t\t\t\t\t<\/div>\n\t\t<\/div>\n\t\t\t\t\t<\/div>\n\t\t<\/section>\n\t\t\t\t<section class=\"elementor-section elementor-top-section elementor-element elementor-element-34854bf2 elementor-section-boxed elementor-section-height-default elementor-section-height-default\" data-id=\"34854bf2\" data-element_type=\"section\" data-e-type=\"section\">\n\t\t\t\t\t\t<div class=\"elementor-container elementor-column-gap-default\">\n\t\t\t\t\t<div class=\"elementor-column elementor-col-100 elementor-top-column elementor-element elementor-element-795a1ce5\" data-id=\"795a1ce5\" data-element_type=\"column\" data-e-type=\"column\">\n\t\t\t<div class=\"elementor-widget-wrap elementor-element-populated\">\n\t\t\t\t\t\t<div class=\"elementor-element elementor-element-1826014f elementor-position-inline-start elementor-view-default elementor-mobile-position-block-start elementor-widget elementor-widget-icon-box\" data-id=\"1826014f\" data-element_type=\"widget\" data-e-type=\"widget\" data-widget_type=\"icon-box.default\">\n\t\t\t\t\t\t\t<div class=\"elementor-icon-box-wrapper\">\n\n\t\t\t\t\t\t<div class=\"elementor-icon-box-icon\">\n\t\t\t\t<span  class=\"elementor-icon\">\n\t\t\t\t<svg aria-hidden=\"true\" class=\"e-font-icon-svg e-far-compass\" viewBox=\"0 0 496 512\" xmlns=\"http:\/\/www.w3.org\/2000\/svg\"><path d=\"M347.94 129.86L203.6 195.83a31.938 31.938 0 0 0-15.77 15.77l-65.97 144.34c-7.61 16.65 9.54 33.81 26.2 26.2l144.34-65.97a31.938 31.938 0 0 0 15.77-15.77l65.97-144.34c7.61-16.66-9.54-33.81-26.2-26.2zm-77.36 148.72c-12.47 12.47-32.69 12.47-45.16 0-12.47-12.47-12.47-32.69 0-45.16 12.47-12.47 32.69-12.47 45.16 0 12.47 12.47 12.47 32.69 0 45.16zM248 8C111.03 8 0 119.03 0 256s111.03 248 248 248 248-111.03 248-248S384.97 8 248 8zm0 448c-110.28 0-200-89.72-200-200S137.72 56 248 56s200 89.72 200 200-89.72 200-200 200z\"><\/path><\/svg>\t\t\t\t<\/span>\n\t\t\t<\/div>\n\t\t\t\n\t\t\t\t\t\t<div class=\"elementor-icon-box-content\">\n\n\t\t\t\t\t\t\t\t\t<h3 class=\"elementor-icon-box-title\">\n\t\t\t\t\t\t<span  >\n\t\t\t\t\t\t\tP\u00e4rasen tondikivi\t\t\t\t\t\t<\/span>\n\t\t\t\t\t<\/h3>\n\t\t\t\t\n\t\t\t\t\n\t\t\t<\/div>\n\t\t\t\n\t\t<\/div>\n\t\t\t\t\t\t<\/div>\n\t\t\t\t<div class=\"elementor-element elementor-element-3a96a308 elementor-widget-divider--view-line elementor-widget elementor-widget-divider\" data-id=\"3a96a308\" data-element_type=\"widget\" data-e-type=\"widget\" data-widget_type=\"divider.default\">\n\t\t\t\t\t\t\t<div class=\"elementor-divider\">\n\t\t\t<span class=\"elementor-divider-separator\">\n\t\t\t\t\t\t<\/span>\n\t\t<\/div>\n\t\t\t\t\t\t<\/div>\n\t\t\t\t\t<\/div>\n\t\t<\/div>\n\t\t\t\t\t<\/div>\n\t\t<\/section>\n\t\t\t\t<section class=\"elementor-section elementor-top-section elementor-element elementor-element-cd2ef97 elementor-section-boxed elementor-section-height-default elementor-section-height-default\" data-id=\"cd2ef97\" data-element_type=\"section\" data-e-type=\"section\">\n\t\t\t\t\t\t<div class=\"elementor-container elementor-column-gap-default\">\n\t\t\t\t\t<div class=\"elementor-column elementor-col-50 elementor-top-column elementor-element elementor-element-1b3a98b\" data-id=\"1b3a98b\" data-element_type=\"column\" data-e-type=\"column\">\n\t\t\t<div class=\"elementor-widget-wrap elementor-element-populated\">\n\t\t\t\t\t\t<div class=\"elementor-element elementor-element-ed90ad7 elementor-widget elementor-widget-text-editor\" data-id=\"ed90ad7\" data-element_type=\"widget\" data-e-type=\"widget\" data-widget_type=\"text-editor.default\">\n\t\t\t\t\t\t\t\t\t<p>Tondikivi eli haamukivi on kielteinen v\u00e4kikentt\u00e4 omaava paikka, joka varoitti esi-isi\u00e4mme pahoilta aikomuksilta.<\/p><p>T\u00e4ss\u00e4 on n\u00e4hty monenlaisia n\u00e4kemyksi\u00e4:<br \/>Vassili Hobustkoppel (1896-1978) oli poikasena auringonlaskun aikaan t\u00e4t\u00e4 kautta lehmi\u00e4 kotiin paimentaessa omin silmin n\u00e4hnyt, miten pieni tumma mustapukuinen miekkonen t\u00e4ss\u00e4 sormin nurmea raapi ja kipin\u00e4t lensiv\u00e4t nurmikosta kiven yli. Er\u00e4s Vahtraste-kyl\u00e4n mies oli keskiy\u00f6n paikkeilla kokenut, miten hevonen alkoi kiven kohdalla yht\u00e4kki\u00e4 vet\u00e4\u00e4 vankkureita kaikin voimin. Kun mies katsoi olkansa yli, h\u00e4n huomasi vankkurien per\u00e4ll\u00e4 tumman hahmon, joka ennen L\u00f5etsan puroa liukui vankkurien per\u00e4lt\u00e4 pois, koska pahat henget eiv\u00e4t p\u00e4\u00e4se veden yli. Hevonen jatkoi sen j\u00e4lkeen matkaa kevein askelin.<\/p><p>Tondikivin voi kansanperinteess\u00e4 liitt\u00e4\u00e4 my\u00f6s ristinuskon vaikutuksiin. Hyv\u00e4 ja paha on muinaiskulttuurissa erottamattomasti toisiin kiedottu ja ne muodostavat kesken\u00e4\u00e4n kokonaisuuden, joka avaa ilmi\u00f6n sis\u00e4ll\u00f6n. Ristinuskossa jumala ja paholainen ovat toinen toisensa vastap\u00e4it\u00e4. Kun hyv\u00e4 (jumala) ja paha (paholainen) on erotettu toisistaan, kyl\u00e4l\u00e4isen piti paha sen ymm\u00e4rt\u00e4miseen inhimillist\u00e4\u00e4. Ihmiset osasivat kansantarinoissa toimia ovelammin kuin itse paholainen, jota neuvottiin laittamaan sormet niiden l\u00e4mmitt\u00e4miseen p\u00f6llin halkeamaan ja iskettiin sen j\u00e4lkeen kiila v\u00e4list\u00e4 pois.<\/p><p>Paholainen on toisaalta virolaisessa uudemman ajan perinnetarinoissa hyvin inhimillinen hahmo: \u201dEi paholainen ole paha mies, sill\u00e4 on antelias ja hyv\u00e4 syd\u00e4n rinnassaan\u201d.<\/p><p>Humalaiset kyl\u00e4l\u00e4iset ovat joutuneet haamukiven luona vaikeuksiin, jos uhrilahjaksi ei ole ollut olutta tai viinaa antaa. T\u00e4nne ei saa tulla, jos omantunto painaa, silloin saattaa menett\u00e4\u00e4 mielenrauhan. Ennen t\u00e4nne tuloa meid\u00e4n tulee saada sieluumme ja erehdyksiimme selkeytt\u00e4.<\/p>\t\t\t\t\t\t\t\t<\/div>\n\t\t\t\t\t<\/div>\n\t\t<\/div>\n\t\t\t\t<div class=\"elementor-column elementor-col-50 elementor-top-column elementor-element elementor-element-009131a\" data-id=\"009131a\" data-element_type=\"column\" data-e-type=\"column\">\n\t\t\t<div class=\"elementor-widget-wrap elementor-element-populated\">\n\t\t\t\t\t\t<div class=\"elementor-element elementor-element-dc0a084 elementor-widget elementor-widget-image\" data-id=\"dc0a084\" data-element_type=\"widget\" data-e-type=\"widget\" data-widget_type=\"image.default\">\n\t\t\t\t\t\t\t\t\t\t\t\t\t\t\t<img fetchpriority=\"high\" decoding=\"async\" width=\"1000\" height=\"665\" src=\"https:\/\/www.tihuse.ee\/wp-content\/uploads\/2022\/01\/DSC_0012.jpg\" class=\"attachment-large size-large wp-image-908\" alt=\"\" srcset=\"https:\/\/www.tihuse.ee\/wp-content\/uploads\/2022\/01\/DSC_0012.jpg 1000w, https:\/\/www.tihuse.ee\/wp-content\/uploads\/2022\/01\/DSC_0012-300x200.jpg 300w, https:\/\/www.tihuse.ee\/wp-content\/uploads\/2022\/01\/DSC_0012-768x511.jpg 768w\" sizes=\"(max-width: 1000px) 100vw, 1000px\" \/>\t\t\t\t\t\t\t\t\t\t\t\t\t\t\t<\/div>\n\t\t\t\t\t<\/div>\n\t\t<\/div>\n\t\t\t\t\t<\/div>\n\t\t<\/section>\n\t\t\t\t<\/div>\n\t\t","protected":false},"excerpt":{"rendered":"<p>P\u00e4rasen tondikivi P\u00e4rasen tondikivi Tondikivi eli haamukivi on kielteinen v\u00e4kikentt\u00e4 omaava paikka, joka varoitti esi-isi\u00e4mme pahoilta aikomuksilta. T\u00e4ss\u00e4 on n\u00e4hty monenlaisia n\u00e4kemyksi\u00e4:Vassili Hobustkoppel (1896-1978) oli poikasena auringonlaskun aikaan t\u00e4t\u00e4 kautta lehmi\u00e4 kotiin paimentaessa omin silmin n\u00e4hnyt, miten pieni tumma mustapukuinen miekkonen t\u00e4ss\u00e4 sormin nurmea raapi ja kipin\u00e4t lensiv\u00e4t nurmikosta kiven yli. Er\u00e4s Vahtraste-kyl\u00e4n mies oli [&hellip;]<\/p>\n","protected":false},"author":1,"featured_media":0,"parent":0,"menu_order":0,"comment_status":"closed","ping_status":"closed","template":"","meta":{"site-sidebar-layout":"no-sidebar","site-content-layout":"page-builder","ast-site-content-layout":"default","site-content-style":"default","site-sidebar-style":"default","ast-global-header-display":"","ast-banner-title-visibility":"","ast-main-header-display":"","ast-hfb-above-header-display":"","ast-hfb-below-header-display":"","ast-hfb-mobile-header-display":"","site-post-title":"disabled","ast-breadcrumbs-content":"","ast-featured-img":"disabled","footer-sml-layout":"","ast-disable-related-posts":"","theme-transparent-header-meta":"","adv-header-id-meta":"","stick-header-meta":"","header-above-stick-meta":"","header-main-stick-meta":"","header-below-stick-meta":"","astra-migrate-meta-layouts":"default","ast-page-background-enabled":"default","ast-page-background-meta":{"desktop":{"background-color":"var(--ast-global-color-4)","background-image":"","background-repeat":"repeat","background-position":"center center","background-size":"auto","background-attachment":"scroll","background-type":"","background-media":"","overlay-type":"","overlay-color":"","overlay-opacity":"","overlay-gradient":""},"tablet":{"background-color":"","background-image":"","background-repeat":"repeat","background-position":"center center","background-size":"auto","background-attachment":"scroll","background-type":"","background-media":"","overlay-type":"","overlay-color":"","overlay-opacity":"","overlay-gradient":""},"mobile":{"background-color":"","background-image":"","background-repeat":"repeat","background-position":"center center","background-size":"auto","background-attachment":"scroll","background-type":"","background-media":"","overlay-type":"","overlay-color":"","overlay-opacity":"","overlay-gradient":""}},"ast-content-background-meta":{"desktop":{"background-color":"var(--ast-global-color-5)","background-image":"","background-repeat":"repeat","background-position":"center center","background-size":"auto","background-attachment":"scroll","background-type":"","background-media":"","overlay-type":"","overlay-color":"","overlay-opacity":"","overlay-gradient":""},"tablet":{"background-color":"var(--ast-global-color-5)","background-image":"","background-repeat":"repeat","background-position":"center center","background-size":"auto","background-attachment":"scroll","background-type":"","background-media":"","overlay-type":"","overlay-color":"","overlay-opacity":"","overlay-gradient":""},"mobile":{"background-color":"var(--ast-global-color-5)","background-image":"","background-repeat":"repeat","background-position":"center center","background-size":"auto","background-attachment":"scroll","background-type":"","background-media":"","overlay-type":"","overlay-color":"","overlay-opacity":"","overlay-gradient":""}},"footnotes":""},"class_list":["post-1220","page","type-page","status-publish","hentry"],"yoast_head":"<!-- This site is optimized with the Yoast SEO plugin v27.3 - https:\/\/yoast.com\/product\/yoast-seo-wordpress\/ -->\n<title>P\u00e4rasen tondikivi - Tihuse | Hobuturismitalu Muhu saarel<\/title>\n<meta name=\"robots\" content=\"index, follow, max-snippet:-1, max-image-preview:large, max-video-preview:-1\" \/>\n<link rel=\"canonical\" href=\"https:\/\/www.tihuse.ee\/parase-tondikivi\/\" \/>\n<meta property=\"og:locale\" content=\"fi_FI\" \/>\n<meta property=\"og:type\" content=\"article\" \/>\n<meta property=\"og:title\" content=\"P\u00e4rasen tondikivi - Tihuse | Hobuturismitalu Muhu saarel\" \/>\n<meta property=\"og:description\" content=\"P\u00e4rasen tondikivi P\u00e4rasen tondikivi Tondikivi eli haamukivi on kielteinen v\u00e4kikentt\u00e4 omaava paikka, joka varoitti esi-isi\u00e4mme pahoilta aikomuksilta. T\u00e4ss\u00e4 on n\u00e4hty monenlaisia n\u00e4kemyksi\u00e4:Vassili Hobustkoppel (1896-1978) oli poikasena auringonlaskun aikaan t\u00e4t\u00e4 kautta lehmi\u00e4 kotiin paimentaessa omin silmin n\u00e4hnyt, miten pieni tumma mustapukuinen miekkonen t\u00e4ss\u00e4 sormin nurmea raapi ja kipin\u00e4t lensiv\u00e4t nurmikosta kiven yli. Er\u00e4s Vahtraste-kyl\u00e4n mies oli [&hellip;]\" \/>\n<meta property=\"og:url\" content=\"https:\/\/www.tihuse.ee\/parase-tondikivi\/\" \/>\n<meta property=\"og:site_name\" content=\"Tihuse | Hobuturismitalu Muhu saarel\" \/>\n<meta property=\"article:modified_time\" content=\"2022-01-13T11:51:09+00:00\" \/>\n<meta property=\"og:image\" content=\"https:\/\/www.tihuse.ee\/wp-content\/uploads\/2022\/01\/DSC_0012.jpg\" \/>\n\t<meta property=\"og:image:width\" content=\"1000\" \/>\n\t<meta property=\"og:image:height\" content=\"665\" \/>\n\t<meta property=\"og:image:type\" content=\"image\/jpeg\" \/>\n<meta name=\"twitter:card\" content=\"summary_large_image\" \/>\n<meta name=\"twitter:label1\" content=\"Arvioitu lukuaika\" \/>\n\t<meta name=\"twitter:data1\" content=\"1 minuutti\" \/>\n<script type=\"application\/ld+json\" class=\"yoast-schema-graph\">{\"@context\":\"https:\\\/\\\/schema.org\",\"@graph\":[{\"@type\":\"WebPage\",\"@id\":\"https:\\\/\\\/www.tihuse.ee\\\/parase-tondikivi\\\/\",\"url\":\"https:\\\/\\\/www.tihuse.ee\\\/parase-tondikivi\\\/\",\"name\":\"P\u00e4rasen tondikivi - Tihuse | Hobuturismitalu Muhu saarel\",\"isPartOf\":{\"@id\":\"https:\\\/\\\/www.tihuse.ee\\\/#website\"},\"primaryImageOfPage\":{\"@id\":\"https:\\\/\\\/www.tihuse.ee\\\/parase-tondikivi\\\/#primaryimage\"},\"image\":{\"@id\":\"https:\\\/\\\/www.tihuse.ee\\\/parase-tondikivi\\\/#primaryimage\"},\"thumbnailUrl\":\"https:\\\/\\\/www.tihuse.ee\\\/wp-content\\\/uploads\\\/2022\\\/01\\\/DSC_0012.jpg\",\"datePublished\":\"2022-01-04T17:01:19+00:00\",\"dateModified\":\"2022-01-13T11:51:09+00:00\",\"breadcrumb\":{\"@id\":\"https:\\\/\\\/www.tihuse.ee\\\/parase-tondikivi\\\/#breadcrumb\"},\"inLanguage\":\"fi\",\"potentialAction\":[{\"@type\":\"ReadAction\",\"target\":[\"https:\\\/\\\/www.tihuse.ee\\\/parase-tondikivi\\\/\"]}]},{\"@type\":\"ImageObject\",\"inLanguage\":\"fi\",\"@id\":\"https:\\\/\\\/www.tihuse.ee\\\/parase-tondikivi\\\/#primaryimage\",\"url\":\"https:\\\/\\\/www.tihuse.ee\\\/wp-content\\\/uploads\\\/2022\\\/01\\\/DSC_0012.jpg\",\"contentUrl\":\"https:\\\/\\\/www.tihuse.ee\\\/wp-content\\\/uploads\\\/2022\\\/01\\\/DSC_0012.jpg\"},{\"@type\":\"BreadcrumbList\",\"@id\":\"https:\\\/\\\/www.tihuse.ee\\\/parase-tondikivi\\\/#breadcrumb\",\"itemListElement\":[{\"@type\":\"ListItem\",\"position\":1,\"name\":\"Home\",\"item\":\"https:\\\/\\\/www.tihuse.ee\\\/fi\\\/\"},{\"@type\":\"ListItem\",\"position\":2,\"name\":\"P\u00e4rasen tondikivi\"}]},{\"@type\":\"WebSite\",\"@id\":\"https:\\\/\\\/www.tihuse.ee\\\/#website\",\"url\":\"https:\\\/\\\/www.tihuse.ee\\\/\",\"name\":\"Tihuse | Hobuturismitalu Muhu saarel\",\"description\":\"\",\"publisher\":{\"@id\":\"https:\\\/\\\/www.tihuse.ee\\\/#organization\"},\"potentialAction\":[{\"@type\":\"SearchAction\",\"target\":{\"@type\":\"EntryPoint\",\"urlTemplate\":\"https:\\\/\\\/www.tihuse.ee\\\/?s={search_term_string}\"},\"query-input\":{\"@type\":\"PropertyValueSpecification\",\"valueRequired\":true,\"valueName\":\"search_term_string\"}}],\"inLanguage\":\"fi\"},{\"@type\":\"Organization\",\"@id\":\"https:\\\/\\\/www.tihuse.ee\\\/#organization\",\"name\":\"Tihuse | Hobuturismitalu Muhu saarel\",\"url\":\"https:\\\/\\\/www.tihuse.ee\\\/\",\"logo\":{\"@type\":\"ImageObject\",\"inLanguage\":\"fi\",\"@id\":\"https:\\\/\\\/www.tihuse.ee\\\/#\\\/schema\\\/logo\\\/image\\\/\",\"url\":\"https:\\\/\\\/www.tihuse.ee\\\/wp-content\\\/uploads\\\/2022\\\/01\\\/TIHUSE-Logo.png\",\"contentUrl\":\"https:\\\/\\\/www.tihuse.ee\\\/wp-content\\\/uploads\\\/2022\\\/01\\\/TIHUSE-Logo.png\",\"width\":1488,\"height\":1340,\"caption\":\"Tihuse | Hobuturismitalu Muhu saarel\"},\"image\":{\"@id\":\"https:\\\/\\\/www.tihuse.ee\\\/#\\\/schema\\\/logo\\\/image\\\/\"}}]}<\/script>\n<!-- \/ Yoast SEO plugin. -->","yoast_head_json":{"title":"P\u00e4rasen tondikivi - Tihuse | Hobuturismitalu Muhu saarel","robots":{"index":"index","follow":"follow","max-snippet":"max-snippet:-1","max-image-preview":"max-image-preview:large","max-video-preview":"max-video-preview:-1"},"canonical":"https:\/\/www.tihuse.ee\/parase-tondikivi\/","og_locale":"fi_FI","og_type":"article","og_title":"P\u00e4rasen tondikivi - Tihuse | Hobuturismitalu Muhu saarel","og_description":"P\u00e4rasen tondikivi P\u00e4rasen tondikivi Tondikivi eli haamukivi on kielteinen v\u00e4kikentt\u00e4 omaava paikka, joka varoitti esi-isi\u00e4mme pahoilta aikomuksilta. T\u00e4ss\u00e4 on n\u00e4hty monenlaisia n\u00e4kemyksi\u00e4:Vassili Hobustkoppel (1896-1978) oli poikasena auringonlaskun aikaan t\u00e4t\u00e4 kautta lehmi\u00e4 kotiin paimentaessa omin silmin n\u00e4hnyt, miten pieni tumma mustapukuinen miekkonen t\u00e4ss\u00e4 sormin nurmea raapi ja kipin\u00e4t lensiv\u00e4t nurmikosta kiven yli. Er\u00e4s Vahtraste-kyl\u00e4n mies oli [&hellip;]","og_url":"https:\/\/www.tihuse.ee\/parase-tondikivi\/","og_site_name":"Tihuse | Hobuturismitalu Muhu saarel","article_modified_time":"2022-01-13T11:51:09+00:00","og_image":[{"width":1000,"height":665,"url":"https:\/\/www.tihuse.ee\/wp-content\/uploads\/2022\/01\/DSC_0012.jpg","type":"image\/jpeg"}],"twitter_card":"summary_large_image","twitter_misc":{"Arvioitu lukuaika":"1 minuutti"},"schema":{"@context":"https:\/\/schema.org","@graph":[{"@type":"WebPage","@id":"https:\/\/www.tihuse.ee\/parase-tondikivi\/","url":"https:\/\/www.tihuse.ee\/parase-tondikivi\/","name":"P\u00e4rasen tondikivi - Tihuse | Hobuturismitalu Muhu saarel","isPartOf":{"@id":"https:\/\/www.tihuse.ee\/#website"},"primaryImageOfPage":{"@id":"https:\/\/www.tihuse.ee\/parase-tondikivi\/#primaryimage"},"image":{"@id":"https:\/\/www.tihuse.ee\/parase-tondikivi\/#primaryimage"},"thumbnailUrl":"https:\/\/www.tihuse.ee\/wp-content\/uploads\/2022\/01\/DSC_0012.jpg","datePublished":"2022-01-04T17:01:19+00:00","dateModified":"2022-01-13T11:51:09+00:00","breadcrumb":{"@id":"https:\/\/www.tihuse.ee\/parase-tondikivi\/#breadcrumb"},"inLanguage":"fi","potentialAction":[{"@type":"ReadAction","target":["https:\/\/www.tihuse.ee\/parase-tondikivi\/"]}]},{"@type":"ImageObject","inLanguage":"fi","@id":"https:\/\/www.tihuse.ee\/parase-tondikivi\/#primaryimage","url":"https:\/\/www.tihuse.ee\/wp-content\/uploads\/2022\/01\/DSC_0012.jpg","contentUrl":"https:\/\/www.tihuse.ee\/wp-content\/uploads\/2022\/01\/DSC_0012.jpg"},{"@type":"BreadcrumbList","@id":"https:\/\/www.tihuse.ee\/parase-tondikivi\/#breadcrumb","itemListElement":[{"@type":"ListItem","position":1,"name":"Home","item":"https:\/\/www.tihuse.ee\/fi\/"},{"@type":"ListItem","position":2,"name":"P\u00e4rasen tondikivi"}]},{"@type":"WebSite","@id":"https:\/\/www.tihuse.ee\/#website","url":"https:\/\/www.tihuse.ee\/","name":"Tihuse | Hobuturismitalu Muhu saarel","description":"","publisher":{"@id":"https:\/\/www.tihuse.ee\/#organization"},"potentialAction":[{"@type":"SearchAction","target":{"@type":"EntryPoint","urlTemplate":"https:\/\/www.tihuse.ee\/?s={search_term_string}"},"query-input":{"@type":"PropertyValueSpecification","valueRequired":true,"valueName":"search_term_string"}}],"inLanguage":"fi"},{"@type":"Organization","@id":"https:\/\/www.tihuse.ee\/#organization","name":"Tihuse | Hobuturismitalu Muhu saarel","url":"https:\/\/www.tihuse.ee\/","logo":{"@type":"ImageObject","inLanguage":"fi","@id":"https:\/\/www.tihuse.ee\/#\/schema\/logo\/image\/","url":"https:\/\/www.tihuse.ee\/wp-content\/uploads\/2022\/01\/TIHUSE-Logo.png","contentUrl":"https:\/\/www.tihuse.ee\/wp-content\/uploads\/2022\/01\/TIHUSE-Logo.png","width":1488,"height":1340,"caption":"Tihuse | Hobuturismitalu Muhu saarel"},"image":{"@id":"https:\/\/www.tihuse.ee\/#\/schema\/logo\/image\/"}}]}},"_links":{"self":[{"href":"https:\/\/www.tihuse.ee\/fi\/wp-json\/wp\/v2\/pages\/1220","targetHints":{"allow":["GET"]}}],"collection":[{"href":"https:\/\/www.tihuse.ee\/fi\/wp-json\/wp\/v2\/pages"}],"about":[{"href":"https:\/\/www.tihuse.ee\/fi\/wp-json\/wp\/v2\/types\/page"}],"author":[{"embeddable":true,"href":"https:\/\/www.tihuse.ee\/fi\/wp-json\/wp\/v2\/users\/1"}],"replies":[{"embeddable":true,"href":"https:\/\/www.tihuse.ee\/fi\/wp-json\/wp\/v2\/comments?post=1220"}],"version-history":[{"count":5,"href":"https:\/\/www.tihuse.ee\/fi\/wp-json\/wp\/v2\/pages\/1220\/revisions"}],"predecessor-version":[{"id":1807,"href":"https:\/\/www.tihuse.ee\/fi\/wp-json\/wp\/v2\/pages\/1220\/revisions\/1807"}],"wp:attachment":[{"href":"https:\/\/www.tihuse.ee\/fi\/wp-json\/wp\/v2\/media?parent=1220"}],"curies":[{"name":"wp","href":"https:\/\/api.w.org\/{rel}","templated":true}]}}