{"id":1225,"date":"2022-01-04T16:57:34","date_gmt":"2022-01-04T16:57:34","guid":{"rendered":"https:\/\/www.tihuse.ee\/lalli-liukivi\/"},"modified":"2022-01-11T17:11:33","modified_gmt":"2022-01-11T17:11:33","slug":"lalli-liukivi","status":"publish","type":"page","link":"https:\/\/www.tihuse.ee\/fi\/lalli-liukivi\/","title":{"rendered":"Lallin liukukivi"},"content":{"rendered":"\t\t<div data-elementor-type=\"wp-page\" data-elementor-id=\"1225\" class=\"elementor elementor-1225 elementor-608\">\n\t\t\t\t\t\t<section class=\"elementor-section elementor-top-section elementor-element elementor-element-190176ac elementor-section-boxed elementor-section-height-default elementor-section-height-default\" data-id=\"190176ac\" data-element_type=\"section\" data-e-type=\"section\" data-settings=\"{&quot;background_background&quot;:&quot;classic&quot;}\">\n\t\t\t\t\t\t<div class=\"elementor-container elementor-column-gap-default\">\n\t\t\t\t\t<div class=\"elementor-column elementor-col-100 elementor-top-column elementor-element elementor-element-14f31c10\" data-id=\"14f31c10\" data-element_type=\"column\" data-e-type=\"column\">\n\t\t\t<div class=\"elementor-widget-wrap elementor-element-populated\">\n\t\t\t\t\t\t<div class=\"elementor-element elementor-element-2b9598c1 elementor-widget__width-auto elementor-widget elementor-widget-heading\" data-id=\"2b9598c1\" data-element_type=\"widget\" data-e-type=\"widget\" data-widget_type=\"heading.default\">\n\t\t\t\t\t<h2 class=\"elementor-heading-title elementor-size-default\">Lallin liukukivi<\/h2>\t\t\t\t<\/div>\n\t\t\t\t\t<\/div>\n\t\t<\/div>\n\t\t\t\t\t<\/div>\n\t\t<\/section>\n\t\t\t\t<section class=\"elementor-section elementor-top-section elementor-element elementor-element-34854bf2 elementor-section-boxed elementor-section-height-default elementor-section-height-default\" data-id=\"34854bf2\" data-element_type=\"section\" data-e-type=\"section\">\n\t\t\t\t\t\t<div class=\"elementor-container elementor-column-gap-default\">\n\t\t\t\t\t<div class=\"elementor-column elementor-col-100 elementor-top-column elementor-element elementor-element-795a1ce5\" data-id=\"795a1ce5\" data-element_type=\"column\" data-e-type=\"column\">\n\t\t\t<div class=\"elementor-widget-wrap elementor-element-populated\">\n\t\t\t\t\t\t<div class=\"elementor-element elementor-element-1826014f elementor-position-inline-start elementor-view-default elementor-mobile-position-block-start elementor-widget elementor-widget-icon-box\" data-id=\"1826014f\" data-element_type=\"widget\" data-e-type=\"widget\" data-widget_type=\"icon-box.default\">\n\t\t\t\t\t\t\t<div class=\"elementor-icon-box-wrapper\">\n\n\t\t\t\t\t\t<div class=\"elementor-icon-box-icon\">\n\t\t\t\t<span  class=\"elementor-icon\">\n\t\t\t\t<svg aria-hidden=\"true\" class=\"e-font-icon-svg e-far-compass\" viewBox=\"0 0 496 512\" xmlns=\"http:\/\/www.w3.org\/2000\/svg\"><path d=\"M347.94 129.86L203.6 195.83a31.938 31.938 0 0 0-15.77 15.77l-65.97 144.34c-7.61 16.65 9.54 33.81 26.2 26.2l144.34-65.97a31.938 31.938 0 0 0 15.77-15.77l65.97-144.34c7.61-16.66-9.54-33.81-26.2-26.2zm-77.36 148.72c-12.47 12.47-32.69 12.47-45.16 0-12.47-12.47-12.47-32.69 0-45.16 12.47-12.47 32.69-12.47 45.16 0 12.47 12.47 12.47 32.69 0 45.16zM248 8C111.03 8 0 119.03 0 256s111.03 248 248 248 248-111.03 248-248S384.97 8 248 8zm0 448c-110.28 0-200-89.72-200-200S137.72 56 248 56s200 89.72 200 200-89.72 200-200 200z\"><\/path><\/svg>\t\t\t\t<\/span>\n\t\t\t<\/div>\n\t\t\t\n\t\t\t\t\t\t<div class=\"elementor-icon-box-content\">\n\n\t\t\t\t\t\t\t\t\t<h3 class=\"elementor-icon-box-title\">\n\t\t\t\t\t\t<span  >\n\t\t\t\t\t\t\t Lallin liukukivi\t\t\t\t\t\t<\/span>\n\t\t\t\t\t<\/h3>\n\t\t\t\t\n\t\t\t\t\n\t\t\t<\/div>\n\t\t\t\n\t\t<\/div>\n\t\t\t\t\t\t<\/div>\n\t\t\t\t<div class=\"elementor-element elementor-element-3a96a308 elementor-widget-divider--view-line elementor-widget elementor-widget-divider\" data-id=\"3a96a308\" data-element_type=\"widget\" data-e-type=\"widget\" data-widget_type=\"divider.default\">\n\t\t\t\t\t\t\t<div class=\"elementor-divider\">\n\t\t\t<span class=\"elementor-divider-separator\">\n\t\t\t\t\t\t<\/span>\n\t\t<\/div>\n\t\t\t\t\t\t<\/div>\n\t\t\t\t\t<\/div>\n\t\t<\/div>\n\t\t\t\t\t<\/div>\n\t\t<\/section>\n\t\t\t\t<section class=\"elementor-section elementor-top-section elementor-element elementor-element-cd2ef97 elementor-section-boxed elementor-section-height-default elementor-section-height-default\" data-id=\"cd2ef97\" data-element_type=\"section\" data-e-type=\"section\">\n\t\t\t\t\t\t<div class=\"elementor-container elementor-column-gap-default\">\n\t\t\t\t\t<div class=\"elementor-column elementor-col-50 elementor-top-column elementor-element elementor-element-1b3a98b\" data-id=\"1b3a98b\" data-element_type=\"column\" data-e-type=\"column\">\n\t\t\t<div class=\"elementor-widget-wrap elementor-element-populated\">\n\t\t\t\t\t\t<div class=\"elementor-element elementor-element-ed90ad7 elementor-widget elementor-widget-text-editor\" data-id=\"ed90ad7\" data-element_type=\"widget\" data-e-type=\"widget\" data-widget_type=\"text-editor.default\">\n\t\t\t\t\t\t\t\t\t<p>Kive\u00e4 l\u00e4hestytt\u00e4ess\u00e4 on suositeltavaa tervehti\u00e4 kiven henki, voi asettaa kaksi k\u00e4tt\u00e4 kivelle ja tuntea, ett\u00e4 emme salaa kiven vanhimmalta mit\u00e4\u00e4n.<\/p><p>Pohjoisen nenetsi-kansalla (yksi samojedi kansoista) on liukukivi\u00e4, johon raskaana olevat naiset saapuvat satojen kilometrien p\u00e4\u00e4st\u00e4, josta kiven henki auttaisi helpottamaan synnytyst\u00e4 tai heit\u00e4 tulemaan raskaaksi. Kivelt\u00e4 tulee liukumaan my\u00f6s mies tai nainen, joka haluaa rakentaa talon, aloittaa kev\u00e4\u00e4n kylv\u00f6ty\u00f6t tai kirjoittaa Facebookiin kiinnostavan postituksen. Kiven henki tulee ja siunaa kaiken sen, mit\u00e4 itse teemme ja luomme. Kiven vanhin auttaa meit\u00e4 ymm\u00e4rt\u00e4m\u00e4\u00e4n itse\u00e4mme.<\/p><p>Kivilt\u00e4 liukuessa pit\u00e4\u00e4 kaksi k\u00e4tt\u00e4 laittaa kiveen, keskitty\u00e4 toivomukseensa ja sitten ty\u00f6nnett\u00e4v\u00e4 itselleen vauhtia liukuun. Kiven henki on aina paikalla, aina valmiina meid\u00e4n pyrkimyksi\u00e4 tukemaan. Kiven p\u00e4\u00e4lt\u00e4 liukuessa j\u00e4\u00e4 kiveen ihmisest\u00e4 bios\u00e4hk\u00f6magneettinen j\u00e4lki ja se luo yhteyden ihmisen ja luonnonvoimien v\u00e4liin.<\/p><p>Virossa on useita liukukivi\u00e4, Muhun Lalli liukukivi on saaren ainoa.<\/p>\t\t\t\t\t\t\t\t<\/div>\n\t\t\t\t\t<\/div>\n\t\t<\/div>\n\t\t\t\t<div class=\"elementor-column elementor-col-50 elementor-top-column elementor-element elementor-element-009131a\" data-id=\"009131a\" data-element_type=\"column\" data-e-type=\"column\">\n\t\t\t<div class=\"elementor-widget-wrap elementor-element-populated\">\n\t\t\t\t\t\t<div class=\"elementor-element elementor-element-dc0a084 elementor-widget elementor-widget-image\" data-id=\"dc0a084\" data-element_type=\"widget\" data-e-type=\"widget\" data-widget_type=\"image.default\">\n\t\t\t\t\t\t\t\t\t\t\t\t\t\t\t<img fetchpriority=\"high\" decoding=\"async\" width=\"1024\" height=\"768\" src=\"https:\/\/www.tihuse.ee\/wp-content\/uploads\/2022\/01\/118_1814-1024x768.jpg\" class=\"attachment-large size-large wp-image-758\" alt=\"\" srcset=\"https:\/\/www.tihuse.ee\/wp-content\/uploads\/2022\/01\/118_1814-1024x768.jpg 1024w, https:\/\/www.tihuse.ee\/wp-content\/uploads\/2022\/01\/118_1814-300x225.jpg 300w, https:\/\/www.tihuse.ee\/wp-content\/uploads\/2022\/01\/118_1814-768x576.jpg 768w, https:\/\/www.tihuse.ee\/wp-content\/uploads\/2022\/01\/118_1814-1536x1152.jpg 1536w, https:\/\/www.tihuse.ee\/wp-content\/uploads\/2022\/01\/118_1814.jpg 2048w\" sizes=\"(max-width: 1024px) 100vw, 1024px\" \/>\t\t\t\t\t\t\t\t\t\t\t\t\t\t\t<\/div>\n\t\t\t\t\t<\/div>\n\t\t<\/div>\n\t\t\t\t\t<\/div>\n\t\t<\/section>\n\t\t\t\t<\/div>\n\t\t","protected":false},"excerpt":{"rendered":"<p>Lallin liukukivi Lallin liukukivi Kive\u00e4 l\u00e4hestytt\u00e4ess\u00e4 on suositeltavaa tervehti\u00e4 kiven henki, voi asettaa kaksi k\u00e4tt\u00e4 kivelle ja tuntea, ett\u00e4 emme salaa kiven vanhimmalta mit\u00e4\u00e4n. Pohjoisen nenetsi-kansalla (yksi samojedi kansoista) on liukukivi\u00e4, johon raskaana olevat naiset saapuvat satojen kilometrien p\u00e4\u00e4st\u00e4, josta kiven henki auttaisi helpottamaan synnytyst\u00e4 tai heit\u00e4 tulemaan raskaaksi. Kivelt\u00e4 tulee liukumaan my\u00f6s mies tai [&hellip;]<\/p>\n","protected":false},"author":1,"featured_media":0,"parent":0,"menu_order":0,"comment_status":"closed","ping_status":"closed","template":"","meta":{"site-sidebar-layout":"no-sidebar","site-content-layout":"page-builder","ast-site-content-layout":"default","site-content-style":"default","site-sidebar-style":"default","ast-global-header-display":"","ast-banner-title-visibility":"","ast-main-header-display":"","ast-hfb-above-header-display":"","ast-hfb-below-header-display":"","ast-hfb-mobile-header-display":"","site-post-title":"disabled","ast-breadcrumbs-content":"","ast-featured-img":"disabled","footer-sml-layout":"","ast-disable-related-posts":"","theme-transparent-header-meta":"","adv-header-id-meta":"","stick-header-meta":"","header-above-stick-meta":"","header-main-stick-meta":"","header-below-stick-meta":"","astra-migrate-meta-layouts":"default","ast-page-background-enabled":"default","ast-page-background-meta":{"desktop":{"background-color":"var(--ast-global-color-4)","background-image":"","background-repeat":"repeat","background-position":"center center","background-size":"auto","background-attachment":"scroll","background-type":"","background-media":"","overlay-type":"","overlay-color":"","overlay-opacity":"","overlay-gradient":""},"tablet":{"background-color":"","background-image":"","background-repeat":"repeat","background-position":"center center","background-size":"auto","background-attachment":"scroll","background-type":"","background-media":"","overlay-type":"","overlay-color":"","overlay-opacity":"","overlay-gradient":""},"mobile":{"background-color":"","background-image":"","background-repeat":"repeat","background-position":"center center","background-size":"auto","background-attachment":"scroll","background-type":"","background-media":"","overlay-type":"","overlay-color":"","overlay-opacity":"","overlay-gradient":""}},"ast-content-background-meta":{"desktop":{"background-color":"var(--ast-global-color-5)","background-image":"","background-repeat":"repeat","background-position":"center center","background-size":"auto","background-attachment":"scroll","background-type":"","background-media":"","overlay-type":"","overlay-color":"","overlay-opacity":"","overlay-gradient":""},"tablet":{"background-color":"var(--ast-global-color-5)","background-image":"","background-repeat":"repeat","background-position":"center center","background-size":"auto","background-attachment":"scroll","background-type":"","background-media":"","overlay-type":"","overlay-color":"","overlay-opacity":"","overlay-gradient":""},"mobile":{"background-color":"var(--ast-global-color-5)","background-image":"","background-repeat":"repeat","background-position":"center center","background-size":"auto","background-attachment":"scroll","background-type":"","background-media":"","overlay-type":"","overlay-color":"","overlay-opacity":"","overlay-gradient":""}},"footnotes":""},"class_list":["post-1225","page","type-page","status-publish","hentry"],"yoast_head":"<!-- This site is optimized with the Yoast SEO plugin v27.5 - https:\/\/yoast.com\/product\/yoast-seo-wordpress\/ -->\n<title>Lallin liukukivi - Tihuse | Hobuturismitalu Muhu saarel<\/title>\n<meta name=\"robots\" content=\"index, follow, max-snippet:-1, max-image-preview:large, max-video-preview:-1\" \/>\n<link rel=\"canonical\" href=\"https:\/\/www.tihuse.ee\/lalli-liukivi\/\" \/>\n<meta property=\"og:locale\" content=\"fi_FI\" \/>\n<meta property=\"og:type\" content=\"article\" \/>\n<meta property=\"og:title\" content=\"Lallin liukukivi - Tihuse | Hobuturismitalu Muhu saarel\" \/>\n<meta property=\"og:description\" content=\"Lallin liukukivi Lallin liukukivi Kive\u00e4 l\u00e4hestytt\u00e4ess\u00e4 on suositeltavaa tervehti\u00e4 kiven henki, voi asettaa kaksi k\u00e4tt\u00e4 kivelle ja tuntea, ett\u00e4 emme salaa kiven vanhimmalta mit\u00e4\u00e4n. Pohjoisen nenetsi-kansalla (yksi samojedi kansoista) on liukukivi\u00e4, johon raskaana olevat naiset saapuvat satojen kilometrien p\u00e4\u00e4st\u00e4, josta kiven henki auttaisi helpottamaan synnytyst\u00e4 tai heit\u00e4 tulemaan raskaaksi. Kivelt\u00e4 tulee liukumaan my\u00f6s mies tai [&hellip;]\" \/>\n<meta property=\"og:url\" content=\"https:\/\/www.tihuse.ee\/lalli-liukivi\/\" \/>\n<meta property=\"og:site_name\" content=\"Tihuse | Hobuturismitalu Muhu saarel\" \/>\n<meta property=\"article:modified_time\" content=\"2022-01-11T17:11:33+00:00\" \/>\n<meta property=\"og:image\" content=\"https:\/\/www.tihuse.ee\/wp-content\/uploads\/2022\/01\/118_1814.jpg\" \/>\n\t<meta property=\"og:image:width\" content=\"2048\" \/>\n\t<meta property=\"og:image:height\" content=\"1536\" \/>\n\t<meta property=\"og:image:type\" content=\"image\/jpeg\" \/>\n<meta name=\"twitter:card\" content=\"summary_large_image\" \/>\n<meta name=\"twitter:label1\" content=\"Arvioitu lukuaika\" \/>\n\t<meta name=\"twitter:data1\" content=\"1 minuutti\" \/>\n<script type=\"application\/ld+json\" class=\"yoast-schema-graph\">{\"@context\":\"https:\\\/\\\/schema.org\",\"@graph\":[{\"@type\":\"WebPage\",\"@id\":\"https:\\\/\\\/www.tihuse.ee\\\/lalli-liukivi\\\/\",\"url\":\"https:\\\/\\\/www.tihuse.ee\\\/lalli-liukivi\\\/\",\"name\":\"Lallin liukukivi - Tihuse | Hobuturismitalu Muhu saarel\",\"isPartOf\":{\"@id\":\"https:\\\/\\\/www.tihuse.ee\\\/#website\"},\"primaryImageOfPage\":{\"@id\":\"https:\\\/\\\/www.tihuse.ee\\\/lalli-liukivi\\\/#primaryimage\"},\"image\":{\"@id\":\"https:\\\/\\\/www.tihuse.ee\\\/lalli-liukivi\\\/#primaryimage\"},\"thumbnailUrl\":\"https:\\\/\\\/www.tihuse.ee\\\/wp-content\\\/uploads\\\/2022\\\/01\\\/118_1814-1024x768.jpg\",\"datePublished\":\"2022-01-04T16:57:34+00:00\",\"dateModified\":\"2022-01-11T17:11:33+00:00\",\"breadcrumb\":{\"@id\":\"https:\\\/\\\/www.tihuse.ee\\\/lalli-liukivi\\\/#breadcrumb\"},\"inLanguage\":\"fi\",\"potentialAction\":[{\"@type\":\"ReadAction\",\"target\":[\"https:\\\/\\\/www.tihuse.ee\\\/lalli-liukivi\\\/\"]}]},{\"@type\":\"ImageObject\",\"inLanguage\":\"fi\",\"@id\":\"https:\\\/\\\/www.tihuse.ee\\\/lalli-liukivi\\\/#primaryimage\",\"url\":\"https:\\\/\\\/www.tihuse.ee\\\/wp-content\\\/uploads\\\/2022\\\/01\\\/118_1814-1024x768.jpg\",\"contentUrl\":\"https:\\\/\\\/www.tihuse.ee\\\/wp-content\\\/uploads\\\/2022\\\/01\\\/118_1814-1024x768.jpg\"},{\"@type\":\"BreadcrumbList\",\"@id\":\"https:\\\/\\\/www.tihuse.ee\\\/lalli-liukivi\\\/#breadcrumb\",\"itemListElement\":[{\"@type\":\"ListItem\",\"position\":1,\"name\":\"Home\",\"item\":\"https:\\\/\\\/www.tihuse.ee\\\/\"},{\"@type\":\"ListItem\",\"position\":2,\"name\":\"Lallin liukukivi\"}]},{\"@type\":\"WebSite\",\"@id\":\"https:\\\/\\\/www.tihuse.ee\\\/#website\",\"url\":\"https:\\\/\\\/www.tihuse.ee\\\/\",\"name\":\"Tihuse | Hobuturismitalu Muhu saarel\",\"description\":\"\",\"publisher\":{\"@id\":\"https:\\\/\\\/www.tihuse.ee\\\/#organization\"},\"potentialAction\":[{\"@type\":\"SearchAction\",\"target\":{\"@type\":\"EntryPoint\",\"urlTemplate\":\"https:\\\/\\\/www.tihuse.ee\\\/?s={search_term_string}\"},\"query-input\":{\"@type\":\"PropertyValueSpecification\",\"valueRequired\":true,\"valueName\":\"search_term_string\"}}],\"inLanguage\":\"fi\"},{\"@type\":\"Organization\",\"@id\":\"https:\\\/\\\/www.tihuse.ee\\\/#organization\",\"name\":\"Tihuse | Hobuturismitalu Muhu saarel\",\"url\":\"https:\\\/\\\/www.tihuse.ee\\\/\",\"logo\":{\"@type\":\"ImageObject\",\"inLanguage\":\"fi\",\"@id\":\"https:\\\/\\\/www.tihuse.ee\\\/#\\\/schema\\\/logo\\\/image\\\/\",\"url\":\"https:\\\/\\\/www.tihuse.ee\\\/wp-content\\\/uploads\\\/2022\\\/01\\\/TIHUSE-Logo.png\",\"contentUrl\":\"https:\\\/\\\/www.tihuse.ee\\\/wp-content\\\/uploads\\\/2022\\\/01\\\/TIHUSE-Logo.png\",\"width\":1488,\"height\":1340,\"caption\":\"Tihuse | Hobuturismitalu Muhu saarel\"},\"image\":{\"@id\":\"https:\\\/\\\/www.tihuse.ee\\\/#\\\/schema\\\/logo\\\/image\\\/\"}}]}<\/script>\n<!-- \/ Yoast SEO plugin. -->","yoast_head_json":{"title":"Lallin liukukivi - Tihuse | Hobuturismitalu Muhu saarel","robots":{"index":"index","follow":"follow","max-snippet":"max-snippet:-1","max-image-preview":"max-image-preview:large","max-video-preview":"max-video-preview:-1"},"canonical":"https:\/\/www.tihuse.ee\/lalli-liukivi\/","og_locale":"fi_FI","og_type":"article","og_title":"Lallin liukukivi - Tihuse | Hobuturismitalu Muhu saarel","og_description":"Lallin liukukivi Lallin liukukivi Kive\u00e4 l\u00e4hestytt\u00e4ess\u00e4 on suositeltavaa tervehti\u00e4 kiven henki, voi asettaa kaksi k\u00e4tt\u00e4 kivelle ja tuntea, ett\u00e4 emme salaa kiven vanhimmalta mit\u00e4\u00e4n. Pohjoisen nenetsi-kansalla (yksi samojedi kansoista) on liukukivi\u00e4, johon raskaana olevat naiset saapuvat satojen kilometrien p\u00e4\u00e4st\u00e4, josta kiven henki auttaisi helpottamaan synnytyst\u00e4 tai heit\u00e4 tulemaan raskaaksi. Kivelt\u00e4 tulee liukumaan my\u00f6s mies tai [&hellip;]","og_url":"https:\/\/www.tihuse.ee\/lalli-liukivi\/","og_site_name":"Tihuse | Hobuturismitalu Muhu saarel","article_modified_time":"2022-01-11T17:11:33+00:00","og_image":[{"width":2048,"height":1536,"url":"https:\/\/www.tihuse.ee\/wp-content\/uploads\/2022\/01\/118_1814.jpg","type":"image\/jpeg"}],"twitter_card":"summary_large_image","twitter_misc":{"Arvioitu lukuaika":"1 minuutti"},"schema":{"@context":"https:\/\/schema.org","@graph":[{"@type":"WebPage","@id":"https:\/\/www.tihuse.ee\/lalli-liukivi\/","url":"https:\/\/www.tihuse.ee\/lalli-liukivi\/","name":"Lallin liukukivi - Tihuse | Hobuturismitalu Muhu saarel","isPartOf":{"@id":"https:\/\/www.tihuse.ee\/#website"},"primaryImageOfPage":{"@id":"https:\/\/www.tihuse.ee\/lalli-liukivi\/#primaryimage"},"image":{"@id":"https:\/\/www.tihuse.ee\/lalli-liukivi\/#primaryimage"},"thumbnailUrl":"https:\/\/www.tihuse.ee\/wp-content\/uploads\/2022\/01\/118_1814-1024x768.jpg","datePublished":"2022-01-04T16:57:34+00:00","dateModified":"2022-01-11T17:11:33+00:00","breadcrumb":{"@id":"https:\/\/www.tihuse.ee\/lalli-liukivi\/#breadcrumb"},"inLanguage":"fi","potentialAction":[{"@type":"ReadAction","target":["https:\/\/www.tihuse.ee\/lalli-liukivi\/"]}]},{"@type":"ImageObject","inLanguage":"fi","@id":"https:\/\/www.tihuse.ee\/lalli-liukivi\/#primaryimage","url":"https:\/\/www.tihuse.ee\/wp-content\/uploads\/2022\/01\/118_1814-1024x768.jpg","contentUrl":"https:\/\/www.tihuse.ee\/wp-content\/uploads\/2022\/01\/118_1814-1024x768.jpg"},{"@type":"BreadcrumbList","@id":"https:\/\/www.tihuse.ee\/lalli-liukivi\/#breadcrumb","itemListElement":[{"@type":"ListItem","position":1,"name":"Home","item":"https:\/\/www.tihuse.ee\/"},{"@type":"ListItem","position":2,"name":"Lallin liukukivi"}]},{"@type":"WebSite","@id":"https:\/\/www.tihuse.ee\/#website","url":"https:\/\/www.tihuse.ee\/","name":"Tihuse | Hobuturismitalu Muhu saarel","description":"","publisher":{"@id":"https:\/\/www.tihuse.ee\/#organization"},"potentialAction":[{"@type":"SearchAction","target":{"@type":"EntryPoint","urlTemplate":"https:\/\/www.tihuse.ee\/?s={search_term_string}"},"query-input":{"@type":"PropertyValueSpecification","valueRequired":true,"valueName":"search_term_string"}}],"inLanguage":"fi"},{"@type":"Organization","@id":"https:\/\/www.tihuse.ee\/#organization","name":"Tihuse | Hobuturismitalu Muhu saarel","url":"https:\/\/www.tihuse.ee\/","logo":{"@type":"ImageObject","inLanguage":"fi","@id":"https:\/\/www.tihuse.ee\/#\/schema\/logo\/image\/","url":"https:\/\/www.tihuse.ee\/wp-content\/uploads\/2022\/01\/TIHUSE-Logo.png","contentUrl":"https:\/\/www.tihuse.ee\/wp-content\/uploads\/2022\/01\/TIHUSE-Logo.png","width":1488,"height":1340,"caption":"Tihuse | Hobuturismitalu Muhu saarel"},"image":{"@id":"https:\/\/www.tihuse.ee\/#\/schema\/logo\/image\/"}}]}},"_links":{"self":[{"href":"https:\/\/www.tihuse.ee\/fi\/wp-json\/wp\/v2\/pages\/1225","targetHints":{"allow":["GET"]}}],"collection":[{"href":"https:\/\/www.tihuse.ee\/fi\/wp-json\/wp\/v2\/pages"}],"about":[{"href":"https:\/\/www.tihuse.ee\/fi\/wp-json\/wp\/v2\/types\/page"}],"author":[{"embeddable":true,"href":"https:\/\/www.tihuse.ee\/fi\/wp-json\/wp\/v2\/users\/1"}],"replies":[{"embeddable":true,"href":"https:\/\/www.tihuse.ee\/fi\/wp-json\/wp\/v2\/comments?post=1225"}],"version-history":[{"count":4,"href":"https:\/\/www.tihuse.ee\/fi\/wp-json\/wp\/v2\/pages\/1225\/revisions"}],"predecessor-version":[{"id":1317,"href":"https:\/\/www.tihuse.ee\/fi\/wp-json\/wp\/v2\/pages\/1225\/revisions\/1317"}],"wp:attachment":[{"href":"https:\/\/www.tihuse.ee\/fi\/wp-json\/wp\/v2\/media?parent=1225"}],"curies":[{"name":"wp","href":"https:\/\/api.w.org\/{rel}","templated":true}]}}