{"id":1230,"date":"2022-01-04T16:51:34","date_gmt":"2022-01-04T16:51:34","guid":{"rendered":"https:\/\/www.tihuse.ee\/muinaskultuuri-opperada\/"},"modified":"2022-01-11T17:28:22","modified_gmt":"2022-01-11T17:28:22","slug":"muinaskultuuri-opperada","status":"publish","type":"page","link":"https:\/\/www.tihuse.ee\/fi\/muinaskultuuri-opperada\/","title":{"rendered":"Muinaiskulttuurin opintopolku"},"content":{"rendered":"\t\t<div data-elementor-type=\"wp-page\" data-elementor-id=\"1230\" class=\"elementor elementor-1230 elementor-596\">\n\t\t\t\t\t\t<section class=\"elementor-section elementor-top-section elementor-element elementor-element-4d189634 elementor-section-boxed elementor-section-height-default elementor-section-height-default\" data-id=\"4d189634\" data-element_type=\"section\" data-e-type=\"section\" data-settings=\"{&quot;background_background&quot;:&quot;classic&quot;}\">\n\t\t\t\t\t\t<div class=\"elementor-container elementor-column-gap-default\">\n\t\t\t\t\t<div class=\"elementor-column elementor-col-100 elementor-top-column elementor-element elementor-element-385a4758\" data-id=\"385a4758\" data-element_type=\"column\" data-e-type=\"column\">\n\t\t\t<div class=\"elementor-widget-wrap elementor-element-populated\">\n\t\t\t\t\t\t<div class=\"elementor-element elementor-element-4723ec8c elementor-widget__width-auto elementor-widget elementor-widget-heading\" data-id=\"4723ec8c\" data-element_type=\"widget\" data-e-type=\"widget\" data-widget_type=\"heading.default\">\n\t\t\t\t\t<h2 class=\"elementor-heading-title elementor-size-default\">Muinaiskulttuurin opintopolku<\/h2>\t\t\t\t<\/div>\n\t\t\t\t\t<\/div>\n\t\t<\/div>\n\t\t\t\t\t<\/div>\n\t\t<\/section>\n\t\t\t\t<section class=\"elementor-section elementor-top-section elementor-element elementor-element-3fb19e67 elementor-section-boxed elementor-section-height-default elementor-section-height-default\" data-id=\"3fb19e67\" data-element_type=\"section\" data-e-type=\"section\">\n\t\t\t\t\t\t<div class=\"elementor-container elementor-column-gap-default\">\n\t\t\t\t\t<div class=\"elementor-column elementor-col-100 elementor-top-column elementor-element elementor-element-6f97bb5\" data-id=\"6f97bb5\" data-element_type=\"column\" data-e-type=\"column\">\n\t\t\t<div class=\"elementor-widget-wrap elementor-element-populated\">\n\t\t\t\t\t\t<div class=\"elementor-element elementor-element-2ac8b090 elementor-position-inline-start elementor-view-default elementor-mobile-position-block-start elementor-widget elementor-widget-icon-box\" data-id=\"2ac8b090\" data-element_type=\"widget\" data-e-type=\"widget\" data-widget_type=\"icon-box.default\">\n\t\t\t\t\t\t\t<div class=\"elementor-icon-box-wrapper\">\n\n\t\t\t\t\t\t<div class=\"elementor-icon-box-icon\">\n\t\t\t\t<span  class=\"elementor-icon\">\n\t\t\t\t<svg aria-hidden=\"true\" class=\"e-font-icon-svg e-far-map\" viewBox=\"0 0 576 512\" xmlns=\"http:\/\/www.w3.org\/2000\/svg\"><path d=\"M560.02 32c-1.96 0-3.98.37-5.96 1.16L384.01 96H384L212 35.28A64.252 64.252 0 0 0 191.76 32c-6.69 0-13.37 1.05-19.81 3.14L20.12 87.95A32.006 32.006 0 0 0 0 117.66v346.32C0 473.17 7.53 480 15.99 480c1.96 0 3.97-.37 5.96-1.16L192 416l172 60.71a63.98 63.98 0 0 0 40.05.15l151.83-52.81A31.996 31.996 0 0 0 576 394.34V48.02c0-9.19-7.53-16.02-15.98-16.02zM224 90.42l128 45.19v285.97l-128-45.19V90.42zM48 418.05V129.07l128-44.53v286.2l-.64.23L48 418.05zm480-35.13l-128 44.53V141.26l.64-.24L528 93.95v288.97z\"><\/path><\/svg>\t\t\t\t<\/span>\n\t\t\t<\/div>\n\t\t\t\n\t\t\t\t\t\t<div class=\"elementor-icon-box-content\">\n\n\t\t\t\t\t\t\t\t\t<h3 class=\"elementor-icon-box-title\">\n\t\t\t\t\t\t<span  >\n\t\t\t\t\t\t\tMuinaiskulttuurin opintopolku\t\t\t\t\t\t<\/span>\n\t\t\t\t\t<\/h3>\n\t\t\t\t\n\t\t\t\t\n\t\t\t<\/div>\n\t\t\t\n\t\t<\/div>\n\t\t\t\t\t\t<\/div>\n\t\t\t\t<div class=\"elementor-element elementor-element-24aeab25 elementor-widget-divider--view-line elementor-widget elementor-widget-divider\" data-id=\"24aeab25\" data-element_type=\"widget\" data-e-type=\"widget\" data-widget_type=\"divider.default\">\n\t\t\t\t\t\t\t<div class=\"elementor-divider\">\n\t\t\t<span class=\"elementor-divider-separator\">\n\t\t\t\t\t\t<\/span>\n\t\t<\/div>\n\t\t\t\t\t\t<\/div>\n\t\t\t\t\t<\/div>\n\t\t<\/div>\n\t\t\t\t\t<\/div>\n\t\t<\/section>\n\t\t\t\t<section class=\"elementor-section elementor-top-section elementor-element elementor-element-094d7de elementor-section-boxed elementor-section-height-default elementor-section-height-default\" data-id=\"094d7de\" data-element_type=\"section\" data-e-type=\"section\">\n\t\t\t\t\t\t<div class=\"elementor-container elementor-column-gap-default\">\n\t\t\t\t\t<div class=\"elementor-column elementor-col-50 elementor-top-column elementor-element elementor-element-dcec896\" data-id=\"dcec896\" data-element_type=\"column\" data-e-type=\"column\">\n\t\t\t<div class=\"elementor-widget-wrap elementor-element-populated\">\n\t\t\t\t\t\t<div class=\"elementor-element elementor-element-31e8a01 elementor-widget elementor-widget-heading\" data-id=\"31e8a01\" data-element_type=\"widget\" data-e-type=\"widget\" data-widget_type=\"heading.default\">\n\t\t\t\t\t<h2 class=\"elementor-heading-title elementor-size-default\">Virolaiset ovat el\u00e4neet It\u00e4meren rannalla jo runsaan viiden tuhannen vuoden ajan.<\/h2>\t\t\t\t<\/div>\n\t\t\t\t<div class=\"elementor-element elementor-element-bbd9e60 elementor-widget elementor-widget-text-editor\" data-id=\"bbd9e60\" data-element_type=\"widget\" data-e-type=\"widget\" data-widget_type=\"text-editor.default\">\n\t\t\t\t\t\t\t\t\t<p>Muhulaiset ovat asuneet saaressaan yli kolme tuhatta vuotta. Meid\u00e4n muinaiskulttuurimme juuret ulottuvat viel\u00e4 paljon kauemmas. Ihminen yhdisti silloin sieluntilansa luonnonvoimiin. H\u00e4n sai n\u00e4in sieluntukea jokaisena hetken\u00e4 ja joka tilanteessa. T\u00e4m\u00e4 maailmankatsomus tarkoitti hyvi\u00e4 suhteita maan-, mets\u00e4n- ja merenhaltijoihin.<\/p><p><strong>Maan \u00e4iti<\/strong>\u00a0antaa mansikoiden kasvaa ja jokaisessa mansikassa on taas maan voimaa. Maan \u00e4iti antaa kukkien kukkia ja syksyll\u00e4 hyv\u00e4n porkkanasadon. Me olemme Maan \u00e4idin hell\u00e4ss\u00e4 huomassa.<\/p><p><strong>Mets\u00e4n hengen<\/strong>\u00a0koemme mets\u00e4n bios\u00e4hk\u00f6magneettisena kentt\u00e4n\u00e4. Mets\u00e4 tarkoittaa eurooppalaisille mets\u00e4kansoille kotia, el\u00e4tyksen antajaa ja ihmisen sielun voimia ymp\u00e4r\u00f6ivi\u00e4 luonnonvoimia. Jokainen puu ja pensas voi olla tukihenkil\u00f6mme, koska kantaa mets\u00e4n voimia. Sen kautta avautuvat meid\u00e4n hyv\u00e4ntahtoisuutemme, tasapainomme ja avuliaisuutemme.<\/p><p>Meren rannalla k\u00e4velless\u00e4 tunnemme vastustamatonta halua tehd\u00e4 jotain, saada jokin valmiiksi, panostaa johonkin. Sellaisen tunteen meille antaa\u00a0<strong>Veden vanhan\u00a0<\/strong>v\u00e4ki. Veden vanha \u2013 Ahti v\u00e4litt\u00e4\u00e4 meille meren tasapainoittavia voimia, kalastusonnea ja meren antimia, erottaa ja yhdist\u00e4\u00e4 meid\u00e4t veden voimiin Tuonelan kuolleiden maailman pohjoispuolella. Tuonelajoki (Linnunrata) avautuu sielujen aikana (loka-joulukuussa) pohjoistaivaalla, jossa Tuonela on. Kuolleiden sielut p\u00e4\u00e4sev\u00e4t silloin palaamaan kotiinsa.<\/p><p>Uku v\u00e4litt\u00e4\u00e4 meill\u00e4\u00a0<strong>taivaan voimia<\/strong>. H\u00e4nelt\u00e4 saamme tukea omiin pyrkimyksiin ja unelmiin. Ukun vakka oli uhrilahjoja varten jokaisen tilan aitassa. Ukuun kohdistetaan toivomusriittej\u00e4.<\/p><p>Meid\u00e4n esivanhemmat pitiv\u00e4t yhteytt\u00e4 luontoon jokaisena hetken\u00e4 ensiarvoisen t\u00e4rke\u00e4n\u00e4. T\u00f6it\u00e4 oli paljon, mutta koskaan ei ollut kiire, sill\u00e4 el\u00e4m\u00e4n kannalta t\u00e4rkein sieluntuki oli jatkuvasti olemassa. Yhteys luontoon oli jatkuvasti el\u00e4v\u00e4 ja sit\u00e4 pidettiin yll\u00e4 my\u00f6nteist\u00e4 voimaa heijastavissa riittipaikoissa \u2013 pyh\u00e4ss\u00e4 lehdossa, hoitavien loitsujen lausumisen kivill\u00e4, pyh\u00e4ll\u00e4 l\u00e4hteell\u00e4 tai jonkin hyv\u00e4lt\u00e4 tuntuvan puun luona. T\u00e4h\u00e4n paikkaan tullut ihminen tiesi, ett\u00e4 h\u00e4nen perheens\u00e4, l\u00e4heisens\u00e4 ja ventovieraans\u00e4 ovat jakaneet t\u00e4m\u00e4n paikan haltijoiden kanssa parhaita ajatuksiaan ja leip\u00e4\u00e4ns\u00e4 ja maan haltijat vastaavat anteliaasti jokaiselle pyyt\u00e4j\u00e4lle. Mekin j\u00e4t\u00e4mme sinne omat antimemme ja kauniit ajatuksemme, jotta seuraavat saapujat voisivat iloita niist\u00e4.<\/p><p><strong>Riittiaukio<\/strong>\u00a0on paikka, jossa saamme avautua ammentaaksemme itsellemme sielunvoimaa.<\/p><p>Antimena voi olla vaikka muutama jyv\u00e4nen, leiv\u00e4nmurut, hopeakorusta raavittu hopeatomu tai kulaus juomapullosta. T\u00e4rke\u00e4 ei ole, mit\u00e4 annetaan, vaan mill\u00e4 ajatuksilla. Meid\u00e4n esivanhempien el\u00e4m\u00e4nkatsomus on asenteena tallentunut meid\u00e4n alitajuntaan.<\/p>\t\t\t\t\t\t\t\t<\/div>\n\t\t\t\t\t<\/div>\n\t\t<\/div>\n\t\t\t\t<div class=\"elementor-column elementor-col-50 elementor-top-column elementor-element elementor-element-efd5147\" data-id=\"efd5147\" data-element_type=\"column\" data-e-type=\"column\">\n\t\t\t<div class=\"elementor-widget-wrap elementor-element-populated\">\n\t\t\t\t\t\t<div class=\"elementor-element elementor-element-274ae06 elementor-widget elementor-widget-image\" data-id=\"274ae06\" data-element_type=\"widget\" data-e-type=\"widget\" data-widget_type=\"image.default\">\n\t\t\t\t\t\t\t\t\t\t\t\t\t\t\t<img decoding=\"async\" width=\"300\" height=\"52\" src=\"https:\/\/www.tihuse.ee\/wp-content\/uploads\/2022\/01\/1-1.jpg\" class=\"attachment-large size-large wp-image-726\" alt=\"\" \/>\t\t\t\t\t\t\t\t\t\t\t\t\t\t\t<\/div>\n\t\t\t\t<div class=\"elementor-element elementor-element-baa40b1 elementor-widget elementor-widget-image\" data-id=\"baa40b1\" data-element_type=\"widget\" data-e-type=\"widget\" data-widget_type=\"image.default\">\n\t\t\t\t\t\t\t\t\t\t\t\t\t\t\t<img decoding=\"async\" width=\"300\" height=\"100\" src=\"https:\/\/www.tihuse.ee\/wp-content\/uploads\/2022\/01\/2-1.jpg\" class=\"attachment-large size-large wp-image-730\" alt=\"\" \/>\t\t\t\t\t\t\t\t\t\t\t\t\t\t\t<\/div>\n\t\t\t\t\t<\/div>\n\t\t<\/div>\n\t\t\t\t\t<\/div>\n\t\t<\/section>\n\t\t\t\t<\/div>\n\t\t","protected":false},"excerpt":{"rendered":"<p>Muinaiskulttuurin opintopolku Muinaiskulttuurin opintopolku Virolaiset ovat el\u00e4neet It\u00e4meren rannalla jo runsaan viiden tuhannen vuoden ajan. Muhulaiset ovat asuneet saaressaan yli kolme tuhatta vuotta. Meid\u00e4n muinaiskulttuurimme juuret ulottuvat viel\u00e4 paljon kauemmas. Ihminen yhdisti silloin sieluntilansa luonnonvoimiin. H\u00e4n sai n\u00e4in sieluntukea jokaisena hetken\u00e4 ja joka tilanteessa. T\u00e4m\u00e4 maailmankatsomus tarkoitti hyvi\u00e4 suhteita maan-, mets\u00e4n- ja merenhaltijoihin. Maan \u00e4iti\u00a0antaa [&hellip;]<\/p>\n","protected":false},"author":1,"featured_media":0,"parent":0,"menu_order":0,"comment_status":"closed","ping_status":"closed","template":"","meta":{"site-sidebar-layout":"no-sidebar","site-content-layout":"page-builder","ast-site-content-layout":"default","site-content-style":"default","site-sidebar-style":"default","ast-global-header-display":"","ast-banner-title-visibility":"","ast-main-header-display":"","ast-hfb-above-header-display":"","ast-hfb-below-header-display":"","ast-hfb-mobile-header-display":"","site-post-title":"disabled","ast-breadcrumbs-content":"","ast-featured-img":"disabled","footer-sml-layout":"","ast-disable-related-posts":"","theme-transparent-header-meta":"","adv-header-id-meta":"","stick-header-meta":"","header-above-stick-meta":"","header-main-stick-meta":"","header-below-stick-meta":"","astra-migrate-meta-layouts":"default","ast-page-background-enabled":"default","ast-page-background-meta":{"desktop":{"background-color":"var(--ast-global-color-4)","background-image":"","background-repeat":"repeat","background-position":"center center","background-size":"auto","background-attachment":"scroll","background-type":"","background-media":"","overlay-type":"","overlay-color":"","overlay-opacity":"","overlay-gradient":""},"tablet":{"background-color":"","background-image":"","background-repeat":"repeat","background-position":"center center","background-size":"auto","background-attachment":"scroll","background-type":"","background-media":"","overlay-type":"","overlay-color":"","overlay-opacity":"","overlay-gradient":""},"mobile":{"background-color":"","background-image":"","background-repeat":"repeat","background-position":"center center","background-size":"auto","background-attachment":"scroll","background-type":"","background-media":"","overlay-type":"","overlay-color":"","overlay-opacity":"","overlay-gradient":""}},"ast-content-background-meta":{"desktop":{"background-color":"var(--ast-global-color-5)","background-image":"","background-repeat":"repeat","background-position":"center center","background-size":"auto","background-attachment":"scroll","background-type":"","background-media":"","overlay-type":"","overlay-color":"","overlay-opacity":"","overlay-gradient":""},"tablet":{"background-color":"var(--ast-global-color-5)","background-image":"","background-repeat":"repeat","background-position":"center center","background-size":"auto","background-attachment":"scroll","background-type":"","background-media":"","overlay-type":"","overlay-color":"","overlay-opacity":"","overlay-gradient":""},"mobile":{"background-color":"var(--ast-global-color-5)","background-image":"","background-repeat":"repeat","background-position":"center center","background-size":"auto","background-attachment":"scroll","background-type":"","background-media":"","overlay-type":"","overlay-color":"","overlay-opacity":"","overlay-gradient":""}},"footnotes":""},"class_list":["post-1230","page","type-page","status-publish","hentry"],"yoast_head":"<!-- This site is optimized with the Yoast SEO plugin v27.3 - https:\/\/yoast.com\/product\/yoast-seo-wordpress\/ -->\n<title>Muinaiskulttuurin opintopolku - Tihuse | Hobuturismitalu Muhu saarel<\/title>\n<meta name=\"robots\" content=\"index, follow, max-snippet:-1, max-image-preview:large, max-video-preview:-1\" \/>\n<link rel=\"canonical\" href=\"https:\/\/www.tihuse.ee\/muinaskultuuri-opperada\/\" \/>\n<meta property=\"og:locale\" content=\"fi_FI\" \/>\n<meta property=\"og:type\" content=\"article\" \/>\n<meta property=\"og:title\" content=\"Muinaiskulttuurin opintopolku - Tihuse | Hobuturismitalu Muhu saarel\" \/>\n<meta property=\"og:description\" content=\"Muinaiskulttuurin opintopolku Muinaiskulttuurin opintopolku Virolaiset ovat el\u00e4neet It\u00e4meren rannalla jo runsaan viiden tuhannen vuoden ajan. Muhulaiset ovat asuneet saaressaan yli kolme tuhatta vuotta. Meid\u00e4n muinaiskulttuurimme juuret ulottuvat viel\u00e4 paljon kauemmas. Ihminen yhdisti silloin sieluntilansa luonnonvoimiin. H\u00e4n sai n\u00e4in sieluntukea jokaisena hetken\u00e4 ja joka tilanteessa. T\u00e4m\u00e4 maailmankatsomus tarkoitti hyvi\u00e4 suhteita maan-, mets\u00e4n- ja merenhaltijoihin. Maan \u00e4iti\u00a0antaa [&hellip;]\" \/>\n<meta property=\"og:url\" content=\"https:\/\/www.tihuse.ee\/muinaskultuuri-opperada\/\" \/>\n<meta property=\"og:site_name\" content=\"Tihuse | Hobuturismitalu Muhu saarel\" \/>\n<meta property=\"article:modified_time\" content=\"2022-01-11T17:28:22+00:00\" \/>\n<meta property=\"og:image\" content=\"https:\/\/www.tihuse.ee\/wp-content\/uploads\/2022\/01\/1-1.jpg\" \/>\n\t<meta property=\"og:image:width\" content=\"300\" \/>\n\t<meta property=\"og:image:height\" content=\"52\" \/>\n\t<meta property=\"og:image:type\" content=\"image\/jpeg\" \/>\n<meta name=\"twitter:card\" content=\"summary_large_image\" \/>\n<meta name=\"twitter:label1\" content=\"Arvioitu lukuaika\" \/>\n\t<meta name=\"twitter:data1\" content=\"2 minuuttia\" \/>\n<script type=\"application\/ld+json\" class=\"yoast-schema-graph\">{\"@context\":\"https:\\\/\\\/schema.org\",\"@graph\":[{\"@type\":\"WebPage\",\"@id\":\"https:\\\/\\\/www.tihuse.ee\\\/muinaskultuuri-opperada\\\/\",\"url\":\"https:\\\/\\\/www.tihuse.ee\\\/muinaskultuuri-opperada\\\/\",\"name\":\"Muinaiskulttuurin opintopolku - Tihuse | Hobuturismitalu Muhu saarel\",\"isPartOf\":{\"@id\":\"https:\\\/\\\/www.tihuse.ee\\\/#website\"},\"primaryImageOfPage\":{\"@id\":\"https:\\\/\\\/www.tihuse.ee\\\/muinaskultuuri-opperada\\\/#primaryimage\"},\"image\":{\"@id\":\"https:\\\/\\\/www.tihuse.ee\\\/muinaskultuuri-opperada\\\/#primaryimage\"},\"thumbnailUrl\":\"https:\\\/\\\/www.tihuse.ee\\\/wp-content\\\/uploads\\\/2022\\\/01\\\/1-1.jpg\",\"datePublished\":\"2022-01-04T16:51:34+00:00\",\"dateModified\":\"2022-01-11T17:28:22+00:00\",\"breadcrumb\":{\"@id\":\"https:\\\/\\\/www.tihuse.ee\\\/muinaskultuuri-opperada\\\/#breadcrumb\"},\"inLanguage\":\"fi\",\"potentialAction\":[{\"@type\":\"ReadAction\",\"target\":[\"https:\\\/\\\/www.tihuse.ee\\\/muinaskultuuri-opperada\\\/\"]}]},{\"@type\":\"ImageObject\",\"inLanguage\":\"fi\",\"@id\":\"https:\\\/\\\/www.tihuse.ee\\\/muinaskultuuri-opperada\\\/#primaryimage\",\"url\":\"https:\\\/\\\/www.tihuse.ee\\\/wp-content\\\/uploads\\\/2022\\\/01\\\/1-1.jpg\",\"contentUrl\":\"https:\\\/\\\/www.tihuse.ee\\\/wp-content\\\/uploads\\\/2022\\\/01\\\/1-1.jpg\"},{\"@type\":\"BreadcrumbList\",\"@id\":\"https:\\\/\\\/www.tihuse.ee\\\/muinaskultuuri-opperada\\\/#breadcrumb\",\"itemListElement\":[{\"@type\":\"ListItem\",\"position\":1,\"name\":\"Home\",\"item\":\"https:\\\/\\\/www.tihuse.ee\\\/fi\\\/\"},{\"@type\":\"ListItem\",\"position\":2,\"name\":\"Muinaiskulttuurin opintopolku\"}]},{\"@type\":\"WebSite\",\"@id\":\"https:\\\/\\\/www.tihuse.ee\\\/#website\",\"url\":\"https:\\\/\\\/www.tihuse.ee\\\/\",\"name\":\"Tihuse | Hobuturismitalu Muhu saarel\",\"description\":\"\",\"publisher\":{\"@id\":\"https:\\\/\\\/www.tihuse.ee\\\/#organization\"},\"potentialAction\":[{\"@type\":\"SearchAction\",\"target\":{\"@type\":\"EntryPoint\",\"urlTemplate\":\"https:\\\/\\\/www.tihuse.ee\\\/?s={search_term_string}\"},\"query-input\":{\"@type\":\"PropertyValueSpecification\",\"valueRequired\":true,\"valueName\":\"search_term_string\"}}],\"inLanguage\":\"fi\"},{\"@type\":\"Organization\",\"@id\":\"https:\\\/\\\/www.tihuse.ee\\\/#organization\",\"name\":\"Tihuse | Hobuturismitalu Muhu saarel\",\"url\":\"https:\\\/\\\/www.tihuse.ee\\\/\",\"logo\":{\"@type\":\"ImageObject\",\"inLanguage\":\"fi\",\"@id\":\"https:\\\/\\\/www.tihuse.ee\\\/#\\\/schema\\\/logo\\\/image\\\/\",\"url\":\"https:\\\/\\\/www.tihuse.ee\\\/wp-content\\\/uploads\\\/2022\\\/01\\\/TIHUSE-Logo.png\",\"contentUrl\":\"https:\\\/\\\/www.tihuse.ee\\\/wp-content\\\/uploads\\\/2022\\\/01\\\/TIHUSE-Logo.png\",\"width\":1488,\"height\":1340,\"caption\":\"Tihuse | Hobuturismitalu Muhu saarel\"},\"image\":{\"@id\":\"https:\\\/\\\/www.tihuse.ee\\\/#\\\/schema\\\/logo\\\/image\\\/\"}}]}<\/script>\n<!-- \/ Yoast SEO plugin. -->","yoast_head_json":{"title":"Muinaiskulttuurin opintopolku - Tihuse | Hobuturismitalu Muhu saarel","robots":{"index":"index","follow":"follow","max-snippet":"max-snippet:-1","max-image-preview":"max-image-preview:large","max-video-preview":"max-video-preview:-1"},"canonical":"https:\/\/www.tihuse.ee\/muinaskultuuri-opperada\/","og_locale":"fi_FI","og_type":"article","og_title":"Muinaiskulttuurin opintopolku - Tihuse | Hobuturismitalu Muhu saarel","og_description":"Muinaiskulttuurin opintopolku Muinaiskulttuurin opintopolku Virolaiset ovat el\u00e4neet It\u00e4meren rannalla jo runsaan viiden tuhannen vuoden ajan. Muhulaiset ovat asuneet saaressaan yli kolme tuhatta vuotta. Meid\u00e4n muinaiskulttuurimme juuret ulottuvat viel\u00e4 paljon kauemmas. Ihminen yhdisti silloin sieluntilansa luonnonvoimiin. H\u00e4n sai n\u00e4in sieluntukea jokaisena hetken\u00e4 ja joka tilanteessa. T\u00e4m\u00e4 maailmankatsomus tarkoitti hyvi\u00e4 suhteita maan-, mets\u00e4n- ja merenhaltijoihin. Maan \u00e4iti\u00a0antaa [&hellip;]","og_url":"https:\/\/www.tihuse.ee\/muinaskultuuri-opperada\/","og_site_name":"Tihuse | Hobuturismitalu Muhu saarel","article_modified_time":"2022-01-11T17:28:22+00:00","og_image":[{"width":300,"height":52,"url":"https:\/\/www.tihuse.ee\/wp-content\/uploads\/2022\/01\/1-1.jpg","type":"image\/jpeg"}],"twitter_card":"summary_large_image","twitter_misc":{"Arvioitu lukuaika":"2 minuuttia"},"schema":{"@context":"https:\/\/schema.org","@graph":[{"@type":"WebPage","@id":"https:\/\/www.tihuse.ee\/muinaskultuuri-opperada\/","url":"https:\/\/www.tihuse.ee\/muinaskultuuri-opperada\/","name":"Muinaiskulttuurin opintopolku - Tihuse | Hobuturismitalu Muhu saarel","isPartOf":{"@id":"https:\/\/www.tihuse.ee\/#website"},"primaryImageOfPage":{"@id":"https:\/\/www.tihuse.ee\/muinaskultuuri-opperada\/#primaryimage"},"image":{"@id":"https:\/\/www.tihuse.ee\/muinaskultuuri-opperada\/#primaryimage"},"thumbnailUrl":"https:\/\/www.tihuse.ee\/wp-content\/uploads\/2022\/01\/1-1.jpg","datePublished":"2022-01-04T16:51:34+00:00","dateModified":"2022-01-11T17:28:22+00:00","breadcrumb":{"@id":"https:\/\/www.tihuse.ee\/muinaskultuuri-opperada\/#breadcrumb"},"inLanguage":"fi","potentialAction":[{"@type":"ReadAction","target":["https:\/\/www.tihuse.ee\/muinaskultuuri-opperada\/"]}]},{"@type":"ImageObject","inLanguage":"fi","@id":"https:\/\/www.tihuse.ee\/muinaskultuuri-opperada\/#primaryimage","url":"https:\/\/www.tihuse.ee\/wp-content\/uploads\/2022\/01\/1-1.jpg","contentUrl":"https:\/\/www.tihuse.ee\/wp-content\/uploads\/2022\/01\/1-1.jpg"},{"@type":"BreadcrumbList","@id":"https:\/\/www.tihuse.ee\/muinaskultuuri-opperada\/#breadcrumb","itemListElement":[{"@type":"ListItem","position":1,"name":"Home","item":"https:\/\/www.tihuse.ee\/fi\/"},{"@type":"ListItem","position":2,"name":"Muinaiskulttuurin opintopolku"}]},{"@type":"WebSite","@id":"https:\/\/www.tihuse.ee\/#website","url":"https:\/\/www.tihuse.ee\/","name":"Tihuse | Hobuturismitalu Muhu saarel","description":"","publisher":{"@id":"https:\/\/www.tihuse.ee\/#organization"},"potentialAction":[{"@type":"SearchAction","target":{"@type":"EntryPoint","urlTemplate":"https:\/\/www.tihuse.ee\/?s={search_term_string}"},"query-input":{"@type":"PropertyValueSpecification","valueRequired":true,"valueName":"search_term_string"}}],"inLanguage":"fi"},{"@type":"Organization","@id":"https:\/\/www.tihuse.ee\/#organization","name":"Tihuse | Hobuturismitalu Muhu saarel","url":"https:\/\/www.tihuse.ee\/","logo":{"@type":"ImageObject","inLanguage":"fi","@id":"https:\/\/www.tihuse.ee\/#\/schema\/logo\/image\/","url":"https:\/\/www.tihuse.ee\/wp-content\/uploads\/2022\/01\/TIHUSE-Logo.png","contentUrl":"https:\/\/www.tihuse.ee\/wp-content\/uploads\/2022\/01\/TIHUSE-Logo.png","width":1488,"height":1340,"caption":"Tihuse | Hobuturismitalu Muhu saarel"},"image":{"@id":"https:\/\/www.tihuse.ee\/#\/schema\/logo\/image\/"}}]}},"_links":{"self":[{"href":"https:\/\/www.tihuse.ee\/fi\/wp-json\/wp\/v2\/pages\/1230","targetHints":{"allow":["GET"]}}],"collection":[{"href":"https:\/\/www.tihuse.ee\/fi\/wp-json\/wp\/v2\/pages"}],"about":[{"href":"https:\/\/www.tihuse.ee\/fi\/wp-json\/wp\/v2\/types\/page"}],"author":[{"embeddable":true,"href":"https:\/\/www.tihuse.ee\/fi\/wp-json\/wp\/v2\/users\/1"}],"replies":[{"embeddable":true,"href":"https:\/\/www.tihuse.ee\/fi\/wp-json\/wp\/v2\/comments?post=1230"}],"version-history":[{"count":5,"href":"https:\/\/www.tihuse.ee\/fi\/wp-json\/wp\/v2\/pages\/1230\/revisions"}],"predecessor-version":[{"id":1354,"href":"https:\/\/www.tihuse.ee\/fi\/wp-json\/wp\/v2\/pages\/1230\/revisions\/1354"}],"wp:attachment":[{"href":"https:\/\/www.tihuse.ee\/fi\/wp-json\/wp\/v2\/media?parent=1230"}],"curies":[{"name":"wp","href":"https:\/\/api.w.org\/{rel}","templated":true}]}}