{"id":1242,"date":"2022-01-04T16:26:51","date_gmt":"2022-01-04T16:26:51","guid":{"rendered":"https:\/\/www.tihuse.ee\/timander\/"},"modified":"2022-01-12T10:30:36","modified_gmt":"2022-01-12T10:30:36","slug":"timander","status":"publish","type":"page","link":"https:\/\/www.tihuse.ee\/fi\/tihusel-kasutatud-takud\/timander\/","title":{"rendered":"Timander"},"content":{"rendered":"\t\t<div data-elementor-type=\"wp-page\" data-elementor-id=\"1242\" class=\"elementor elementor-1242 elementor-561\">\n\t\t\t\t\t\t<section class=\"elementor-section elementor-top-section elementor-element elementor-element-4638b618 elementor-section-boxed elementor-section-height-default elementor-section-height-default\" data-id=\"4638b618\" data-element_type=\"section\" data-e-type=\"section\" data-settings=\"{&quot;background_background&quot;:&quot;classic&quot;}\">\n\t\t\t\t\t\t<div class=\"elementor-container elementor-column-gap-default\">\n\t\t\t\t\t<div class=\"elementor-column elementor-col-100 elementor-top-column elementor-element elementor-element-ddc96b6\" data-id=\"ddc96b6\" data-element_type=\"column\" data-e-type=\"column\">\n\t\t\t<div class=\"elementor-widget-wrap elementor-element-populated\">\n\t\t\t\t\t\t<div class=\"elementor-element elementor-element-20777be8 elementor-widget__width-auto elementor-widget elementor-widget-heading\" data-id=\"20777be8\" data-element_type=\"widget\" data-e-type=\"widget\" data-widget_type=\"heading.default\">\n\t\t\t\t\t<h2 class=\"elementor-heading-title elementor-size-default\">Timander<\/h2>\t\t\t\t<\/div>\n\t\t\t\t\t<\/div>\n\t\t<\/div>\n\t\t\t\t\t<\/div>\n\t\t<\/section>\n\t\t\t\t<section class=\"elementor-section elementor-top-section elementor-element elementor-element-16692332 elementor-section-boxed elementor-section-height-default elementor-section-height-default\" data-id=\"16692332\" data-element_type=\"section\" data-e-type=\"section\">\n\t\t\t\t\t\t<div class=\"elementor-container elementor-column-gap-default\">\n\t\t\t\t\t<div class=\"elementor-column elementor-col-100 elementor-top-column elementor-element elementor-element-6bf2e590\" data-id=\"6bf2e590\" data-element_type=\"column\" data-e-type=\"column\">\n\t\t\t<div class=\"elementor-widget-wrap elementor-element-populated\">\n\t\t\t\t\t\t<div class=\"elementor-element elementor-element-64567992 elementor-widget elementor-widget-icon-box\" data-id=\"64567992\" data-element_type=\"widget\" data-e-type=\"widget\" data-widget_type=\"icon-box.default\">\n\t\t\t\t\t\t\t<div class=\"elementor-icon-box-wrapper\">\n\n\t\t\t\n\t\t\t\t\t\t<div class=\"elementor-icon-box-content\">\n\n\t\t\t\t\t\t\t\t\t<h3 class=\"elementor-icon-box-title\">\n\t\t\t\t\t\t<span  >\n\t\t\t\t\t\t\tOri: Timander\t\t\t\t\t\t<\/span>\n\t\t\t\t\t<\/h3>\n\t\t\t\t\n\t\t\t\t\n\t\t\t<\/div>\n\t\t\t\n\t\t<\/div>\n\t\t\t\t\t\t<\/div>\n\t\t\t\t<div class=\"elementor-element elementor-element-61098f73 elementor-widget-divider--view-line elementor-widget elementor-widget-divider\" data-id=\"61098f73\" data-element_type=\"widget\" data-e-type=\"widget\" data-widget_type=\"divider.default\">\n\t\t\t\t\t\t\t<div class=\"elementor-divider\">\n\t\t\t<span class=\"elementor-divider-separator\">\n\t\t\t\t\t\t<\/span>\n\t\t<\/div>\n\t\t\t\t\t\t<\/div>\n\t\t\t\t\t<\/div>\n\t\t<\/div>\n\t\t\t\t\t<\/div>\n\t\t<\/section>\n\t\t\t\t<section class=\"elementor-section elementor-top-section elementor-element elementor-element-5bdc44d elementor-section-boxed elementor-section-height-default elementor-section-height-default\" data-id=\"5bdc44d\" data-element_type=\"section\" data-e-type=\"section\">\n\t\t\t\t\t\t<div class=\"elementor-container elementor-column-gap-default\">\n\t\t\t\t\t<div class=\"elementor-column elementor-col-50 elementor-top-column elementor-element elementor-element-7c31abd\" data-id=\"7c31abd\" data-element_type=\"column\" data-e-type=\"column\">\n\t\t\t<div class=\"elementor-widget-wrap elementor-element-populated\">\n\t\t\t\t\t\t<div class=\"elementor-element elementor-element-2e972ca elementor-widget elementor-widget-image\" data-id=\"2e972ca\" data-element_type=\"widget\" data-e-type=\"widget\" data-widget_type=\"image.default\">\n\t\t\t\t\t\t\t\t\t\t\t\t\t\t\t<img fetchpriority=\"high\" decoding=\"async\" width=\"1024\" height=\"686\" src=\"https:\/\/www.tihuse.ee\/wp-content\/uploads\/2022\/01\/timander-1-1024x686.jpg\" class=\"attachment-large size-large wp-image-1150\" alt=\"\" srcset=\"https:\/\/www.tihuse.ee\/wp-content\/uploads\/2022\/01\/timander-1-1024x686.jpg 1024w, https:\/\/www.tihuse.ee\/wp-content\/uploads\/2022\/01\/timander-1-300x201.jpg 300w, https:\/\/www.tihuse.ee\/wp-content\/uploads\/2022\/01\/timander-1-768x514.jpg 768w, https:\/\/www.tihuse.ee\/wp-content\/uploads\/2022\/01\/timander-1.jpg 1195w\" sizes=\"(max-width: 1024px) 100vw, 1024px\" \/>\t\t\t\t\t\t\t\t\t\t\t\t\t\t\t<\/div>\n\t\t\t\t<div class=\"elementor-element elementor-element-9a4162b elementor-widget elementor-widget-text-editor\" data-id=\"9a4162b\" data-element_type=\"widget\" data-e-type=\"widget\" data-widget_type=\"text-editor.default\">\n\t\t\t\t\t\t\t\t\t<p><strong>Rotu:<\/strong>\u00a0Eestinhevonen<br \/><strong>Syntynyt:<\/strong>\u00a02004<br \/><strong>V\u00e4ri:<\/strong>\u00a0kimo<br \/><strong>S\u00e4k\u00e4korkeus: :<\/strong>\u00a0142cm (2015 kev\u00e4\u00e4ll\u00e4)<br \/><strong>Jalostaja\/ omistaja:<\/strong>\u00a0Aita Naanu\/ Gaida \u00d5unapuu<br \/><strong>Astutusmaksu:<\/strong>\u00a060\u20ac<br \/><strong>Lis\u00e4tietoa astutusmahdollisuuksista<\/strong>: +372 5615 0277 \u2013 Mariliis \u00d5unapuu<\/p>\t\t\t\t\t\t\t\t<\/div>\n\t\t\t\t<div class=\"elementor-element elementor-element-8932a96 elementor-widget-divider--view-line elementor-widget elementor-widget-divider\" data-id=\"8932a96\" data-element_type=\"widget\" data-e-type=\"widget\" data-widget_type=\"divider.default\">\n\t\t\t\t\t\t\t<div class=\"elementor-divider\">\n\t\t\t<span class=\"elementor-divider-separator\">\n\t\t\t\t\t\t<\/span>\n\t\t<\/div>\n\t\t\t\t\t\t<\/div>\n\t\t\t\t<div class=\"elementor-element elementor-element-adaa265 elementor-widget elementor-widget-heading\" data-id=\"adaa265\" data-element_type=\"widget\" data-e-type=\"widget\" data-widget_type=\"heading.default\">\n\t\t\t\t\t<h2 class=\"elementor-heading-title elementor-size-default\">LIS\u00c4TIETOA<\/h2>\t\t\t\t<\/div>\n\t\t\t\t<div class=\"elementor-element elementor-element-87bebad elementor-widget elementor-widget-text-editor\" data-id=\"87bebad\" data-element_type=\"widget\" data-e-type=\"widget\" data-widget_type=\"text-editor.default\">\n\t\t\t\t\t\t\t\t\t<p>Vuonna 2016 odotamme Timanderin ensimm\u00e4ist\u00e4 varsaa.<br \/>Timander on perim\u00e4lt\u00e4\u00e4n kiinnostava ori, joka ei ole aiemmin k\u00e4ytetty.<br \/>Ori on j\u00e4rkev\u00e4, yhteysty\u00f6kykyinen ja ihmist\u00e4 kunnioittava.<br \/>Timanderilla on EHKAS:in my\u00f6nt\u00e4m\u00e4 orilisenssi vuosiksi 2016-2018.<br \/>Parien valinnassa tulee seurata hevosten yl\u00e4linjaa ja lievent\u00e4v\u00e4n (keltaisen) v\u00e4rigeenin mahdollista periytymist\u00e4.<br \/>Geneettinen tutkimus on suoritettu.<\/p>\t\t\t\t\t\t\t\t<\/div>\n\t\t\t\t\t<\/div>\n\t\t<\/div>\n\t\t\t\t<div class=\"elementor-column elementor-col-50 elementor-top-column elementor-element elementor-element-75dcc0a\" data-id=\"75dcc0a\" data-element_type=\"column\" data-e-type=\"column\">\n\t\t\t<div class=\"elementor-widget-wrap elementor-element-populated\">\n\t\t\t\t\t\t<div class=\"elementor-element elementor-element-6460fab elementor-widget elementor-widget-image\" data-id=\"6460fab\" data-element_type=\"widget\" data-e-type=\"widget\" data-widget_type=\"image.default\">\n\t\t\t\t\t\t\t\t\t\t\t\t\t\t\t<img decoding=\"async\" width=\"830\" height=\"507\" src=\"https:\/\/www.tihuse.ee\/wp-content\/uploads\/2022\/01\/Timander.png\" class=\"attachment-full size-full wp-image-1152\" alt=\"\" srcset=\"https:\/\/www.tihuse.ee\/wp-content\/uploads\/2022\/01\/Timander.png 830w, https:\/\/www.tihuse.ee\/wp-content\/uploads\/2022\/01\/Timander-300x183.png 300w, https:\/\/www.tihuse.ee\/wp-content\/uploads\/2022\/01\/Timander-768x469.png 768w\" sizes=\"(max-width: 830px) 100vw, 830px\" \/>\t\t\t\t\t\t\t\t\t\t\t\t\t\t\t<\/div>\n\t\t\t\t\t<\/div>\n\t\t<\/div>\n\t\t\t\t\t<\/div>\n\t\t<\/section>\n\t\t\t\t<\/div>\n\t\t","protected":false},"excerpt":{"rendered":"<p>Timander Ori: Timander Rotu:\u00a0EestinhevonenSyntynyt:\u00a02004V\u00e4ri:\u00a0kimoS\u00e4k\u00e4korkeus: :\u00a0142cm (2015 kev\u00e4\u00e4ll\u00e4)Jalostaja\/ omistaja:\u00a0Aita Naanu\/ Gaida \u00d5unapuuAstutusmaksu:\u00a060\u20acLis\u00e4tietoa astutusmahdollisuuksista: +372 5615 0277 \u2013 Mariliis \u00d5unapuu LIS\u00c4TIETOA Vuonna 2016 odotamme Timanderin ensimm\u00e4ist\u00e4 varsaa.Timander on perim\u00e4lt\u00e4\u00e4n kiinnostava ori, joka ei ole aiemmin k\u00e4ytetty.Ori on j\u00e4rkev\u00e4, yhteysty\u00f6kykyinen ja ihmist\u00e4 kunnioittava.Timanderilla on EHKAS:in my\u00f6nt\u00e4m\u00e4 orilisenssi vuosiksi 2016-2018.Parien valinnassa tulee seurata hevosten yl\u00e4linjaa ja lievent\u00e4v\u00e4n (keltaisen) v\u00e4rigeenin [&hellip;]<\/p>\n","protected":false},"author":1,"featured_media":0,"parent":1244,"menu_order":0,"comment_status":"closed","ping_status":"closed","template":"","meta":{"site-sidebar-layout":"no-sidebar","site-content-layout":"page-builder","ast-site-content-layout":"default","site-content-style":"default","site-sidebar-style":"default","ast-global-header-display":"","ast-banner-title-visibility":"","ast-main-header-display":"","ast-hfb-above-header-display":"","ast-hfb-below-header-display":"","ast-hfb-mobile-header-display":"","site-post-title":"disabled","ast-breadcrumbs-content":"","ast-featured-img":"disabled","footer-sml-layout":"","ast-disable-related-posts":"","theme-transparent-header-meta":"","adv-header-id-meta":"","stick-header-meta":"","header-above-stick-meta":"","header-main-stick-meta":"","header-below-stick-meta":"","astra-migrate-meta-layouts":"default","ast-page-background-enabled":"default","ast-page-background-meta":{"desktop":{"background-color":"var(--ast-global-color-4)","background-image":"","background-repeat":"repeat","background-position":"center center","background-size":"auto","background-attachment":"scroll","background-type":"","background-media":"","overlay-type":"","overlay-color":"","overlay-opacity":"","overlay-gradient":""},"tablet":{"background-color":"","background-image":"","background-repeat":"repeat","background-position":"center center","background-size":"auto","background-attachment":"scroll","background-type":"","background-media":"","overlay-type":"","overlay-color":"","overlay-opacity":"","overlay-gradient":""},"mobile":{"background-color":"","background-image":"","background-repeat":"repeat","background-position":"center center","background-size":"auto","background-attachment":"scroll","background-type":"","background-media":"","overlay-type":"","overlay-color":"","overlay-opacity":"","overlay-gradient":""}},"ast-content-background-meta":{"desktop":{"background-color":"var(--ast-global-color-5)","background-image":"","background-repeat":"repeat","background-position":"center center","background-size":"auto","background-attachment":"scroll","background-type":"","background-media":"","overlay-type":"","overlay-color":"","overlay-opacity":"","overlay-gradient":""},"tablet":{"background-color":"var(--ast-global-color-5)","background-image":"","background-repeat":"repeat","background-position":"center center","background-size":"auto","background-attachment":"scroll","background-type":"","background-media":"","overlay-type":"","overlay-color":"","overlay-opacity":"","overlay-gradient":""},"mobile":{"background-color":"var(--ast-global-color-5)","background-image":"","background-repeat":"repeat","background-position":"center center","background-size":"auto","background-attachment":"scroll","background-type":"","background-media":"","overlay-type":"","overlay-color":"","overlay-opacity":"","overlay-gradient":""}},"footnotes":""},"class_list":["post-1242","page","type-page","status-publish","hentry"],"yoast_head":"<!-- This site is optimized with the Yoast SEO plugin v27.3 - https:\/\/yoast.com\/product\/yoast-seo-wordpress\/ -->\n<title>Timander - Tihuse | Hobuturismitalu Muhu saarel<\/title>\n<meta name=\"robots\" content=\"index, follow, max-snippet:-1, max-image-preview:large, max-video-preview:-1\" \/>\n<link rel=\"canonical\" href=\"https:\/\/www.tihuse.ee\/tihusel-kasutatud-takud\/timander\/\" \/>\n<meta property=\"og:locale\" content=\"fi_FI\" \/>\n<meta property=\"og:type\" content=\"article\" \/>\n<meta property=\"og:title\" content=\"Timander - Tihuse | Hobuturismitalu Muhu saarel\" \/>\n<meta property=\"og:description\" content=\"Timander Ori: Timander Rotu:\u00a0EestinhevonenSyntynyt:\u00a02004V\u00e4ri:\u00a0kimoS\u00e4k\u00e4korkeus: :\u00a0142cm (2015 kev\u00e4\u00e4ll\u00e4)Jalostaja\/ omistaja:\u00a0Aita Naanu\/ Gaida \u00d5unapuuAstutusmaksu:\u00a060\u20acLis\u00e4tietoa astutusmahdollisuuksista: +372 5615 0277 \u2013 Mariliis \u00d5unapuu LIS\u00c4TIETOA Vuonna 2016 odotamme Timanderin ensimm\u00e4ist\u00e4 varsaa.Timander on perim\u00e4lt\u00e4\u00e4n kiinnostava ori, joka ei ole aiemmin k\u00e4ytetty.Ori on j\u00e4rkev\u00e4, yhteysty\u00f6kykyinen ja ihmist\u00e4 kunnioittava.Timanderilla on EHKAS:in my\u00f6nt\u00e4m\u00e4 orilisenssi vuosiksi 2016-2018.Parien valinnassa tulee seurata hevosten yl\u00e4linjaa ja lievent\u00e4v\u00e4n (keltaisen) v\u00e4rigeenin [&hellip;]\" \/>\n<meta property=\"og:url\" content=\"https:\/\/www.tihuse.ee\/tihusel-kasutatud-takud\/timander\/\" \/>\n<meta property=\"og:site_name\" content=\"Tihuse | Hobuturismitalu Muhu saarel\" \/>\n<meta property=\"article:modified_time\" content=\"2022-01-12T10:30:36+00:00\" \/>\n<meta property=\"og:image\" content=\"https:\/\/www.tihuse.ee\/wp-content\/uploads\/2022\/01\/timander-1.jpg\" \/>\n\t<meta property=\"og:image:width\" content=\"1195\" \/>\n\t<meta property=\"og:image:height\" content=\"800\" \/>\n\t<meta property=\"og:image:type\" content=\"image\/jpeg\" \/>\n<meta name=\"twitter:card\" content=\"summary_large_image\" \/>\n<script type=\"application\/ld+json\" class=\"yoast-schema-graph\">{\"@context\":\"https:\\\/\\\/schema.org\",\"@graph\":[{\"@type\":\"WebPage\",\"@id\":\"https:\\\/\\\/www.tihuse.ee\\\/tihusel-kasutatud-takud\\\/timander\\\/\",\"url\":\"https:\\\/\\\/www.tihuse.ee\\\/tihusel-kasutatud-takud\\\/timander\\\/\",\"name\":\"Timander - Tihuse | Hobuturismitalu Muhu saarel\",\"isPartOf\":{\"@id\":\"https:\\\/\\\/www.tihuse.ee\\\/#website\"},\"primaryImageOfPage\":{\"@id\":\"https:\\\/\\\/www.tihuse.ee\\\/tihusel-kasutatud-takud\\\/timander\\\/#primaryimage\"},\"image\":{\"@id\":\"https:\\\/\\\/www.tihuse.ee\\\/tihusel-kasutatud-takud\\\/timander\\\/#primaryimage\"},\"thumbnailUrl\":\"https:\\\/\\\/www.tihuse.ee\\\/wp-content\\\/uploads\\\/2022\\\/01\\\/timander-1-1024x686.jpg\",\"datePublished\":\"2022-01-04T16:26:51+00:00\",\"dateModified\":\"2022-01-12T10:30:36+00:00\",\"breadcrumb\":{\"@id\":\"https:\\\/\\\/www.tihuse.ee\\\/tihusel-kasutatud-takud\\\/timander\\\/#breadcrumb\"},\"inLanguage\":\"fi\",\"potentialAction\":[{\"@type\":\"ReadAction\",\"target\":[\"https:\\\/\\\/www.tihuse.ee\\\/tihusel-kasutatud-takud\\\/timander\\\/\"]}]},{\"@type\":\"ImageObject\",\"inLanguage\":\"fi\",\"@id\":\"https:\\\/\\\/www.tihuse.ee\\\/tihusel-kasutatud-takud\\\/timander\\\/#primaryimage\",\"url\":\"https:\\\/\\\/www.tihuse.ee\\\/wp-content\\\/uploads\\\/2022\\\/01\\\/timander-1-1024x686.jpg\",\"contentUrl\":\"https:\\\/\\\/www.tihuse.ee\\\/wp-content\\\/uploads\\\/2022\\\/01\\\/timander-1-1024x686.jpg\"},{\"@type\":\"BreadcrumbList\",\"@id\":\"https:\\\/\\\/www.tihuse.ee\\\/tihusel-kasutatud-takud\\\/timander\\\/#breadcrumb\",\"itemListElement\":[{\"@type\":\"ListItem\",\"position\":1,\"name\":\"Home\",\"item\":\"https:\\\/\\\/www.tihuse.ee\\\/fi\\\/\"},{\"@type\":\"ListItem\",\"position\":2,\"name\":\"Tihusella k\u00e4ytetyt orit\",\"item\":\"https:\\\/\\\/www.tihuse.ee\\\/tihusel-kasutatud-takud\\\/\"},{\"@type\":\"ListItem\",\"position\":3,\"name\":\"Timander\"}]},{\"@type\":\"WebSite\",\"@id\":\"https:\\\/\\\/www.tihuse.ee\\\/#website\",\"url\":\"https:\\\/\\\/www.tihuse.ee\\\/\",\"name\":\"Tihuse | Hobuturismitalu Muhu saarel\",\"description\":\"\",\"publisher\":{\"@id\":\"https:\\\/\\\/www.tihuse.ee\\\/#organization\"},\"potentialAction\":[{\"@type\":\"SearchAction\",\"target\":{\"@type\":\"EntryPoint\",\"urlTemplate\":\"https:\\\/\\\/www.tihuse.ee\\\/?s={search_term_string}\"},\"query-input\":{\"@type\":\"PropertyValueSpecification\",\"valueRequired\":true,\"valueName\":\"search_term_string\"}}],\"inLanguage\":\"fi\"},{\"@type\":\"Organization\",\"@id\":\"https:\\\/\\\/www.tihuse.ee\\\/#organization\",\"name\":\"Tihuse | Hobuturismitalu Muhu saarel\",\"url\":\"https:\\\/\\\/www.tihuse.ee\\\/\",\"logo\":{\"@type\":\"ImageObject\",\"inLanguage\":\"fi\",\"@id\":\"https:\\\/\\\/www.tihuse.ee\\\/#\\\/schema\\\/logo\\\/image\\\/\",\"url\":\"https:\\\/\\\/www.tihuse.ee\\\/wp-content\\\/uploads\\\/2022\\\/01\\\/TIHUSE-Logo.png\",\"contentUrl\":\"https:\\\/\\\/www.tihuse.ee\\\/wp-content\\\/uploads\\\/2022\\\/01\\\/TIHUSE-Logo.png\",\"width\":1488,\"height\":1340,\"caption\":\"Tihuse | Hobuturismitalu Muhu saarel\"},\"image\":{\"@id\":\"https:\\\/\\\/www.tihuse.ee\\\/#\\\/schema\\\/logo\\\/image\\\/\"}}]}<\/script>\n<!-- \/ Yoast SEO plugin. -->","yoast_head_json":{"title":"Timander - Tihuse | Hobuturismitalu Muhu saarel","robots":{"index":"index","follow":"follow","max-snippet":"max-snippet:-1","max-image-preview":"max-image-preview:large","max-video-preview":"max-video-preview:-1"},"canonical":"https:\/\/www.tihuse.ee\/tihusel-kasutatud-takud\/timander\/","og_locale":"fi_FI","og_type":"article","og_title":"Timander - Tihuse | Hobuturismitalu Muhu saarel","og_description":"Timander Ori: Timander Rotu:\u00a0EestinhevonenSyntynyt:\u00a02004V\u00e4ri:\u00a0kimoS\u00e4k\u00e4korkeus: :\u00a0142cm (2015 kev\u00e4\u00e4ll\u00e4)Jalostaja\/ omistaja:\u00a0Aita Naanu\/ Gaida \u00d5unapuuAstutusmaksu:\u00a060\u20acLis\u00e4tietoa astutusmahdollisuuksista: +372 5615 0277 \u2013 Mariliis \u00d5unapuu LIS\u00c4TIETOA Vuonna 2016 odotamme Timanderin ensimm\u00e4ist\u00e4 varsaa.Timander on perim\u00e4lt\u00e4\u00e4n kiinnostava ori, joka ei ole aiemmin k\u00e4ytetty.Ori on j\u00e4rkev\u00e4, yhteysty\u00f6kykyinen ja ihmist\u00e4 kunnioittava.Timanderilla on EHKAS:in my\u00f6nt\u00e4m\u00e4 orilisenssi vuosiksi 2016-2018.Parien valinnassa tulee seurata hevosten yl\u00e4linjaa ja lievent\u00e4v\u00e4n (keltaisen) v\u00e4rigeenin [&hellip;]","og_url":"https:\/\/www.tihuse.ee\/tihusel-kasutatud-takud\/timander\/","og_site_name":"Tihuse | Hobuturismitalu Muhu saarel","article_modified_time":"2022-01-12T10:30:36+00:00","og_image":[{"width":1195,"height":800,"url":"https:\/\/www.tihuse.ee\/wp-content\/uploads\/2022\/01\/timander-1.jpg","type":"image\/jpeg"}],"twitter_card":"summary_large_image","schema":{"@context":"https:\/\/schema.org","@graph":[{"@type":"WebPage","@id":"https:\/\/www.tihuse.ee\/tihusel-kasutatud-takud\/timander\/","url":"https:\/\/www.tihuse.ee\/tihusel-kasutatud-takud\/timander\/","name":"Timander - Tihuse | Hobuturismitalu Muhu saarel","isPartOf":{"@id":"https:\/\/www.tihuse.ee\/#website"},"primaryImageOfPage":{"@id":"https:\/\/www.tihuse.ee\/tihusel-kasutatud-takud\/timander\/#primaryimage"},"image":{"@id":"https:\/\/www.tihuse.ee\/tihusel-kasutatud-takud\/timander\/#primaryimage"},"thumbnailUrl":"https:\/\/www.tihuse.ee\/wp-content\/uploads\/2022\/01\/timander-1-1024x686.jpg","datePublished":"2022-01-04T16:26:51+00:00","dateModified":"2022-01-12T10:30:36+00:00","breadcrumb":{"@id":"https:\/\/www.tihuse.ee\/tihusel-kasutatud-takud\/timander\/#breadcrumb"},"inLanguage":"fi","potentialAction":[{"@type":"ReadAction","target":["https:\/\/www.tihuse.ee\/tihusel-kasutatud-takud\/timander\/"]}]},{"@type":"ImageObject","inLanguage":"fi","@id":"https:\/\/www.tihuse.ee\/tihusel-kasutatud-takud\/timander\/#primaryimage","url":"https:\/\/www.tihuse.ee\/wp-content\/uploads\/2022\/01\/timander-1-1024x686.jpg","contentUrl":"https:\/\/www.tihuse.ee\/wp-content\/uploads\/2022\/01\/timander-1-1024x686.jpg"},{"@type":"BreadcrumbList","@id":"https:\/\/www.tihuse.ee\/tihusel-kasutatud-takud\/timander\/#breadcrumb","itemListElement":[{"@type":"ListItem","position":1,"name":"Home","item":"https:\/\/www.tihuse.ee\/fi\/"},{"@type":"ListItem","position":2,"name":"Tihusella k\u00e4ytetyt orit","item":"https:\/\/www.tihuse.ee\/tihusel-kasutatud-takud\/"},{"@type":"ListItem","position":3,"name":"Timander"}]},{"@type":"WebSite","@id":"https:\/\/www.tihuse.ee\/#website","url":"https:\/\/www.tihuse.ee\/","name":"Tihuse | Hobuturismitalu Muhu saarel","description":"","publisher":{"@id":"https:\/\/www.tihuse.ee\/#organization"},"potentialAction":[{"@type":"SearchAction","target":{"@type":"EntryPoint","urlTemplate":"https:\/\/www.tihuse.ee\/?s={search_term_string}"},"query-input":{"@type":"PropertyValueSpecification","valueRequired":true,"valueName":"search_term_string"}}],"inLanguage":"fi"},{"@type":"Organization","@id":"https:\/\/www.tihuse.ee\/#organization","name":"Tihuse | Hobuturismitalu Muhu saarel","url":"https:\/\/www.tihuse.ee\/","logo":{"@type":"ImageObject","inLanguage":"fi","@id":"https:\/\/www.tihuse.ee\/#\/schema\/logo\/image\/","url":"https:\/\/www.tihuse.ee\/wp-content\/uploads\/2022\/01\/TIHUSE-Logo.png","contentUrl":"https:\/\/www.tihuse.ee\/wp-content\/uploads\/2022\/01\/TIHUSE-Logo.png","width":1488,"height":1340,"caption":"Tihuse | Hobuturismitalu Muhu saarel"},"image":{"@id":"https:\/\/www.tihuse.ee\/#\/schema\/logo\/image\/"}}]}},"_links":{"self":[{"href":"https:\/\/www.tihuse.ee\/fi\/wp-json\/wp\/v2\/pages\/1242","targetHints":{"allow":["GET"]}}],"collection":[{"href":"https:\/\/www.tihuse.ee\/fi\/wp-json\/wp\/v2\/pages"}],"about":[{"href":"https:\/\/www.tihuse.ee\/fi\/wp-json\/wp\/v2\/types\/page"}],"author":[{"embeddable":true,"href":"https:\/\/www.tihuse.ee\/fi\/wp-json\/wp\/v2\/users\/1"}],"replies":[{"embeddable":true,"href":"https:\/\/www.tihuse.ee\/fi\/wp-json\/wp\/v2\/comments?post=1242"}],"version-history":[{"count":4,"href":"https:\/\/www.tihuse.ee\/fi\/wp-json\/wp\/v2\/pages\/1242\/revisions"}],"predecessor-version":[{"id":1664,"href":"https:\/\/www.tihuse.ee\/fi\/wp-json\/wp\/v2\/pages\/1242\/revisions\/1664"}],"up":[{"embeddable":true,"href":"https:\/\/www.tihuse.ee\/fi\/wp-json\/wp\/v2\/pages\/1244"}],"wp:attachment":[{"href":"https:\/\/www.tihuse.ee\/fi\/wp-json\/wp\/v2\/media?parent=1242"}],"curies":[{"name":"wp","href":"https:\/\/api.w.org\/{rel}","templated":true}]}}