{"id":1395,"date":"2022-01-04T15:03:28","date_gmt":"2022-01-04T15:03:28","guid":{"rendered":"https:\/\/www.tihuse.ee\/kalessi-ja-reesoit\/"},"modified":"2025-03-23T09:03:05","modified_gmt":"2025-03-23T09:03:05","slug":"kalessi-ja-reesoit","status":"publish","type":"page","link":"https:\/\/www.tihuse.ee\/fi\/kalessi-ja-reesoit\/","title":{"rendered":"K\u00e4rry- ja kiesiajelut"},"content":{"rendered":"\t\t<div data-elementor-type=\"wp-page\" data-elementor-id=\"1395\" class=\"elementor elementor-1395 elementor-451\">\n\t\t\t\t\t\t<section class=\"elementor-section elementor-top-section elementor-element elementor-element-2fd33c01 elementor-section-boxed elementor-section-height-default elementor-section-height-default\" data-id=\"2fd33c01\" data-element_type=\"section\" data-e-type=\"section\" data-settings=\"{&quot;background_background&quot;:&quot;classic&quot;}\">\n\t\t\t\t\t\t<div class=\"elementor-container elementor-column-gap-default\">\n\t\t\t\t\t<div class=\"elementor-column elementor-col-100 elementor-top-column elementor-element elementor-element-6fe0d8e8\" data-id=\"6fe0d8e8\" data-element_type=\"column\" data-e-type=\"column\">\n\t\t\t<div class=\"elementor-widget-wrap elementor-element-populated\">\n\t\t\t\t\t\t<div class=\"elementor-element elementor-element-3faf7d79 elementor-widget__width-auto elementor-widget elementor-widget-heading\" data-id=\"3faf7d79\" data-element_type=\"widget\" data-e-type=\"widget\" data-widget_type=\"heading.default\">\n\t\t\t\t\t<h2 class=\"elementor-heading-title elementor-size-default\">K\u00e4rry- ja kiesiajelut<\/h2>\t\t\t\t<\/div>\n\t\t\t\t\t<\/div>\n\t\t<\/div>\n\t\t\t\t\t<\/div>\n\t\t<\/section>\n\t\t\t\t<section class=\"elementor-section elementor-top-section elementor-element elementor-element-2561d432 elementor-section-boxed elementor-section-height-default elementor-section-height-default\" data-id=\"2561d432\" data-element_type=\"section\" data-e-type=\"section\">\n\t\t\t\t\t\t<div class=\"elementor-container elementor-column-gap-default\">\n\t\t\t\t\t<div class=\"elementor-column elementor-col-100 elementor-top-column elementor-element elementor-element-7b112bcc\" data-id=\"7b112bcc\" data-element_type=\"column\" data-e-type=\"column\">\n\t\t\t<div class=\"elementor-widget-wrap elementor-element-populated\">\n\t\t\t\t\t\t<div class=\"elementor-element elementor-element-7082175a elementor-position-inline-start elementor-view-default elementor-mobile-position-block-start elementor-widget elementor-widget-icon-box\" data-id=\"7082175a\" data-element_type=\"widget\" data-e-type=\"widget\" data-widget_type=\"icon-box.default\">\n\t\t\t\t\t\t\t<div class=\"elementor-icon-box-wrapper\">\n\n\t\t\t\t\t\t<div class=\"elementor-icon-box-icon\">\n\t\t\t\t<span  class=\"elementor-icon\">\n\t\t\t\t<svg aria-hidden=\"true\" class=\"e-font-icon-svg e-far-compass\" viewBox=\"0 0 496 512\" xmlns=\"http:\/\/www.w3.org\/2000\/svg\"><path d=\"M347.94 129.86L203.6 195.83a31.938 31.938 0 0 0-15.77 15.77l-65.97 144.34c-7.61 16.65 9.54 33.81 26.2 26.2l144.34-65.97a31.938 31.938 0 0 0 15.77-15.77l65.97-144.34c7.61-16.66-9.54-33.81-26.2-26.2zm-77.36 148.72c-12.47 12.47-32.69 12.47-45.16 0-12.47-12.47-12.47-32.69 0-45.16 12.47-12.47 32.69-12.47 45.16 0 12.47 12.47 12.47 32.69 0 45.16zM248 8C111.03 8 0 119.03 0 256s111.03 248 248 248 248-111.03 248-248S384.97 8 248 8zm0 448c-110.28 0-200-89.72-200-200S137.72 56 248 56s200 89.72 200 200-89.72 200-200 200z\"><\/path><\/svg>\t\t\t\t<\/span>\n\t\t\t<\/div>\n\t\t\t\n\t\t\t\t\t\t<div class=\"elementor-icon-box-content\">\n\n\t\t\t\t\t\t\t\t\t<h3 class=\"elementor-icon-box-title\">\n\t\t\t\t\t\t<span  >\n\t\t\t\t\t\t\tK\u00e4rry- ja kiesiajelut\t\t\t\t\t\t<\/span>\n\t\t\t\t\t<\/h3>\n\t\t\t\t\n\t\t\t\t\n\t\t\t<\/div>\n\t\t\t\n\t\t<\/div>\n\t\t\t\t\t\t<\/div>\n\t\t\t\t<div class=\"elementor-element elementor-element-4cead272 elementor-widget-divider--view-line elementor-widget elementor-widget-divider\" data-id=\"4cead272\" data-element_type=\"widget\" data-e-type=\"widget\" data-widget_type=\"divider.default\">\n\t\t\t\t\t\t\t<div class=\"elementor-divider\">\n\t\t\t<span class=\"elementor-divider-separator\">\n\t\t\t\t\t\t<\/span>\n\t\t<\/div>\n\t\t\t\t\t\t<\/div>\n\t\t\t\t\t<\/div>\n\t\t<\/div>\n\t\t\t\t\t<\/div>\n\t\t<\/section>\n\t\t\t\t<section class=\"elementor-section elementor-top-section elementor-element elementor-element-b9de626 elementor-section-boxed elementor-section-height-default elementor-section-height-default\" data-id=\"b9de626\" data-element_type=\"section\" data-e-type=\"section\">\n\t\t\t\t\t\t<div class=\"elementor-container elementor-column-gap-default\">\n\t\t\t\t\t<div class=\"elementor-column elementor-col-50 elementor-top-column elementor-element elementor-element-e26fbb4\" data-id=\"e26fbb4\" data-element_type=\"column\" data-e-type=\"column\">\n\t\t\t<div class=\"elementor-widget-wrap elementor-element-populated\">\n\t\t\t\t\t\t<div class=\"elementor-element elementor-element-a416746 elementor-widget elementor-widget-text-editor\" data-id=\"a416746\" data-element_type=\"widget\" data-e-type=\"widget\" data-widget_type=\"text-editor.default\">\n\t\t\t\t\t\t\t\t\t<p>Sopivat ihanteellisesti kaikille niille, jotka pit\u00e4v\u00e4t el\u00e4imist\u00e4 ja kauniista luonnosta, mutta eiv\u00e4t rohkene ratsastaa hevosella. Retkell\u00e4 on mukana ajuri, joka esittelee ymp\u00e4rist\u00f6\u00e4 ja vastaa mielell\u00e4\u00e4n kysymyksiinne.<br \/>Tule yst\u00e4v\u00e4si\/yst\u00e4v\u00e4tt\u00e4resi, perheesi, tuttaviesi, ty\u00f6- tai luokkatovereittesi kanssa Muhun saarelle, niin me j\u00e4rjest\u00e4mme Teille virkist\u00e4v\u00e4n retken luontoon muinaiskulttuuripoluille\/haltioiden luo tai l\u00e4hiymp\u00e4rist\u00f6n kyliin ja maagisiin metsiin.<br \/>Te voitte istua mukavasti kieseiss\u00e4 tai k\u00e4rryss\u00e4 ja nauttia maastoista ja seurasta.<\/p><p><strong>TALVELLA<\/strong>, kun s\u00e4iden s\u00e4\u00e4t\u00e4j\u00e4 on peitt\u00e4nyt maan valkoisella matolla, kutsulle Teid\u00e4t\u00a0<strong>rekiretkelle<\/strong>\u00a0lumisiin metsiin.\u00a0 Yhteen rekeen mahtuu n- 6-8 henke\u00e4. Ajelu kest\u00e4\u00e4 tunnin ja sopii kaiken ik\u00e4isille henkil\u00f6ille.<br \/>Jos lunta ei olekaan, ajelutamme Teit\u00e4 mielell\u00e4mme kieseill\u00e4. Ajella voi ymp\u00e4ri vuoden!<\/p>\t\t\t\t\t\t\t\t<\/div>\n\t\t\t\t\t<\/div>\n\t\t<\/div>\n\t\t\t\t<div class=\"elementor-column elementor-col-50 elementor-top-column elementor-element elementor-element-76dc625\" data-id=\"76dc625\" data-element_type=\"column\" data-e-type=\"column\">\n\t\t\t<div class=\"elementor-widget-wrap elementor-element-populated\">\n\t\t\t\t\t\t<div class=\"elementor-element elementor-element-0473e91 elementor-widget elementor-widget-text-editor\" data-id=\"0473e91\" data-element_type=\"widget\" data-e-type=\"widget\" data-widget_type=\"text-editor.default\">\n\t\t\t\t\t\t\t\t\t<ul>\n<li><span style=\"color: #115100;\"><em>Yhteen kiesiin mahtuu enint\u00e4\u00e4n viisi henke\u00e4. Meill\u00e4 on nelj\u00e4 jousitettua kiesia.<\/em><\/span><\/li>\n<li><span style=\"color: #115100;\"><em>Rekeen mahtuu 6-8 henke\u00e4.<\/em><\/span><\/li>\n<\/ul>\t\t\t\t\t\t\t\t<\/div>\n\t\t\t\t<div class=\"elementor-element elementor-element-1a4ddb0 gallery-spacing-custom elementor-widget elementor-widget-image-gallery\" data-id=\"1a4ddb0\" data-element_type=\"widget\" data-e-type=\"widget\" data-widget_type=\"image-gallery.default\">\n\t\t\t\t\t\t\t<div class=\"elementor-image-gallery\">\n\t\t\t<div id='gallery-1' class='gallery galleryid-1395 gallery-columns-4 gallery-size-thumbnail'><figure class='gallery-item'>\n\t\t\t<div class='gallery-icon portrait'>\n\t\t\t\t<a data-elementor-open-lightbox=\"yes\" data-elementor-lightbox-slideshow=\"1a4ddb0\" data-elementor-lightbox-title=\"DSC_1039\" data-e-action-hash=\"#elementor-action%3Aaction%3Dlightbox%26settings%3DeyJpZCI6OTc0LCJ1cmwiOiJodHRwczpcL1wvd3d3LnRpaHVzZS5lZVwvd3AtY29udGVudFwvdXBsb2Fkc1wvMjAyMlwvMDFcL0RTQ18xMDM5LXNjYWxlZC5qcGciLCJzbGlkZXNob3ciOiIxYTRkZGIwIn0%3D\" href='https:\/\/www.tihuse.ee\/wp-content\/uploads\/2022\/01\/DSC_1039-scaled.jpg'><img decoding=\"async\" width=\"150\" height=\"150\" src=\"https:\/\/www.tihuse.ee\/wp-content\/uploads\/2022\/01\/DSC_1039-150x150.jpg\" class=\"attachment-thumbnail size-thumbnail\" alt=\"\" \/><\/a>\n\t\t\t<\/div><\/figure><figure class='gallery-item'>\n\t\t\t<div class='gallery-icon landscape'>\n\t\t\t\t<a data-elementor-open-lightbox=\"yes\" data-elementor-lightbox-slideshow=\"1a4ddb0\" data-elementor-lightbox-title=\"12803006_1124472694292254_3383341862534397026_n-2\" data-e-action-hash=\"#elementor-action%3Aaction%3Dlightbox%26settings%3DeyJpZCI6NzkwLCJ1cmwiOiJodHRwczpcL1wvd3d3LnRpaHVzZS5lZVwvd3AtY29udGVudFwvdXBsb2Fkc1wvMjAyMlwvMDFcLzEyODAzMDA2XzExMjQ0NzI2OTQyOTIyNTRfMzM4MzM0MTg2MjUzNDM5NzAyNl9uLTIuanBnIiwic2xpZGVzaG93IjoiMWE0ZGRiMCJ9\" href='https:\/\/www.tihuse.ee\/wp-content\/uploads\/2022\/01\/12803006_1124472694292254_3383341862534397026_n-2.jpg'><img decoding=\"async\" width=\"150\" height=\"150\" src=\"https:\/\/www.tihuse.ee\/wp-content\/uploads\/2022\/01\/12803006_1124472694292254_3383341862534397026_n-2-150x150.jpg\" class=\"attachment-thumbnail size-thumbnail\" alt=\"\" \/><\/a>\n\t\t\t<\/div><\/figure><figure class='gallery-item'>\n\t\t\t<div class='gallery-icon landscape'>\n\t\t\t\t<a data-elementor-open-lightbox=\"yes\" data-elementor-lightbox-slideshow=\"1a4ddb0\" data-elementor-lightbox-title=\"DSC_0037-1\" data-e-action-hash=\"#elementor-action%3Aaction%3Dlightbox%26settings%3DeyJpZCI6OTE4LCJ1cmwiOiJodHRwczpcL1wvd3d3LnRpaHVzZS5lZVwvd3AtY29udGVudFwvdXBsb2Fkc1wvMjAyMlwvMDFcL0RTQ18wMDM3LTEtc2NhbGVkLmpwZyIsInNsaWRlc2hvdyI6IjFhNGRkYjAifQ%3D%3D\" href='https:\/\/www.tihuse.ee\/wp-content\/uploads\/2022\/01\/DSC_0037-1-scaled.jpg'><img decoding=\"async\" width=\"150\" height=\"150\" src=\"https:\/\/www.tihuse.ee\/wp-content\/uploads\/2022\/01\/DSC_0037-1-150x150.jpg\" class=\"attachment-thumbnail size-thumbnail\" alt=\"\" \/><\/a>\n\t\t\t<\/div><\/figure><figure class='gallery-item'>\n\t\t\t<div class='gallery-icon landscape'>\n\t\t\t\t<a data-elementor-open-lightbox=\"yes\" data-elementor-lightbox-slideshow=\"1a4ddb0\" data-elementor-lightbox-title=\"18mai-2015-084-2\" data-e-action-hash=\"#elementor-action%3Aaction%3Dlightbox%26settings%3DeyJpZCI6NzUyLCJ1cmwiOiJodHRwczpcL1wvd3d3LnRpaHVzZS5lZVwvd3AtY29udGVudFwvdXBsb2Fkc1wvMjAyMlwvMDFcLzE4bWFpLTIwMTUtMDg0LTItc2NhbGVkLmpwZyIsInNsaWRlc2hvdyI6IjFhNGRkYjAifQ%3D%3D\" href='https:\/\/www.tihuse.ee\/wp-content\/uploads\/2022\/01\/18mai-2015-084-2-scaled.jpg'><img loading=\"lazy\" decoding=\"async\" width=\"150\" height=\"150\" src=\"https:\/\/www.tihuse.ee\/wp-content\/uploads\/2022\/01\/18mai-2015-084-2-150x150.jpg\" class=\"attachment-thumbnail size-thumbnail\" alt=\"\" \/><\/a>\n\t\t\t<\/div><\/figure><figure class='gallery-item'>\n\t\t\t<div class='gallery-icon landscape'>\n\t\t\t\t<a data-elementor-open-lightbox=\"yes\" data-elementor-lightbox-slideshow=\"1a4ddb0\" data-elementor-lightbox-title=\"DSC_0032\" data-e-action-hash=\"#elementor-action%3Aaction%3Dlightbox%26settings%3DeyJpZCI6OTE0LCJ1cmwiOiJodHRwczpcL1wvd3d3LnRpaHVzZS5lZVwvd3AtY29udGVudFwvdXBsb2Fkc1wvMjAyMlwvMDFcL0RTQ18wMDMyLmpwZyIsInNsaWRlc2hvdyI6IjFhNGRkYjAifQ%3D%3D\" href='https:\/\/www.tihuse.ee\/wp-content\/uploads\/2022\/01\/DSC_0032.jpg'><img loading=\"lazy\" decoding=\"async\" width=\"150\" height=\"150\" src=\"https:\/\/www.tihuse.ee\/wp-content\/uploads\/2022\/01\/DSC_0032-150x150.jpg\" class=\"attachment-thumbnail size-thumbnail\" alt=\"\" \/><\/a>\n\t\t\t<\/div><\/figure><figure class='gallery-item'>\n\t\t\t<div class='gallery-icon landscape'>\n\t\t\t\t<a data-elementor-open-lightbox=\"yes\" data-elementor-lightbox-slideshow=\"1a4ddb0\" data-elementor-lightbox-title=\"DSC_0150\" data-e-action-hash=\"#elementor-action%3Aaction%3Dlightbox%26settings%3DeyJpZCI6OTM2LCJ1cmwiOiJodHRwczpcL1wvd3d3LnRpaHVzZS5lZVwvd3AtY29udGVudFwvdXBsb2Fkc1wvMjAyMlwvMDFcL0RTQ18wMTUwLXNjYWxlZC5qcGciLCJzbGlkZXNob3ciOiIxYTRkZGIwIn0%3D\" href='https:\/\/www.tihuse.ee\/wp-content\/uploads\/2022\/01\/DSC_0150-scaled.jpg'><img loading=\"lazy\" decoding=\"async\" width=\"150\" height=\"150\" src=\"https:\/\/www.tihuse.ee\/wp-content\/uploads\/2022\/01\/DSC_0150-150x150.jpg\" class=\"attachment-thumbnail size-thumbnail\" alt=\"\" \/><\/a>\n\t\t\t<\/div><\/figure>\n\t\t<\/div>\n\t\t<\/div>\n\t\t\t\t\t\t<\/div>\n\t\t\t\t\t<\/div>\n\t\t<\/div>\n\t\t\t\t\t<\/div>\n\t\t<\/section>\n\t\t\t\t<\/div>\n\t\t","protected":false},"excerpt":{"rendered":"<p>K\u00e4rry- ja kiesiajelut K\u00e4rry- ja kiesiajelut Sopivat ihanteellisesti kaikille niille, jotka pit\u00e4v\u00e4t el\u00e4imist\u00e4 ja kauniista luonnosta, mutta eiv\u00e4t rohkene ratsastaa hevosella. Retkell\u00e4 on mukana ajuri, joka esittelee ymp\u00e4rist\u00f6\u00e4 ja vastaa mielell\u00e4\u00e4n kysymyksiinne.Tule yst\u00e4v\u00e4si\/yst\u00e4v\u00e4tt\u00e4resi, perheesi, tuttaviesi, ty\u00f6- tai luokkatovereittesi kanssa Muhun saarelle, niin me j\u00e4rjest\u00e4mme Teille virkist\u00e4v\u00e4n retken luontoon muinaiskulttuuripoluille\/haltioiden luo tai l\u00e4hiymp\u00e4rist\u00f6n kyliin ja maagisiin [&hellip;]<\/p>\n","protected":false},"author":1,"featured_media":0,"parent":0,"menu_order":0,"comment_status":"closed","ping_status":"closed","template":"","meta":{"site-sidebar-layout":"no-sidebar","site-content-layout":"page-builder","ast-site-content-layout":"default","site-content-style":"default","site-sidebar-style":"default","ast-global-header-display":"","ast-banner-title-visibility":"","ast-main-header-display":"","ast-hfb-above-header-display":"","ast-hfb-below-header-display":"","ast-hfb-mobile-header-display":"","site-post-title":"disabled","ast-breadcrumbs-content":"","ast-featured-img":"disabled","footer-sml-layout":"","ast-disable-related-posts":"","theme-transparent-header-meta":"","adv-header-id-meta":"","stick-header-meta":"","header-above-stick-meta":"","header-main-stick-meta":"","header-below-stick-meta":"","astra-migrate-meta-layouts":"default","ast-page-background-enabled":"default","ast-page-background-meta":{"desktop":{"background-color":"var(--ast-global-color-4)","background-image":"","background-repeat":"repeat","background-position":"center center","background-size":"auto","background-attachment":"scroll","background-type":"","background-media":"","overlay-type":"","overlay-color":"","overlay-opacity":"","overlay-gradient":""},"tablet":{"background-color":"","background-image":"","background-repeat":"repeat","background-position":"center center","background-size":"auto","background-attachment":"scroll","background-type":"","background-media":"","overlay-type":"","overlay-color":"","overlay-opacity":"","overlay-gradient":""},"mobile":{"background-color":"","background-image":"","background-repeat":"repeat","background-position":"center center","background-size":"auto","background-attachment":"scroll","background-type":"","background-media":"","overlay-type":"","overlay-color":"","overlay-opacity":"","overlay-gradient":""}},"ast-content-background-meta":{"desktop":{"background-color":"var(--ast-global-color-5)","background-image":"","background-repeat":"repeat","background-position":"center center","background-size":"auto","background-attachment":"scroll","background-type":"","background-media":"","overlay-type":"","overlay-color":"","overlay-opacity":"","overlay-gradient":""},"tablet":{"background-color":"var(--ast-global-color-5)","background-image":"","background-repeat":"repeat","background-position":"center center","background-size":"auto","background-attachment":"scroll","background-type":"","background-media":"","overlay-type":"","overlay-color":"","overlay-opacity":"","overlay-gradient":""},"mobile":{"background-color":"var(--ast-global-color-5)","background-image":"","background-repeat":"repeat","background-position":"center center","background-size":"auto","background-attachment":"scroll","background-type":"","background-media":"","overlay-type":"","overlay-color":"","overlay-opacity":"","overlay-gradient":""}},"footnotes":""},"class_list":["post-1395","page","type-page","status-publish","hentry"],"yoast_head":"<!-- This site is optimized with the Yoast SEO plugin v27.3 - https:\/\/yoast.com\/product\/yoast-seo-wordpress\/ -->\n<title>K\u00e4rry- ja kiesiajelut - Tihuse | Hobuturismitalu Muhu saarel<\/title>\n<meta name=\"robots\" content=\"index, follow, max-snippet:-1, max-image-preview:large, max-video-preview:-1\" \/>\n<link rel=\"canonical\" href=\"https:\/\/www.tihuse.ee\/kalessi-ja-reesoit\/\" \/>\n<meta property=\"og:locale\" content=\"fi_FI\" \/>\n<meta property=\"og:type\" content=\"article\" \/>\n<meta property=\"og:title\" content=\"K\u00e4rry- ja kiesiajelut - Tihuse | Hobuturismitalu Muhu saarel\" \/>\n<meta property=\"og:description\" content=\"K\u00e4rry- ja kiesiajelut K\u00e4rry- ja kiesiajelut Sopivat ihanteellisesti kaikille niille, jotka pit\u00e4v\u00e4t el\u00e4imist\u00e4 ja kauniista luonnosta, mutta eiv\u00e4t rohkene ratsastaa hevosella. Retkell\u00e4 on mukana ajuri, joka esittelee ymp\u00e4rist\u00f6\u00e4 ja vastaa mielell\u00e4\u00e4n kysymyksiinne.Tule yst\u00e4v\u00e4si\/yst\u00e4v\u00e4tt\u00e4resi, perheesi, tuttaviesi, ty\u00f6- tai luokkatovereittesi kanssa Muhun saarelle, niin me j\u00e4rjest\u00e4mme Teille virkist\u00e4v\u00e4n retken luontoon muinaiskulttuuripoluille\/haltioiden luo tai l\u00e4hiymp\u00e4rist\u00f6n kyliin ja maagisiin [&hellip;]\" \/>\n<meta property=\"og:url\" content=\"https:\/\/www.tihuse.ee\/kalessi-ja-reesoit\/\" \/>\n<meta property=\"og:site_name\" content=\"Tihuse | Hobuturismitalu Muhu saarel\" \/>\n<meta property=\"article:modified_time\" content=\"2025-03-23T09:03:05+00:00\" \/>\n<meta property=\"og:image\" content=\"https:\/\/www.tihuse.ee\/wp-content\/uploads\/2022\/01\/DSC_1039-150x150.jpg\" \/>\n<meta name=\"twitter:card\" content=\"summary_large_image\" \/>\n<meta name=\"twitter:label1\" content=\"Arvioitu lukuaika\" \/>\n\t<meta name=\"twitter:data1\" content=\"1 minuutti\" \/>\n<script type=\"application\/ld+json\" class=\"yoast-schema-graph\">{\"@context\":\"https:\\\/\\\/schema.org\",\"@graph\":[{\"@type\":\"WebPage\",\"@id\":\"https:\\\/\\\/www.tihuse.ee\\\/kalessi-ja-reesoit\\\/\",\"url\":\"https:\\\/\\\/www.tihuse.ee\\\/kalessi-ja-reesoit\\\/\",\"name\":\"K\u00e4rry- ja kiesiajelut - Tihuse | Hobuturismitalu Muhu saarel\",\"isPartOf\":{\"@id\":\"https:\\\/\\\/www.tihuse.ee\\\/#website\"},\"primaryImageOfPage\":{\"@id\":\"https:\\\/\\\/www.tihuse.ee\\\/kalessi-ja-reesoit\\\/#primaryimage\"},\"image\":{\"@id\":\"https:\\\/\\\/www.tihuse.ee\\\/kalessi-ja-reesoit\\\/#primaryimage\"},\"thumbnailUrl\":\"https:\\\/\\\/www.tihuse.ee\\\/wp-content\\\/uploads\\\/2022\\\/01\\\/DSC_1039-150x150.jpg\",\"datePublished\":\"2022-01-04T15:03:28+00:00\",\"dateModified\":\"2025-03-23T09:03:05+00:00\",\"breadcrumb\":{\"@id\":\"https:\\\/\\\/www.tihuse.ee\\\/kalessi-ja-reesoit\\\/#breadcrumb\"},\"inLanguage\":\"fi\",\"potentialAction\":[{\"@type\":\"ReadAction\",\"target\":[\"https:\\\/\\\/www.tihuse.ee\\\/kalessi-ja-reesoit\\\/\"]}]},{\"@type\":\"ImageObject\",\"inLanguage\":\"fi\",\"@id\":\"https:\\\/\\\/www.tihuse.ee\\\/kalessi-ja-reesoit\\\/#primaryimage\",\"url\":\"https:\\\/\\\/www.tihuse.ee\\\/wp-content\\\/uploads\\\/2022\\\/01\\\/DSC_1039-150x150.jpg\",\"contentUrl\":\"https:\\\/\\\/www.tihuse.ee\\\/wp-content\\\/uploads\\\/2022\\\/01\\\/DSC_1039-150x150.jpg\"},{\"@type\":\"BreadcrumbList\",\"@id\":\"https:\\\/\\\/www.tihuse.ee\\\/kalessi-ja-reesoit\\\/#breadcrumb\",\"itemListElement\":[{\"@type\":\"ListItem\",\"position\":1,\"name\":\"Home\",\"item\":\"https:\\\/\\\/www.tihuse.ee\\\/fi\\\/\"},{\"@type\":\"ListItem\",\"position\":2,\"name\":\"K\u00e4rry- ja kiesiajelut\"}]},{\"@type\":\"WebSite\",\"@id\":\"https:\\\/\\\/www.tihuse.ee\\\/#website\",\"url\":\"https:\\\/\\\/www.tihuse.ee\\\/\",\"name\":\"Tihuse | Hobuturismitalu Muhu saarel\",\"description\":\"\",\"publisher\":{\"@id\":\"https:\\\/\\\/www.tihuse.ee\\\/#organization\"},\"potentialAction\":[{\"@type\":\"SearchAction\",\"target\":{\"@type\":\"EntryPoint\",\"urlTemplate\":\"https:\\\/\\\/www.tihuse.ee\\\/?s={search_term_string}\"},\"query-input\":{\"@type\":\"PropertyValueSpecification\",\"valueRequired\":true,\"valueName\":\"search_term_string\"}}],\"inLanguage\":\"fi\"},{\"@type\":\"Organization\",\"@id\":\"https:\\\/\\\/www.tihuse.ee\\\/#organization\",\"name\":\"Tihuse | Hobuturismitalu Muhu saarel\",\"url\":\"https:\\\/\\\/www.tihuse.ee\\\/\",\"logo\":{\"@type\":\"ImageObject\",\"inLanguage\":\"fi\",\"@id\":\"https:\\\/\\\/www.tihuse.ee\\\/#\\\/schema\\\/logo\\\/image\\\/\",\"url\":\"https:\\\/\\\/www.tihuse.ee\\\/wp-content\\\/uploads\\\/2022\\\/01\\\/TIHUSE-Logo.png\",\"contentUrl\":\"https:\\\/\\\/www.tihuse.ee\\\/wp-content\\\/uploads\\\/2022\\\/01\\\/TIHUSE-Logo.png\",\"width\":1488,\"height\":1340,\"caption\":\"Tihuse | Hobuturismitalu Muhu saarel\"},\"image\":{\"@id\":\"https:\\\/\\\/www.tihuse.ee\\\/#\\\/schema\\\/logo\\\/image\\\/\"}}]}<\/script>\n<!-- \/ Yoast SEO plugin. -->","yoast_head_json":{"title":"K\u00e4rry- ja kiesiajelut - Tihuse | Hobuturismitalu Muhu saarel","robots":{"index":"index","follow":"follow","max-snippet":"max-snippet:-1","max-image-preview":"max-image-preview:large","max-video-preview":"max-video-preview:-1"},"canonical":"https:\/\/www.tihuse.ee\/kalessi-ja-reesoit\/","og_locale":"fi_FI","og_type":"article","og_title":"K\u00e4rry- ja kiesiajelut - Tihuse | Hobuturismitalu Muhu saarel","og_description":"K\u00e4rry- ja kiesiajelut K\u00e4rry- ja kiesiajelut Sopivat ihanteellisesti kaikille niille, jotka pit\u00e4v\u00e4t el\u00e4imist\u00e4 ja kauniista luonnosta, mutta eiv\u00e4t rohkene ratsastaa hevosella. Retkell\u00e4 on mukana ajuri, joka esittelee ymp\u00e4rist\u00f6\u00e4 ja vastaa mielell\u00e4\u00e4n kysymyksiinne.Tule yst\u00e4v\u00e4si\/yst\u00e4v\u00e4tt\u00e4resi, perheesi, tuttaviesi, ty\u00f6- tai luokkatovereittesi kanssa Muhun saarelle, niin me j\u00e4rjest\u00e4mme Teille virkist\u00e4v\u00e4n retken luontoon muinaiskulttuuripoluille\/haltioiden luo tai l\u00e4hiymp\u00e4rist\u00f6n kyliin ja maagisiin [&hellip;]","og_url":"https:\/\/www.tihuse.ee\/kalessi-ja-reesoit\/","og_site_name":"Tihuse | Hobuturismitalu Muhu saarel","article_modified_time":"2025-03-23T09:03:05+00:00","og_image":[{"url":"https:\/\/www.tihuse.ee\/wp-content\/uploads\/2022\/01\/DSC_1039-150x150.jpg","type":"","width":"","height":""}],"twitter_card":"summary_large_image","twitter_misc":{"Arvioitu lukuaika":"1 minuutti"},"schema":{"@context":"https:\/\/schema.org","@graph":[{"@type":"WebPage","@id":"https:\/\/www.tihuse.ee\/kalessi-ja-reesoit\/","url":"https:\/\/www.tihuse.ee\/kalessi-ja-reesoit\/","name":"K\u00e4rry- ja kiesiajelut - Tihuse | Hobuturismitalu Muhu saarel","isPartOf":{"@id":"https:\/\/www.tihuse.ee\/#website"},"primaryImageOfPage":{"@id":"https:\/\/www.tihuse.ee\/kalessi-ja-reesoit\/#primaryimage"},"image":{"@id":"https:\/\/www.tihuse.ee\/kalessi-ja-reesoit\/#primaryimage"},"thumbnailUrl":"https:\/\/www.tihuse.ee\/wp-content\/uploads\/2022\/01\/DSC_1039-150x150.jpg","datePublished":"2022-01-04T15:03:28+00:00","dateModified":"2025-03-23T09:03:05+00:00","breadcrumb":{"@id":"https:\/\/www.tihuse.ee\/kalessi-ja-reesoit\/#breadcrumb"},"inLanguage":"fi","potentialAction":[{"@type":"ReadAction","target":["https:\/\/www.tihuse.ee\/kalessi-ja-reesoit\/"]}]},{"@type":"ImageObject","inLanguage":"fi","@id":"https:\/\/www.tihuse.ee\/kalessi-ja-reesoit\/#primaryimage","url":"https:\/\/www.tihuse.ee\/wp-content\/uploads\/2022\/01\/DSC_1039-150x150.jpg","contentUrl":"https:\/\/www.tihuse.ee\/wp-content\/uploads\/2022\/01\/DSC_1039-150x150.jpg"},{"@type":"BreadcrumbList","@id":"https:\/\/www.tihuse.ee\/kalessi-ja-reesoit\/#breadcrumb","itemListElement":[{"@type":"ListItem","position":1,"name":"Home","item":"https:\/\/www.tihuse.ee\/fi\/"},{"@type":"ListItem","position":2,"name":"K\u00e4rry- ja kiesiajelut"}]},{"@type":"WebSite","@id":"https:\/\/www.tihuse.ee\/#website","url":"https:\/\/www.tihuse.ee\/","name":"Tihuse | Hobuturismitalu Muhu saarel","description":"","publisher":{"@id":"https:\/\/www.tihuse.ee\/#organization"},"potentialAction":[{"@type":"SearchAction","target":{"@type":"EntryPoint","urlTemplate":"https:\/\/www.tihuse.ee\/?s={search_term_string}"},"query-input":{"@type":"PropertyValueSpecification","valueRequired":true,"valueName":"search_term_string"}}],"inLanguage":"fi"},{"@type":"Organization","@id":"https:\/\/www.tihuse.ee\/#organization","name":"Tihuse | Hobuturismitalu Muhu saarel","url":"https:\/\/www.tihuse.ee\/","logo":{"@type":"ImageObject","inLanguage":"fi","@id":"https:\/\/www.tihuse.ee\/#\/schema\/logo\/image\/","url":"https:\/\/www.tihuse.ee\/wp-content\/uploads\/2022\/01\/TIHUSE-Logo.png","contentUrl":"https:\/\/www.tihuse.ee\/wp-content\/uploads\/2022\/01\/TIHUSE-Logo.png","width":1488,"height":1340,"caption":"Tihuse | Hobuturismitalu Muhu saarel"},"image":{"@id":"https:\/\/www.tihuse.ee\/#\/schema\/logo\/image\/"}}]}},"_links":{"self":[{"href":"https:\/\/www.tihuse.ee\/fi\/wp-json\/wp\/v2\/pages\/1395","targetHints":{"allow":["GET"]}}],"collection":[{"href":"https:\/\/www.tihuse.ee\/fi\/wp-json\/wp\/v2\/pages"}],"about":[{"href":"https:\/\/www.tihuse.ee\/fi\/wp-json\/wp\/v2\/types\/page"}],"author":[{"embeddable":true,"href":"https:\/\/www.tihuse.ee\/fi\/wp-json\/wp\/v2\/users\/1"}],"replies":[{"embeddable":true,"href":"https:\/\/www.tihuse.ee\/fi\/wp-json\/wp\/v2\/comments?post=1395"}],"version-history":[{"count":5,"href":"https:\/\/www.tihuse.ee\/fi\/wp-json\/wp\/v2\/pages\/1395\/revisions"}],"predecessor-version":[{"id":2592,"href":"https:\/\/www.tihuse.ee\/fi\/wp-json\/wp\/v2\/pages\/1395\/revisions\/2592"}],"wp:attachment":[{"href":"https:\/\/www.tihuse.ee\/fi\/wp-json\/wp\/v2\/media?parent=1395"}],"curies":[{"name":"wp","href":"https:\/\/api.w.org\/{rel}","templated":true}]}}