{"id":1423,"date":"2022-01-04T10:18:34","date_gmt":"2022-01-04T10:18:34","guid":{"rendered":"https:\/\/www.tihuse.ee\/kuidas-tulla\/"},"modified":"2022-08-18T13:30:24","modified_gmt":"2022-08-18T13:30:24","slug":"kuidas-tulla","status":"publish","type":"page","link":"https:\/\/www.tihuse.ee\/fi\/kuidas-tulla\/","title":{"rendered":"Miten tullaan"},"content":{"rendered":"\t\t<div data-elementor-type=\"wp-page\" data-elementor-id=\"1423\" class=\"elementor elementor-1423 elementor-70\">\n\t\t\t\t\t\t<section class=\"elementor-section elementor-top-section elementor-element elementor-element-a5fd735 elementor-section-boxed elementor-section-height-default elementor-section-height-default\" data-id=\"a5fd735\" data-element_type=\"section\" data-e-type=\"section\" data-settings=\"{&quot;background_background&quot;:&quot;classic&quot;}\">\n\t\t\t\t\t\t<div class=\"elementor-container elementor-column-gap-default\">\n\t\t\t\t\t<div class=\"elementor-column elementor-col-100 elementor-top-column elementor-element elementor-element-2481e7f\" data-id=\"2481e7f\" data-element_type=\"column\" data-e-type=\"column\">\n\t\t\t<div class=\"elementor-widget-wrap elementor-element-populated\">\n\t\t\t\t\t\t<div class=\"elementor-element elementor-element-79a1fec elementor-widget__width-auto elementor-widget elementor-widget-heading\" data-id=\"79a1fec\" data-element_type=\"widget\" data-e-type=\"widget\" data-widget_type=\"heading.default\">\n\t\t\t\t\t<h2 class=\"elementor-heading-title elementor-size-default\">Miten tullaan<\/h2>\t\t\t\t<\/div>\n\t\t\t\t\t<\/div>\n\t\t<\/div>\n\t\t\t\t\t<\/div>\n\t\t<\/section>\n\t\t\t\t<section class=\"elementor-section elementor-top-section elementor-element elementor-element-ec23741 elementor-section-boxed elementor-section-height-default elementor-section-height-default\" data-id=\"ec23741\" data-element_type=\"section\" data-e-type=\"section\">\n\t\t\t\t\t\t<div class=\"elementor-container elementor-column-gap-default\">\n\t\t\t\t\t<div class=\"elementor-column elementor-col-100 elementor-top-column elementor-element elementor-element-3e6a17d\" data-id=\"3e6a17d\" data-element_type=\"column\" data-e-type=\"column\">\n\t\t\t<div class=\"elementor-widget-wrap elementor-element-populated\">\n\t\t\t\t\t\t<div class=\"elementor-element elementor-element-d37f1e0 elementor-position-inline-start elementor-view-default elementor-mobile-position-block-start elementor-widget elementor-widget-icon-box\" data-id=\"d37f1e0\" data-element_type=\"widget\" data-e-type=\"widget\" data-widget_type=\"icon-box.default\">\n\t\t\t\t\t\t\t<div class=\"elementor-icon-box-wrapper\">\n\n\t\t\t\t\t\t<div class=\"elementor-icon-box-icon\">\n\t\t\t\t<span  class=\"elementor-icon\">\n\t\t\t\t<svg aria-hidden=\"true\" class=\"e-font-icon-svg e-fas-question-circle\" viewBox=\"0 0 512 512\" xmlns=\"http:\/\/www.w3.org\/2000\/svg\"><path d=\"M504 256c0 136.997-111.043 248-248 248S8 392.997 8 256C8 119.083 119.043 8 256 8s248 111.083 248 248zM262.655 90c-54.497 0-89.255 22.957-116.549 63.758-3.536 5.286-2.353 12.415 2.715 16.258l34.699 26.31c5.205 3.947 12.621 3.008 16.665-2.122 17.864-22.658 30.113-35.797 57.303-35.797 20.429 0 45.698 13.148 45.698 32.958 0 14.976-12.363 22.667-32.534 33.976C247.128 238.528 216 254.941 216 296v4c0 6.627 5.373 12 12 12h56c6.627 0 12-5.373 12-12v-1.333c0-28.462 83.186-29.647 83.186-106.667 0-58.002-60.165-102-116.531-102zM256 338c-25.365 0-46 20.635-46 46 0 25.364 20.635 46 46 46s46-20.636 46-46c0-25.365-20.635-46-46-46z\"><\/path><\/svg>\t\t\t\t<\/span>\n\t\t\t<\/div>\n\t\t\t\n\t\t\t\t\t\t<div class=\"elementor-icon-box-content\">\n\n\t\t\t\t\t\t\t\t\t<h3 class=\"elementor-icon-box-title\">\n\t\t\t\t\t\t<span  >\n\t\t\t\t\t\t\tMiten Tihusen tilalle tullaan\t\t\t\t\t\t<\/span>\n\t\t\t\t\t<\/h3>\n\t\t\t\t\n\t\t\t\t\n\t\t\t<\/div>\n\t\t\t\n\t\t<\/div>\n\t\t\t\t\t\t<\/div>\n\t\t\t\t<div class=\"elementor-element elementor-element-e51cf41 elementor-widget-divider--view-line elementor-widget elementor-widget-divider\" data-id=\"e51cf41\" data-element_type=\"widget\" data-e-type=\"widget\" data-widget_type=\"divider.default\">\n\t\t\t\t\t\t\t<div class=\"elementor-divider\">\n\t\t\t<span class=\"elementor-divider-separator\">\n\t\t\t\t\t\t<\/span>\n\t\t<\/div>\n\t\t\t\t\t\t<\/div>\n\t\t\t\t\t<\/div>\n\t\t<\/div>\n\t\t\t\t\t<\/div>\n\t\t<\/section>\n\t\t\t\t<section class=\"elementor-section elementor-top-section elementor-element elementor-element-218d599 elementor-section-boxed elementor-section-height-default elementor-section-height-default\" data-id=\"218d599\" data-element_type=\"section\" data-e-type=\"section\">\n\t\t\t\t\t\t<div class=\"elementor-container elementor-column-gap-default\">\n\t\t\t\t\t<div class=\"elementor-column elementor-col-100 elementor-top-column elementor-element elementor-element-3715a19\" data-id=\"3715a19\" data-element_type=\"column\" data-e-type=\"column\">\n\t\t\t<div class=\"elementor-widget-wrap elementor-element-populated\">\n\t\t\t\t\t\t<div class=\"elementor-element elementor-element-d9b6b88 elementor-widget elementor-widget-text-editor\" data-id=\"d9b6b88\" data-element_type=\"widget\" data-e-type=\"widget\" data-widget_type=\"text-editor.default\">\n\t\t\t\t\t\t\t\t\t<p><strong>GPS-koordinaatit:\u00a0<\/strong>58\u00b036\u203240\u201d N, 23\u00b018\u203243\u201d E<\/p><h2><strong><u>Tallinnasta<\/u><\/strong>\u00a0n 153 km<\/h2><ul><li><strong>Omalla autolla<\/strong><\/li><\/ul><p>Suosittelemme varaamaan lauttaliput ajoissa osoitteesta: www.praamid.ee<br \/>(Suunta saarelle tullessa: Virtsu \u2013 Kuivastu; takaisin menness\u00e4 Kuivastu \u2013 Virtsu)<br \/>Lauttamatka kest\u00e4\u00e4 n. 30 min.<\/p><ul><li><strong>Bussilla<\/strong><\/li><\/ul><p>Bussiliput voi ostaa osoitteesta:\u00a0<u>https:\/\/www.tpilet.ee\/<\/u><br \/>(Liput voi ostaa 10 p\u00e4iv\u00e4\u00e4 ennen matkaa)<br \/><strong><em>L\u00e4ht\u00f6paikka:<\/em><\/strong>\u00a0Tallinna Bussijaam eli Tallinnan linja-autoasema<br \/><strong><em>Kohde:<\/em><\/strong>\u00a0Kuivastu (Muhu vald, Saare maakond) tai Hellamaa (Muhu vald, Saare maakond)<\/p><ul><li>Kuivastusta n. 7,5 km Tihuselle<\/li><li>Hellamaan bussipys\u00e4kilt\u00e4 n. 1,5 km Tihuselle (HUOM! kaikki bussit eiv\u00e4t pys\u00e4hdy Hellamaan pys\u00e4kill\u00e4)<\/li><\/ul><p><strong>Transfer-kuljetus<\/strong>: Jos haluatte, ett\u00e4 tulemme Teit\u00e4 autolla vastaan ja kuljetamme Teid\u00e4t Tihuselle. Ilmoittakaa meille ajoissa,\u00a0<u>milloin<\/u>\u00a0ja\u00a0<u>minne\u00a0<\/u>voimme tulla Teit\u00e4 vastaan.<\/p><ul><li>Samoin voi tilata\u00a0<strong>bussin<\/strong>, joka ottaa Teid\u00e4n seurueenne satamasta\/lentoasemalta kyytiin ja tuo Tihuselle ja vie koko seurueen loman p\u00e4\u00e4tytty\u00e4 takaisin Tallinnaan. Pikkubussi 8 paikkaa, bussi 20 hengelle ja suuremmat seurueet on mahdollista tuoda perille 66-paikkaisella bussilla.<\/li><\/ul><p>Kysy lis\u00e4tietoa: tihusetalu@gmail.com<\/p><h2><strong><u>Saaremaalta \/ Kuressaaresta<\/u><\/strong>\u00a0n 70 km<\/h2><p>Aja Risti-Virtsu-Kuivastu-Kuressaaren maantiet\u00e4 Hellamaa bussipys\u00e4kille asti. Vastap\u00e4\u00e4t\u00e4 bussipys\u00e4kki\u00e4 k\u00e4\u00e4nnyt\u00e4\u00e4n vasemmalle ja ajetaan 700 m. Sitten k\u00e4\u00e4nnyt\u00e4\u00e4n Tihusen viitan luota oikealle. Aja 800 m soratiet\u00e4 pitkin ja kun n\u00e4et vasemmalla hirsitalon, olet saapunut perille. Pys\u00e4k\u00f6intialue on oikealla puolella.<\/p><ul><li><strong>Bussilla \u2013\u00a0<\/strong>Bussiliput voi ostaa osoitteesta:\u00a0<u>https:\/\/www.tpilet.ee\/ \u00a0\u00a0<\/u>(Liput voi ostaa 10 p\u00e4iv\u00e4\u00e4 ennen matkaa)<\/li><\/ul><p><strong><em>L\u00e4ht\u00f6paikka:\u00a0<\/em><\/strong>Kuressaare Coach Station ;\u00a0<strong>K<em>ohde:\u00a0<\/em><\/strong>Hellamaa (Muhu vald, saare maakond)<\/p><p>Hellamaan bussipys\u00e4kilt\u00e4 n. 1,5 km Tihuselle<\/p>\t\t\t\t\t\t\t\t<\/div>\n\t\t\t\t\t<\/div>\n\t\t<\/div>\n\t\t\t\t\t<\/div>\n\t\t<\/section>\n\t\t\t\t<section class=\"elementor-section elementor-top-section elementor-element elementor-element-b534677 elementor-section-boxed elementor-section-height-default elementor-section-height-default\" data-id=\"b534677\" data-element_type=\"section\" data-e-type=\"section\">\n\t\t\t\t\t\t<div class=\"elementor-container elementor-column-gap-default\">\n\t\t\t\t\t<div class=\"elementor-column elementor-col-100 elementor-top-column elementor-element elementor-element-364e8f6\" data-id=\"364e8f6\" data-element_type=\"column\" data-e-type=\"column\">\n\t\t\t<div class=\"elementor-widget-wrap elementor-element-populated\">\n\t\t\t\t\t\t<div class=\"elementor-element elementor-element-3b0f4ad elementor-widget elementor-widget-html\" data-id=\"3b0f4ad\" data-element_type=\"widget\" data-e-type=\"widget\" data-widget_type=\"html.default\">\n\t\t\t\t\t<iframe src=\"https:\/\/www.google.com\/maps\/embed?pb=!1m18!1m12!1m3!1d33256.21076538199!2d23.299985531980337!3d58.603711416829796!2m3!1f0!2f0!3f0!3m2!1i1024!2i768!4f13.1!3m3!1m2!1s0x46ed7d1aa06a8e43%3A0x6e0566ea54a1c79e!2sB%26B+Tihuse+Hobuturismitalu!5e0!3m2!1set!2see!4v1488458241743\" width=\"100%\" height=\"450\" frameborder=\"0\" style=\"border:0\" allowfullscreen=\"\"><\/iframe>\t\t\t\t<\/div>\n\t\t\t\t\t<\/div>\n\t\t<\/div>\n\t\t\t\t\t<\/div>\n\t\t<\/section>\n\t\t\t\t<\/div>\n\t\t","protected":false},"excerpt":{"rendered":"<p>Miten tullaan Miten Tihusen tilalle tullaan GPS-koordinaatit:\u00a058\u00b036\u203240\u201d N, 23\u00b018\u203243\u201d E Tallinnasta\u00a0n 153 km Omalla autolla Suosittelemme varaamaan lauttaliput ajoissa osoitteesta: www.praamid.ee(Suunta saarelle tullessa: Virtsu \u2013 Kuivastu; takaisin menness\u00e4 Kuivastu \u2013 Virtsu)Lauttamatka kest\u00e4\u00e4 n. 30 min. Bussilla Bussiliput voi ostaa osoitteesta:\u00a0https:\/\/www.tpilet.ee\/(Liput voi ostaa 10 p\u00e4iv\u00e4\u00e4 ennen matkaa)L\u00e4ht\u00f6paikka:\u00a0Tallinna Bussijaam eli Tallinnan linja-autoasemaKohde:\u00a0Kuivastu (Muhu vald, Saare maakond) tai [&hellip;]<\/p>\n","protected":false},"author":1,"featured_media":0,"parent":0,"menu_order":0,"comment_status":"closed","ping_status":"closed","template":"","meta":{"site-sidebar-layout":"no-sidebar","site-content-layout":"page-builder","ast-site-content-layout":"default","site-content-style":"default","site-sidebar-style":"default","ast-global-header-display":"","ast-banner-title-visibility":"","ast-main-header-display":"","ast-hfb-above-header-display":"","ast-hfb-below-header-display":"","ast-hfb-mobile-header-display":"","site-post-title":"disabled","ast-breadcrumbs-content":"","ast-featured-img":"disabled","footer-sml-layout":"","ast-disable-related-posts":"","theme-transparent-header-meta":"","adv-header-id-meta":"","stick-header-meta":"","header-above-stick-meta":"","header-main-stick-meta":"","header-below-stick-meta":"","astra-migrate-meta-layouts":"default","ast-page-background-enabled":"default","ast-page-background-meta":{"desktop":{"background-color":"var(--ast-global-color-4)","background-image":"","background-repeat":"repeat","background-position":"center center","background-size":"auto","background-attachment":"scroll","background-type":"","background-media":"","overlay-type":"","overlay-color":"","overlay-opacity":"","overlay-gradient":""},"tablet":{"background-color":"","background-image":"","background-repeat":"repeat","background-position":"center center","background-size":"auto","background-attachment":"scroll","background-type":"","background-media":"","overlay-type":"","overlay-color":"","overlay-opacity":"","overlay-gradient":""},"mobile":{"background-color":"","background-image":"","background-repeat":"repeat","background-position":"center center","background-size":"auto","background-attachment":"scroll","background-type":"","background-media":"","overlay-type":"","overlay-color":"","overlay-opacity":"","overlay-gradient":""}},"ast-content-background-meta":{"desktop":{"background-color":"var(--ast-global-color-5)","background-image":"","background-repeat":"repeat","background-position":"center center","background-size":"auto","background-attachment":"scroll","background-type":"","background-media":"","overlay-type":"","overlay-color":"","overlay-opacity":"","overlay-gradient":""},"tablet":{"background-color":"var(--ast-global-color-5)","background-image":"","background-repeat":"repeat","background-position":"center center","background-size":"auto","background-attachment":"scroll","background-type":"","background-media":"","overlay-type":"","overlay-color":"","overlay-opacity":"","overlay-gradient":""},"mobile":{"background-color":"var(--ast-global-color-5)","background-image":"","background-repeat":"repeat","background-position":"center center","background-size":"auto","background-attachment":"scroll","background-type":"","background-media":"","overlay-type":"","overlay-color":"","overlay-opacity":"","overlay-gradient":""}},"footnotes":""},"class_list":["post-1423","page","type-page","status-publish","hentry"],"yoast_head":"<!-- This site is optimized with the Yoast SEO plugin v27.5 - https:\/\/yoast.com\/product\/yoast-seo-wordpress\/ -->\n<title>Miten tullaan - Tihuse | Hobuturismitalu Muhu saarel<\/title>\n<meta name=\"robots\" content=\"index, follow, max-snippet:-1, max-image-preview:large, max-video-preview:-1\" \/>\n<link rel=\"canonical\" href=\"https:\/\/www.tihuse.ee\/kuidas-tulla\/\" \/>\n<meta property=\"og:locale\" content=\"fi_FI\" \/>\n<meta property=\"og:type\" content=\"article\" \/>\n<meta property=\"og:title\" content=\"Miten tullaan - Tihuse | Hobuturismitalu Muhu saarel\" \/>\n<meta property=\"og:description\" content=\"Miten tullaan Miten Tihusen tilalle tullaan GPS-koordinaatit:\u00a058\u00b036\u203240\u201d N, 23\u00b018\u203243\u201d E Tallinnasta\u00a0n 153 km Omalla autolla Suosittelemme varaamaan lauttaliput ajoissa osoitteesta: www.praamid.ee(Suunta saarelle tullessa: Virtsu \u2013 Kuivastu; takaisin menness\u00e4 Kuivastu \u2013 Virtsu)Lauttamatka kest\u00e4\u00e4 n. 30 min. Bussilla Bussiliput voi ostaa osoitteesta:\u00a0https:\/\/www.tpilet.ee\/(Liput voi ostaa 10 p\u00e4iv\u00e4\u00e4 ennen matkaa)L\u00e4ht\u00f6paikka:\u00a0Tallinna Bussijaam eli Tallinnan linja-autoasemaKohde:\u00a0Kuivastu (Muhu vald, Saare maakond) tai [&hellip;]\" \/>\n<meta property=\"og:url\" content=\"https:\/\/www.tihuse.ee\/kuidas-tulla\/\" \/>\n<meta property=\"og:site_name\" content=\"Tihuse | Hobuturismitalu Muhu saarel\" \/>\n<meta property=\"article:modified_time\" content=\"2022-08-18T13:30:24+00:00\" \/>\n<meta name=\"twitter:card\" content=\"summary_large_image\" \/>\n<meta name=\"twitter:label1\" content=\"Arvioitu lukuaika\" \/>\n\t<meta name=\"twitter:data1\" content=\"1 minuutti\" \/>\n<script type=\"application\/ld+json\" class=\"yoast-schema-graph\">{\"@context\":\"https:\\\/\\\/schema.org\",\"@graph\":[{\"@type\":\"WebPage\",\"@id\":\"https:\\\/\\\/www.tihuse.ee\\\/kuidas-tulla\\\/\",\"url\":\"https:\\\/\\\/www.tihuse.ee\\\/kuidas-tulla\\\/\",\"name\":\"Miten tullaan - Tihuse | Hobuturismitalu Muhu saarel\",\"isPartOf\":{\"@id\":\"https:\\\/\\\/www.tihuse.ee\\\/#website\"},\"datePublished\":\"2022-01-04T10:18:34+00:00\",\"dateModified\":\"2022-08-18T13:30:24+00:00\",\"breadcrumb\":{\"@id\":\"https:\\\/\\\/www.tihuse.ee\\\/kuidas-tulla\\\/#breadcrumb\"},\"inLanguage\":\"fi\",\"potentialAction\":[{\"@type\":\"ReadAction\",\"target\":[\"https:\\\/\\\/www.tihuse.ee\\\/kuidas-tulla\\\/\"]}]},{\"@type\":\"BreadcrumbList\",\"@id\":\"https:\\\/\\\/www.tihuse.ee\\\/kuidas-tulla\\\/#breadcrumb\",\"itemListElement\":[{\"@type\":\"ListItem\",\"position\":1,\"name\":\"Home\",\"item\":\"https:\\\/\\\/www.tihuse.ee\\\/\"},{\"@type\":\"ListItem\",\"position\":2,\"name\":\"Miten tullaan\"}]},{\"@type\":\"WebSite\",\"@id\":\"https:\\\/\\\/www.tihuse.ee\\\/#website\",\"url\":\"https:\\\/\\\/www.tihuse.ee\\\/\",\"name\":\"Tihuse | Hobuturismitalu Muhu saarel\",\"description\":\"\",\"publisher\":{\"@id\":\"https:\\\/\\\/www.tihuse.ee\\\/#organization\"},\"potentialAction\":[{\"@type\":\"SearchAction\",\"target\":{\"@type\":\"EntryPoint\",\"urlTemplate\":\"https:\\\/\\\/www.tihuse.ee\\\/?s={search_term_string}\"},\"query-input\":{\"@type\":\"PropertyValueSpecification\",\"valueRequired\":true,\"valueName\":\"search_term_string\"}}],\"inLanguage\":\"fi\"},{\"@type\":\"Organization\",\"@id\":\"https:\\\/\\\/www.tihuse.ee\\\/#organization\",\"name\":\"Tihuse | Hobuturismitalu Muhu saarel\",\"url\":\"https:\\\/\\\/www.tihuse.ee\\\/\",\"logo\":{\"@type\":\"ImageObject\",\"inLanguage\":\"fi\",\"@id\":\"https:\\\/\\\/www.tihuse.ee\\\/#\\\/schema\\\/logo\\\/image\\\/\",\"url\":\"https:\\\/\\\/www.tihuse.ee\\\/wp-content\\\/uploads\\\/2022\\\/01\\\/TIHUSE-Logo.png\",\"contentUrl\":\"https:\\\/\\\/www.tihuse.ee\\\/wp-content\\\/uploads\\\/2022\\\/01\\\/TIHUSE-Logo.png\",\"width\":1488,\"height\":1340,\"caption\":\"Tihuse | Hobuturismitalu Muhu saarel\"},\"image\":{\"@id\":\"https:\\\/\\\/www.tihuse.ee\\\/#\\\/schema\\\/logo\\\/image\\\/\"}}]}<\/script>\n<!-- \/ Yoast SEO plugin. -->","yoast_head_json":{"title":"Miten tullaan - Tihuse | Hobuturismitalu Muhu saarel","robots":{"index":"index","follow":"follow","max-snippet":"max-snippet:-1","max-image-preview":"max-image-preview:large","max-video-preview":"max-video-preview:-1"},"canonical":"https:\/\/www.tihuse.ee\/kuidas-tulla\/","og_locale":"fi_FI","og_type":"article","og_title":"Miten tullaan - Tihuse | Hobuturismitalu Muhu saarel","og_description":"Miten tullaan Miten Tihusen tilalle tullaan GPS-koordinaatit:\u00a058\u00b036\u203240\u201d N, 23\u00b018\u203243\u201d E Tallinnasta\u00a0n 153 km Omalla autolla Suosittelemme varaamaan lauttaliput ajoissa osoitteesta: www.praamid.ee(Suunta saarelle tullessa: Virtsu \u2013 Kuivastu; takaisin menness\u00e4 Kuivastu \u2013 Virtsu)Lauttamatka kest\u00e4\u00e4 n. 30 min. Bussilla Bussiliput voi ostaa osoitteesta:\u00a0https:\/\/www.tpilet.ee\/(Liput voi ostaa 10 p\u00e4iv\u00e4\u00e4 ennen matkaa)L\u00e4ht\u00f6paikka:\u00a0Tallinna Bussijaam eli Tallinnan linja-autoasemaKohde:\u00a0Kuivastu (Muhu vald, Saare maakond) tai [&hellip;]","og_url":"https:\/\/www.tihuse.ee\/kuidas-tulla\/","og_site_name":"Tihuse | Hobuturismitalu Muhu saarel","article_modified_time":"2022-08-18T13:30:24+00:00","twitter_card":"summary_large_image","twitter_misc":{"Arvioitu lukuaika":"1 minuutti"},"schema":{"@context":"https:\/\/schema.org","@graph":[{"@type":"WebPage","@id":"https:\/\/www.tihuse.ee\/kuidas-tulla\/","url":"https:\/\/www.tihuse.ee\/kuidas-tulla\/","name":"Miten tullaan - Tihuse | Hobuturismitalu Muhu saarel","isPartOf":{"@id":"https:\/\/www.tihuse.ee\/#website"},"datePublished":"2022-01-04T10:18:34+00:00","dateModified":"2022-08-18T13:30:24+00:00","breadcrumb":{"@id":"https:\/\/www.tihuse.ee\/kuidas-tulla\/#breadcrumb"},"inLanguage":"fi","potentialAction":[{"@type":"ReadAction","target":["https:\/\/www.tihuse.ee\/kuidas-tulla\/"]}]},{"@type":"BreadcrumbList","@id":"https:\/\/www.tihuse.ee\/kuidas-tulla\/#breadcrumb","itemListElement":[{"@type":"ListItem","position":1,"name":"Home","item":"https:\/\/www.tihuse.ee\/"},{"@type":"ListItem","position":2,"name":"Miten tullaan"}]},{"@type":"WebSite","@id":"https:\/\/www.tihuse.ee\/#website","url":"https:\/\/www.tihuse.ee\/","name":"Tihuse | Hobuturismitalu Muhu saarel","description":"","publisher":{"@id":"https:\/\/www.tihuse.ee\/#organization"},"potentialAction":[{"@type":"SearchAction","target":{"@type":"EntryPoint","urlTemplate":"https:\/\/www.tihuse.ee\/?s={search_term_string}"},"query-input":{"@type":"PropertyValueSpecification","valueRequired":true,"valueName":"search_term_string"}}],"inLanguage":"fi"},{"@type":"Organization","@id":"https:\/\/www.tihuse.ee\/#organization","name":"Tihuse | Hobuturismitalu Muhu saarel","url":"https:\/\/www.tihuse.ee\/","logo":{"@type":"ImageObject","inLanguage":"fi","@id":"https:\/\/www.tihuse.ee\/#\/schema\/logo\/image\/","url":"https:\/\/www.tihuse.ee\/wp-content\/uploads\/2022\/01\/TIHUSE-Logo.png","contentUrl":"https:\/\/www.tihuse.ee\/wp-content\/uploads\/2022\/01\/TIHUSE-Logo.png","width":1488,"height":1340,"caption":"Tihuse | Hobuturismitalu Muhu saarel"},"image":{"@id":"https:\/\/www.tihuse.ee\/#\/schema\/logo\/image\/"}}]}},"_links":{"self":[{"href":"https:\/\/www.tihuse.ee\/fi\/wp-json\/wp\/v2\/pages\/1423","targetHints":{"allow":["GET"]}}],"collection":[{"href":"https:\/\/www.tihuse.ee\/fi\/wp-json\/wp\/v2\/pages"}],"about":[{"href":"https:\/\/www.tihuse.ee\/fi\/wp-json\/wp\/v2\/types\/page"}],"author":[{"embeddable":true,"href":"https:\/\/www.tihuse.ee\/fi\/wp-json\/wp\/v2\/users\/1"}],"replies":[{"embeddable":true,"href":"https:\/\/www.tihuse.ee\/fi\/wp-json\/wp\/v2\/comments?post=1423"}],"version-history":[{"count":5,"href":"https:\/\/www.tihuse.ee\/fi\/wp-json\/wp\/v2\/pages\/1423\/revisions"}],"predecessor-version":[{"id":2198,"href":"https:\/\/www.tihuse.ee\/fi\/wp-json\/wp\/v2\/pages\/1423\/revisions\/2198"}],"wp:attachment":[{"href":"https:\/\/www.tihuse.ee\/fi\/wp-json\/wp\/v2\/media?parent=1423"}],"curies":[{"name":"wp","href":"https:\/\/api.w.org\/{rel}","templated":true}]}}