{"id":1473,"date":"2022-01-04T09:53:12","date_gmt":"2022-01-04T09:53:12","guid":{"rendered":"https:\/\/www.tihuse.ee\/muinaskultuur\/"},"modified":"2023-08-15T09:10:11","modified_gmt":"2023-08-15T09:10:11","slug":"muinaskultuur","status":"publish","type":"page","link":"https:\/\/www.tihuse.ee\/fi\/muinaskultuur\/","title":{"rendered":"Muinaiskulttuuri"},"content":{"rendered":"\t\t<div data-elementor-type=\"wp-page\" data-elementor-id=\"1473\" class=\"elementor elementor-1473 elementor-20\">\n\t\t\t\t\t\t<section class=\"elementor-section elementor-top-section elementor-element elementor-element-734a0254 elementor-section-boxed elementor-section-height-default elementor-section-height-default\" data-id=\"734a0254\" data-element_type=\"section\" data-e-type=\"section\" data-settings=\"{&quot;background_background&quot;:&quot;classic&quot;}\">\n\t\t\t\t\t\t<div class=\"elementor-container elementor-column-gap-default\">\n\t\t\t\t\t<div class=\"elementor-column elementor-col-100 elementor-top-column elementor-element elementor-element-78c130dd\" data-id=\"78c130dd\" data-element_type=\"column\" data-e-type=\"column\">\n\t\t\t<div class=\"elementor-widget-wrap elementor-element-populated\">\n\t\t\t\t\t\t<div class=\"elementor-element elementor-element-56995bb2 elementor-widget__width-auto elementor-widget elementor-widget-heading\" data-id=\"56995bb2\" data-element_type=\"widget\" data-e-type=\"widget\" data-widget_type=\"heading.default\">\n\t\t\t\t\t<h2 class=\"elementor-heading-title elementor-size-default\">Muinaiskulttuuri<\/h2>\t\t\t\t<\/div>\n\t\t\t\t\t<\/div>\n\t\t<\/div>\n\t\t\t\t\t<\/div>\n\t\t<\/section>\n\t\t\t\t<section class=\"elementor-section elementor-top-section elementor-element elementor-element-52b6ca96 elementor-section-boxed elementor-section-height-default elementor-section-height-default\" data-id=\"52b6ca96\" data-element_type=\"section\" data-e-type=\"section\">\n\t\t\t\t\t\t<div class=\"elementor-container elementor-column-gap-default\">\n\t\t\t\t\t<div class=\"elementor-column elementor-col-100 elementor-top-column elementor-element elementor-element-1057f156\" data-id=\"1057f156\" data-element_type=\"column\" data-e-type=\"column\">\n\t\t\t<div class=\"elementor-widget-wrap elementor-element-populated\">\n\t\t\t\t\t\t<div class=\"elementor-element elementor-element-8088995 elementor-position-inline-start elementor-view-default elementor-mobile-position-block-start elementor-widget elementor-widget-icon-box\" data-id=\"8088995\" data-element_type=\"widget\" data-e-type=\"widget\" data-widget_type=\"icon-box.default\">\n\t\t\t\t\t\t\t<div class=\"elementor-icon-box-wrapper\">\n\n\t\t\t\t\t\t<div class=\"elementor-icon-box-icon\">\n\t\t\t\t<span  class=\"elementor-icon\">\n\t\t\t\t<svg aria-hidden=\"true\" class=\"e-font-icon-svg e-fas-tree\" viewBox=\"0 0 384 512\" xmlns=\"http:\/\/www.w3.org\/2000\/svg\"><path d=\"M378.31 378.49L298.42 288h30.63c9.01 0 16.98-5 20.78-13.06 3.8-8.04 2.55-17.26-3.28-24.05L268.42 160h28.89c9.1 0 17.3-5.35 20.86-13.61 3.52-8.13 1.86-17.59-4.24-24.08L203.66 4.83c-6.03-6.45-17.28-6.45-23.32 0L70.06 122.31c-6.1 6.49-7.75 15.95-4.24 24.08C69.38 154.65 77.59 160 86.69 160h28.89l-78.14 90.91c-5.81 6.78-7.06 15.99-3.27 24.04C37.97 283 45.93 288 54.95 288h30.63L5.69 378.49c-6 6.79-7.36 16.09-3.56 24.26 3.75 8.05 12 13.25 21.01 13.25H160v24.45l-30.29 48.4c-5.32 10.64 2.42 23.16 14.31 23.16h95.96c11.89 0 19.63-12.52 14.31-23.16L224 440.45V416h136.86c9.01 0 17.26-5.2 21.01-13.25 3.8-8.17 2.44-17.47-3.56-24.26z\"><\/path><\/svg>\t\t\t\t<\/span>\n\t\t\t<\/div>\n\t\t\t\n\t\t\t\t\t\t<div class=\"elementor-icon-box-content\">\n\n\t\t\t\t\t\t\t\t\t<h3 class=\"elementor-icon-box-title\">\n\t\t\t\t\t\t<span  >\n\t\t\t\t\t\t\tUusi hirsitalo ja maailmanpuu\t\t\t\t\t\t<\/span>\n\t\t\t\t\t<\/h3>\n\t\t\t\t\n\t\t\t\t\n\t\t\t<\/div>\n\t\t\t\n\t\t<\/div>\n\t\t\t\t\t\t<\/div>\n\t\t\t\t<div class=\"elementor-element elementor-element-6d902890 elementor-widget-divider--view-line elementor-widget elementor-widget-divider\" data-id=\"6d902890\" data-element_type=\"widget\" data-e-type=\"widget\" data-widget_type=\"divider.default\">\n\t\t\t\t\t\t\t<div class=\"elementor-divider\">\n\t\t\t<span class=\"elementor-divider-separator\">\n\t\t\t\t\t\t<\/span>\n\t\t<\/div>\n\t\t\t\t\t\t<\/div>\n\t\t\t\t\t<\/div>\n\t\t<\/div>\n\t\t\t\t\t<\/div>\n\t\t<\/section>\n\t\t\t\t<section class=\"elementor-section elementor-top-section elementor-element elementor-element-d863064 elementor-section-boxed elementor-section-height-default elementor-section-height-default\" data-id=\"d863064\" data-element_type=\"section\" data-e-type=\"section\">\n\t\t\t\t\t\t<div class=\"elementor-container elementor-column-gap-default\">\n\t\t\t\t\t<div class=\"elementor-column elementor-col-66 elementor-top-column elementor-element elementor-element-1e858b2\" data-id=\"1e858b2\" data-element_type=\"column\" data-e-type=\"column\">\n\t\t\t<div class=\"elementor-widget-wrap elementor-element-populated\">\n\t\t\t\t\t\t<div class=\"elementor-element elementor-element-09ca9f4 elementor-widget elementor-widget-text-editor\" data-id=\"09ca9f4\" data-element_type=\"widget\" data-e-type=\"widget\" data-widget_type=\"text-editor.default\">\n\t\t\t\t\t\t\t\t\t<p>Muhun saarella on 104 muinaiskulttuuriin liittyv\u00e4\u00e4 kohdetta, niist\u00e4 11 ovat esill\u00e4 Tihusen hevosmatkailutilan teetalon valokuvan\u00e4yttelyss\u00e4.<br>N\u00e4yttely\u00e4 vartioi it\u00e4merensuomalaisten maailmanpuu, tammi, joka pitelee taivaan kantta. Vanhassa pohjoismaisessa perinteess\u00e4 oli maailmanpuuna saarni nimelt\u00e4 Yggdrasil. My\u00f6s vanhojen germaanien maailmanpuu oli saarni.<\/p>\n<p>Euroopan mets\u00e4kansojen maailmankatsomuksessa on kiinnostavia samanlaisuuksia.<br>Maailmanpuu kantaa Pohjant\u00e4hden ymp\u00e4rill\u00e4 py\u00f6riv\u00e4\u00e4 taivaankantta: nelj\u00e4 ilmansuuntaa, nelj\u00e4n vuodenaikaa, nelj\u00e4 t\u00e4rkeint\u00e4 luonnonvoimaa: Maan \u00e4iti ja maan antimet, Tapio ja mets\u00e4n voimat, joka antaa sieluntukea, Ahti ja vesist\u00f6t, Uku ja taivaan voimat. Maailmanpuu kantaa n\u00e4in taivaan kantta ja ihmisen sieluntilaa, kuvaa meid\u00e4n yhteytt\u00e4 luontoon ja moraaliin.<\/p>\n<p>Pidimme pyh\u00e4t paikkamme salaisina, jotta jo vuonna 1227 alkaneet vierasmaiset valloittajat eiv\u00e4t tuhoisia niit\u00e4. Pidimme kiinni vanhasta el\u00e4m\u00e4nkatsomuksesta ja s\u00e4ilytimme identiteettimme ja j\u00e4imme kansana pysym\u00e4\u00e4n. S\u00e4ilytimme kirkkaan osuutemme vuosituhansia vanhasta eurooppalaisten mets\u00e4kansojen kulttuurista.<\/p>\t\t\t\t\t\t\t\t<\/div>\n\t\t\t\t\t<\/div>\n\t\t<\/div>\n\t\t\t\t<div class=\"elementor-column elementor-col-33 elementor-top-column elementor-element elementor-element-e0ae984\" data-id=\"e0ae984\" data-element_type=\"column\" data-e-type=\"column\">\n\t\t\t<div class=\"elementor-widget-wrap elementor-element-populated\">\n\t\t\t\t\t\t<div class=\"elementor-element elementor-element-f1410dd gallery-spacing-custom elementor-widget elementor-widget-image-gallery\" data-id=\"f1410dd\" data-element_type=\"widget\" data-e-type=\"widget\" data-widget_type=\"image-gallery.default\">\n\t\t\t\t\t\t\t<div class=\"elementor-image-gallery\">\n\t\t\t<div id='gallery-1' class='gallery galleryid-1473 gallery-columns-2 gallery-size-full'><figure class='gallery-item'>\n\t\t\t<div class='gallery-icon landscape'>\n\t\t\t\t<a data-elementor-open-lightbox=\"yes\" data-elementor-lightbox-slideshow=\"f1410dd\" data-elementor-lightbox-title=\"OLYMPUS DIGITAL CAMERA\" data-e-action-hash=\"#elementor-action%3Aaction%3Dlightbox%26settings%3DeyJpZCI6MTEzMCwidXJsIjoiaHR0cHM6XC9cL3d3dy50aWh1c2UuZWVcL3dwLWNvbnRlbnRcL3VwbG9hZHNcLzIwMjJcLzAxXC9QVTAxMTg0OS5qcGciLCJzbGlkZXNob3ciOiJmMTQxMGRkIn0%3D\" href='https:\/\/www.tihuse.ee\/wp-content\/uploads\/2022\/01\/PU011849.jpg'><img fetchpriority=\"high\" decoding=\"async\" width=\"800\" height=\"600\" src=\"https:\/\/www.tihuse.ee\/wp-content\/uploads\/2022\/01\/PU011849.jpg\" class=\"attachment-full size-full\" alt=\"\" aria-describedby=\"gallery-1-1130\" srcset=\"https:\/\/www.tihuse.ee\/wp-content\/uploads\/2022\/01\/PU011849.jpg 800w, https:\/\/www.tihuse.ee\/wp-content\/uploads\/2022\/01\/PU011849-300x225.jpg 300w, https:\/\/www.tihuse.ee\/wp-content\/uploads\/2022\/01\/PU011849-768x576.jpg 768w\" sizes=\"(max-width: 800px) 100vw, 800px\" \/><\/a>\n\t\t\t<\/div>\n\t\t\t\t<figcaption class='wp-caption-text gallery-caption' id='gallery-1-1130'>\n\t\t\t\tOLYMPUS DIGITAL CAMERA\n\t\t\t\t<\/figcaption><\/figure><figure class='gallery-item'>\n\t\t\t<div class='gallery-icon landscape'>\n\t\t\t\t<a data-elementor-open-lightbox=\"yes\" data-elementor-lightbox-slideshow=\"f1410dd\" data-elementor-lightbox-title=\"OLYMPUS DIGITAL CAMERA\" data-e-action-hash=\"#elementor-action%3Aaction%3Dlightbox%26settings%3DeyJpZCI6MTEzMiwidXJsIjoiaHR0cHM6XC9cL3d3dy50aWh1c2UuZWVcL3dwLWNvbnRlbnRcL3VwbG9hZHNcLzIwMjJcLzAxXC9QVTAxMTg1MC5qcGciLCJzbGlkZXNob3ciOiJmMTQxMGRkIn0%3D\" href='https:\/\/www.tihuse.ee\/wp-content\/uploads\/2022\/01\/PU011850.jpg'><img decoding=\"async\" width=\"800\" height=\"600\" src=\"https:\/\/www.tihuse.ee\/wp-content\/uploads\/2022\/01\/PU011850.jpg\" class=\"attachment-full size-full\" alt=\"\" aria-describedby=\"gallery-1-1132\" srcset=\"https:\/\/www.tihuse.ee\/wp-content\/uploads\/2022\/01\/PU011850.jpg 800w, https:\/\/www.tihuse.ee\/wp-content\/uploads\/2022\/01\/PU011850-300x225.jpg 300w, https:\/\/www.tihuse.ee\/wp-content\/uploads\/2022\/01\/PU011850-768x576.jpg 768w\" sizes=\"(max-width: 800px) 100vw, 800px\" \/><\/a>\n\t\t\t<\/div>\n\t\t\t\t<figcaption class='wp-caption-text gallery-caption' id='gallery-1-1132'>\n\t\t\t\tOLYMPUS DIGITAL CAMERA\n\t\t\t\t<\/figcaption><\/figure><figure class='gallery-item'>\n\t\t\t<div class='gallery-icon portrait'>\n\t\t\t\t<a data-elementor-open-lightbox=\"yes\" data-elementor-lightbox-slideshow=\"f1410dd\" data-elementor-lightbox-title=\"OLYMPUS DIGITAL CAMERA\" data-e-action-hash=\"#elementor-action%3Aaction%3Dlightbox%26settings%3DeyJpZCI6MTEzNCwidXJsIjoiaHR0cHM6XC9cL3d3dy50aWh1c2UuZWVcL3dwLWNvbnRlbnRcL3VwbG9hZHNcLzIwMjJcLzAxXC9QVTAxMTg1MS5qcGciLCJzbGlkZXNob3ciOiJmMTQxMGRkIn0%3D\" href='https:\/\/www.tihuse.ee\/wp-content\/uploads\/2022\/01\/PU011851.jpg'><img decoding=\"async\" width=\"600\" height=\"800\" src=\"https:\/\/www.tihuse.ee\/wp-content\/uploads\/2022\/01\/PU011851.jpg\" class=\"attachment-full size-full\" alt=\"\" aria-describedby=\"gallery-1-1134\" srcset=\"https:\/\/www.tihuse.ee\/wp-content\/uploads\/2022\/01\/PU011851.jpg 600w, https:\/\/www.tihuse.ee\/wp-content\/uploads\/2022\/01\/PU011851-225x300.jpg 225w\" sizes=\"(max-width: 600px) 100vw, 600px\" \/><\/a>\n\t\t\t<\/div>\n\t\t\t\t<figcaption class='wp-caption-text gallery-caption' id='gallery-1-1134'>\n\t\t\t\tOLYMPUS DIGITAL CAMERA\n\t\t\t\t<\/figcaption><\/figure>\n\t\t<\/div>\n\t\t<\/div>\n\t\t\t\t\t\t<\/div>\n\t\t\t\t\t<\/div>\n\t\t<\/div>\n\t\t\t\t\t<\/div>\n\t\t<\/section>\n\t\t\t\t<\/div>\n\t\t","protected":false},"excerpt":{"rendered":"<p>Muinaiskulttuuri Uusi hirsitalo ja maailmanpuu Muhun saarella on 104 muinaiskulttuuriin liittyv\u00e4\u00e4 kohdetta, niist\u00e4 11 ovat esill\u00e4 Tihusen hevosmatkailutilan teetalon valokuvan\u00e4yttelyss\u00e4.N\u00e4yttely\u00e4 vartioi it\u00e4merensuomalaisten maailmanpuu, tammi, joka pitelee taivaan kantta. Vanhassa pohjoismaisessa perinteess\u00e4 oli maailmanpuuna saarni nimelt\u00e4 Yggdrasil. My\u00f6s vanhojen germaanien maailmanpuu oli saarni. Euroopan mets\u00e4kansojen maailmankatsomuksessa on kiinnostavia samanlaisuuksia.Maailmanpuu kantaa Pohjant\u00e4hden ymp\u00e4rill\u00e4 py\u00f6riv\u00e4\u00e4 taivaankantta: nelj\u00e4 ilmansuuntaa, [&hellip;]<\/p>\n","protected":false},"author":1,"featured_media":0,"parent":0,"menu_order":0,"comment_status":"closed","ping_status":"closed","template":"","meta":{"site-sidebar-layout":"no-sidebar","site-content-layout":"page-builder","ast-site-content-layout":"default","site-content-style":"default","site-sidebar-style":"default","ast-global-header-display":"","ast-banner-title-visibility":"","ast-main-header-display":"","ast-hfb-above-header-display":"","ast-hfb-below-header-display":"","ast-hfb-mobile-header-display":"","site-post-title":"disabled","ast-breadcrumbs-content":"","ast-featured-img":"disabled","footer-sml-layout":"","ast-disable-related-posts":"","theme-transparent-header-meta":"","adv-header-id-meta":"","stick-header-meta":"","header-above-stick-meta":"","header-main-stick-meta":"","header-below-stick-meta":"","astra-migrate-meta-layouts":"default","ast-page-background-enabled":"default","ast-page-background-meta":{"desktop":{"background-color":"var(--ast-global-color-4)","background-image":"","background-repeat":"repeat","background-position":"center center","background-size":"auto","background-attachment":"scroll","background-type":"","background-media":"","overlay-type":"","overlay-color":"","overlay-opacity":"","overlay-gradient":""},"tablet":{"background-color":"","background-image":"","background-repeat":"repeat","background-position":"center center","background-size":"auto","background-attachment":"scroll","background-type":"","background-media":"","overlay-type":"","overlay-color":"","overlay-opacity":"","overlay-gradient":""},"mobile":{"background-color":"","background-image":"","background-repeat":"repeat","background-position":"center center","background-size":"auto","background-attachment":"scroll","background-type":"","background-media":"","overlay-type":"","overlay-color":"","overlay-opacity":"","overlay-gradient":""}},"ast-content-background-meta":{"desktop":{"background-color":"var(--ast-global-color-5)","background-image":"","background-repeat":"repeat","background-position":"center center","background-size":"auto","background-attachment":"scroll","background-type":"","background-media":"","overlay-type":"","overlay-color":"","overlay-opacity":"","overlay-gradient":""},"tablet":{"background-color":"var(--ast-global-color-5)","background-image":"","background-repeat":"repeat","background-position":"center center","background-size":"auto","background-attachment":"scroll","background-type":"","background-media":"","overlay-type":"","overlay-color":"","overlay-opacity":"","overlay-gradient":""},"mobile":{"background-color":"var(--ast-global-color-5)","background-image":"","background-repeat":"repeat","background-position":"center center","background-size":"auto","background-attachment":"scroll","background-type":"","background-media":"","overlay-type":"","overlay-color":"","overlay-opacity":"","overlay-gradient":""}},"footnotes":""},"class_list":["post-1473","page","type-page","status-publish","hentry"],"yoast_head":"<!-- This site is optimized with the Yoast SEO plugin v27.3 - https:\/\/yoast.com\/product\/yoast-seo-wordpress\/ -->\n<title>Muinaiskulttuuri - Tihuse | Hobuturismitalu Muhu saarel<\/title>\n<meta name=\"robots\" content=\"index, follow, max-snippet:-1, max-image-preview:large, max-video-preview:-1\" \/>\n<link rel=\"canonical\" href=\"https:\/\/www.tihuse.ee\/muinaskultuur\/\" \/>\n<meta property=\"og:locale\" content=\"fi_FI\" \/>\n<meta property=\"og:type\" content=\"article\" \/>\n<meta property=\"og:title\" content=\"Muinaiskulttuuri - Tihuse | Hobuturismitalu Muhu saarel\" \/>\n<meta property=\"og:description\" content=\"Muinaiskulttuuri Uusi hirsitalo ja maailmanpuu Muhun saarella on 104 muinaiskulttuuriin liittyv\u00e4\u00e4 kohdetta, niist\u00e4 11 ovat esill\u00e4 Tihusen hevosmatkailutilan teetalon valokuvan\u00e4yttelyss\u00e4.N\u00e4yttely\u00e4 vartioi it\u00e4merensuomalaisten maailmanpuu, tammi, joka pitelee taivaan kantta. Vanhassa pohjoismaisessa perinteess\u00e4 oli maailmanpuuna saarni nimelt\u00e4 Yggdrasil. My\u00f6s vanhojen germaanien maailmanpuu oli saarni. Euroopan mets\u00e4kansojen maailmankatsomuksessa on kiinnostavia samanlaisuuksia.Maailmanpuu kantaa Pohjant\u00e4hden ymp\u00e4rill\u00e4 py\u00f6riv\u00e4\u00e4 taivaankantta: nelj\u00e4 ilmansuuntaa, [&hellip;]\" \/>\n<meta property=\"og:url\" content=\"https:\/\/www.tihuse.ee\/muinaskultuur\/\" \/>\n<meta property=\"og:site_name\" content=\"Tihuse | Hobuturismitalu Muhu saarel\" \/>\n<meta property=\"article:modified_time\" content=\"2023-08-15T09:10:11+00:00\" \/>\n<meta property=\"og:image\" content=\"https:\/\/www.tihuse.ee\/wp-content\/uploads\/2022\/01\/PU011849.jpg\" \/>\n<meta name=\"twitter:card\" content=\"summary_large_image\" \/>\n<meta name=\"twitter:label1\" content=\"Arvioitu lukuaika\" \/>\n\t<meta name=\"twitter:data1\" content=\"1 minuutti\" \/>\n<script type=\"application\/ld+json\" class=\"yoast-schema-graph\">{\"@context\":\"https:\\\/\\\/schema.org\",\"@graph\":[{\"@type\":\"WebPage\",\"@id\":\"https:\\\/\\\/www.tihuse.ee\\\/muinaskultuur\\\/\",\"url\":\"https:\\\/\\\/www.tihuse.ee\\\/muinaskultuur\\\/\",\"name\":\"Muinaiskulttuuri - Tihuse | Hobuturismitalu Muhu saarel\",\"isPartOf\":{\"@id\":\"https:\\\/\\\/www.tihuse.ee\\\/#website\"},\"primaryImageOfPage\":{\"@id\":\"https:\\\/\\\/www.tihuse.ee\\\/muinaskultuur\\\/#primaryimage\"},\"image\":{\"@id\":\"https:\\\/\\\/www.tihuse.ee\\\/muinaskultuur\\\/#primaryimage\"},\"thumbnailUrl\":\"https:\\\/\\\/www.tihuse.ee\\\/wp-content\\\/uploads\\\/2022\\\/01\\\/PU011849.jpg\",\"datePublished\":\"2022-01-04T09:53:12+00:00\",\"dateModified\":\"2023-08-15T09:10:11+00:00\",\"breadcrumb\":{\"@id\":\"https:\\\/\\\/www.tihuse.ee\\\/muinaskultuur\\\/#breadcrumb\"},\"inLanguage\":\"fi\",\"potentialAction\":[{\"@type\":\"ReadAction\",\"target\":[\"https:\\\/\\\/www.tihuse.ee\\\/muinaskultuur\\\/\"]}]},{\"@type\":\"ImageObject\",\"inLanguage\":\"fi\",\"@id\":\"https:\\\/\\\/www.tihuse.ee\\\/muinaskultuur\\\/#primaryimage\",\"url\":\"https:\\\/\\\/www.tihuse.ee\\\/wp-content\\\/uploads\\\/2022\\\/01\\\/PU011849.jpg\",\"contentUrl\":\"https:\\\/\\\/www.tihuse.ee\\\/wp-content\\\/uploads\\\/2022\\\/01\\\/PU011849.jpg\"},{\"@type\":\"BreadcrumbList\",\"@id\":\"https:\\\/\\\/www.tihuse.ee\\\/muinaskultuur\\\/#breadcrumb\",\"itemListElement\":[{\"@type\":\"ListItem\",\"position\":1,\"name\":\"Home\",\"item\":\"https:\\\/\\\/www.tihuse.ee\\\/fi\\\/\"},{\"@type\":\"ListItem\",\"position\":2,\"name\":\"Muinaiskulttuuri\"}]},{\"@type\":\"WebSite\",\"@id\":\"https:\\\/\\\/www.tihuse.ee\\\/#website\",\"url\":\"https:\\\/\\\/www.tihuse.ee\\\/\",\"name\":\"Tihuse | Hobuturismitalu Muhu saarel\",\"description\":\"\",\"publisher\":{\"@id\":\"https:\\\/\\\/www.tihuse.ee\\\/#organization\"},\"potentialAction\":[{\"@type\":\"SearchAction\",\"target\":{\"@type\":\"EntryPoint\",\"urlTemplate\":\"https:\\\/\\\/www.tihuse.ee\\\/?s={search_term_string}\"},\"query-input\":{\"@type\":\"PropertyValueSpecification\",\"valueRequired\":true,\"valueName\":\"search_term_string\"}}],\"inLanguage\":\"fi\"},{\"@type\":\"Organization\",\"@id\":\"https:\\\/\\\/www.tihuse.ee\\\/#organization\",\"name\":\"Tihuse | Hobuturismitalu Muhu saarel\",\"url\":\"https:\\\/\\\/www.tihuse.ee\\\/\",\"logo\":{\"@type\":\"ImageObject\",\"inLanguage\":\"fi\",\"@id\":\"https:\\\/\\\/www.tihuse.ee\\\/#\\\/schema\\\/logo\\\/image\\\/\",\"url\":\"https:\\\/\\\/www.tihuse.ee\\\/wp-content\\\/uploads\\\/2022\\\/01\\\/TIHUSE-Logo.png\",\"contentUrl\":\"https:\\\/\\\/www.tihuse.ee\\\/wp-content\\\/uploads\\\/2022\\\/01\\\/TIHUSE-Logo.png\",\"width\":1488,\"height\":1340,\"caption\":\"Tihuse | Hobuturismitalu Muhu saarel\"},\"image\":{\"@id\":\"https:\\\/\\\/www.tihuse.ee\\\/#\\\/schema\\\/logo\\\/image\\\/\"}}]}<\/script>\n<!-- \/ Yoast SEO plugin. -->","yoast_head_json":{"title":"Muinaiskulttuuri - Tihuse | Hobuturismitalu Muhu saarel","robots":{"index":"index","follow":"follow","max-snippet":"max-snippet:-1","max-image-preview":"max-image-preview:large","max-video-preview":"max-video-preview:-1"},"canonical":"https:\/\/www.tihuse.ee\/muinaskultuur\/","og_locale":"fi_FI","og_type":"article","og_title":"Muinaiskulttuuri - Tihuse | Hobuturismitalu Muhu saarel","og_description":"Muinaiskulttuuri Uusi hirsitalo ja maailmanpuu Muhun saarella on 104 muinaiskulttuuriin liittyv\u00e4\u00e4 kohdetta, niist\u00e4 11 ovat esill\u00e4 Tihusen hevosmatkailutilan teetalon valokuvan\u00e4yttelyss\u00e4.N\u00e4yttely\u00e4 vartioi it\u00e4merensuomalaisten maailmanpuu, tammi, joka pitelee taivaan kantta. Vanhassa pohjoismaisessa perinteess\u00e4 oli maailmanpuuna saarni nimelt\u00e4 Yggdrasil. My\u00f6s vanhojen germaanien maailmanpuu oli saarni. Euroopan mets\u00e4kansojen maailmankatsomuksessa on kiinnostavia samanlaisuuksia.Maailmanpuu kantaa Pohjant\u00e4hden ymp\u00e4rill\u00e4 py\u00f6riv\u00e4\u00e4 taivaankantta: nelj\u00e4 ilmansuuntaa, [&hellip;]","og_url":"https:\/\/www.tihuse.ee\/muinaskultuur\/","og_site_name":"Tihuse | Hobuturismitalu Muhu saarel","article_modified_time":"2023-08-15T09:10:11+00:00","og_image":[{"url":"https:\/\/www.tihuse.ee\/wp-content\/uploads\/2022\/01\/PU011849.jpg","type":"","width":"","height":""}],"twitter_card":"summary_large_image","twitter_misc":{"Arvioitu lukuaika":"1 minuutti"},"schema":{"@context":"https:\/\/schema.org","@graph":[{"@type":"WebPage","@id":"https:\/\/www.tihuse.ee\/muinaskultuur\/","url":"https:\/\/www.tihuse.ee\/muinaskultuur\/","name":"Muinaiskulttuuri - Tihuse | Hobuturismitalu Muhu saarel","isPartOf":{"@id":"https:\/\/www.tihuse.ee\/#website"},"primaryImageOfPage":{"@id":"https:\/\/www.tihuse.ee\/muinaskultuur\/#primaryimage"},"image":{"@id":"https:\/\/www.tihuse.ee\/muinaskultuur\/#primaryimage"},"thumbnailUrl":"https:\/\/www.tihuse.ee\/wp-content\/uploads\/2022\/01\/PU011849.jpg","datePublished":"2022-01-04T09:53:12+00:00","dateModified":"2023-08-15T09:10:11+00:00","breadcrumb":{"@id":"https:\/\/www.tihuse.ee\/muinaskultuur\/#breadcrumb"},"inLanguage":"fi","potentialAction":[{"@type":"ReadAction","target":["https:\/\/www.tihuse.ee\/muinaskultuur\/"]}]},{"@type":"ImageObject","inLanguage":"fi","@id":"https:\/\/www.tihuse.ee\/muinaskultuur\/#primaryimage","url":"https:\/\/www.tihuse.ee\/wp-content\/uploads\/2022\/01\/PU011849.jpg","contentUrl":"https:\/\/www.tihuse.ee\/wp-content\/uploads\/2022\/01\/PU011849.jpg"},{"@type":"BreadcrumbList","@id":"https:\/\/www.tihuse.ee\/muinaskultuur\/#breadcrumb","itemListElement":[{"@type":"ListItem","position":1,"name":"Home","item":"https:\/\/www.tihuse.ee\/fi\/"},{"@type":"ListItem","position":2,"name":"Muinaiskulttuuri"}]},{"@type":"WebSite","@id":"https:\/\/www.tihuse.ee\/#website","url":"https:\/\/www.tihuse.ee\/","name":"Tihuse | Hobuturismitalu Muhu saarel","description":"","publisher":{"@id":"https:\/\/www.tihuse.ee\/#organization"},"potentialAction":[{"@type":"SearchAction","target":{"@type":"EntryPoint","urlTemplate":"https:\/\/www.tihuse.ee\/?s={search_term_string}"},"query-input":{"@type":"PropertyValueSpecification","valueRequired":true,"valueName":"search_term_string"}}],"inLanguage":"fi"},{"@type":"Organization","@id":"https:\/\/www.tihuse.ee\/#organization","name":"Tihuse | Hobuturismitalu Muhu saarel","url":"https:\/\/www.tihuse.ee\/","logo":{"@type":"ImageObject","inLanguage":"fi","@id":"https:\/\/www.tihuse.ee\/#\/schema\/logo\/image\/","url":"https:\/\/www.tihuse.ee\/wp-content\/uploads\/2022\/01\/TIHUSE-Logo.png","contentUrl":"https:\/\/www.tihuse.ee\/wp-content\/uploads\/2022\/01\/TIHUSE-Logo.png","width":1488,"height":1340,"caption":"Tihuse | Hobuturismitalu Muhu saarel"},"image":{"@id":"https:\/\/www.tihuse.ee\/#\/schema\/logo\/image\/"}}]}},"_links":{"self":[{"href":"https:\/\/www.tihuse.ee\/fi\/wp-json\/wp\/v2\/pages\/1473","targetHints":{"allow":["GET"]}}],"collection":[{"href":"https:\/\/www.tihuse.ee\/fi\/wp-json\/wp\/v2\/pages"}],"about":[{"href":"https:\/\/www.tihuse.ee\/fi\/wp-json\/wp\/v2\/types\/page"}],"author":[{"embeddable":true,"href":"https:\/\/www.tihuse.ee\/fi\/wp-json\/wp\/v2\/users\/1"}],"replies":[{"embeddable":true,"href":"https:\/\/www.tihuse.ee\/fi\/wp-json\/wp\/v2\/comments?post=1473"}],"version-history":[{"count":5,"href":"https:\/\/www.tihuse.ee\/fi\/wp-json\/wp\/v2\/pages\/1473\/revisions"}],"predecessor-version":[{"id":2398,"href":"https:\/\/www.tihuse.ee\/fi\/wp-json\/wp\/v2\/pages\/1473\/revisions\/2398"}],"wp:attachment":[{"href":"https:\/\/www.tihuse.ee\/fi\/wp-json\/wp\/v2\/media?parent=1473"}],"curies":[{"name":"wp","href":"https:\/\/api.w.org\/{rel}","templated":true}]}}