{"id":1534,"date":"2022-01-04T15:44:00","date_gmt":"2022-01-04T15:44:00","guid":{"rendered":"https:\/\/www.tihuse.ee\/pulmasoidud-uritused\/"},"modified":"2022-01-11T18:38:37","modified_gmt":"2022-01-11T18:38:37","slug":"pulmasoidud-uritused","status":"publish","type":"page","link":"https:\/\/www.tihuse.ee\/fi\/pulmasoidud-uritused\/","title":{"rendered":"H\u00e4\u00e4ajelut ja tilaisuudet"},"content":{"rendered":"\t\t<div data-elementor-type=\"wp-page\" data-elementor-id=\"1534\" class=\"elementor elementor-1534 elementor-497\">\n\t\t\t\t\t\t<section class=\"elementor-section elementor-top-section elementor-element elementor-element-372cbd4b elementor-section-boxed elementor-section-height-default elementor-section-height-default\" data-id=\"372cbd4b\" data-element_type=\"section\" data-e-type=\"section\" data-settings=\"{&quot;background_background&quot;:&quot;classic&quot;}\">\n\t\t\t\t\t\t<div class=\"elementor-container elementor-column-gap-default\">\n\t\t\t\t\t<div class=\"elementor-column elementor-col-100 elementor-top-column elementor-element elementor-element-3fdb7eb7\" data-id=\"3fdb7eb7\" data-element_type=\"column\" data-e-type=\"column\">\n\t\t\t<div class=\"elementor-widget-wrap elementor-element-populated\">\n\t\t\t\t\t\t<div class=\"elementor-element elementor-element-6ba2e187 elementor-widget__width-auto elementor-widget elementor-widget-heading\" data-id=\"6ba2e187\" data-element_type=\"widget\" data-e-type=\"widget\" data-widget_type=\"heading.default\">\n\t\t\t\t\t<h2 class=\"elementor-heading-title elementor-size-default\">H\u00e4\u00e4ajelut ja tilaisuudet<\/h2>\t\t\t\t<\/div>\n\t\t\t\t\t<\/div>\n\t\t<\/div>\n\t\t\t\t\t<\/div>\n\t\t<\/section>\n\t\t\t\t<section class=\"elementor-section elementor-top-section elementor-element elementor-element-5779fe1e elementor-section-boxed elementor-section-height-default elementor-section-height-default\" data-id=\"5779fe1e\" data-element_type=\"section\" data-e-type=\"section\">\n\t\t\t\t\t\t<div class=\"elementor-container elementor-column-gap-default\">\n\t\t\t\t\t<div class=\"elementor-column elementor-col-100 elementor-top-column elementor-element elementor-element-262fa557\" data-id=\"262fa557\" data-element_type=\"column\" data-e-type=\"column\">\n\t\t\t<div class=\"elementor-widget-wrap elementor-element-populated\">\n\t\t\t\t\t\t<div class=\"elementor-element elementor-element-e890ae5 elementor-position-inline-start elementor-view-default elementor-mobile-position-block-start elementor-widget elementor-widget-icon-box\" data-id=\"e890ae5\" data-element_type=\"widget\" data-e-type=\"widget\" data-widget_type=\"icon-box.default\">\n\t\t\t\t\t\t\t<div class=\"elementor-icon-box-wrapper\">\n\n\t\t\t\t\t\t<div class=\"elementor-icon-box-icon\">\n\t\t\t\t<span  class=\"elementor-icon\">\n\t\t\t\t<svg aria-hidden=\"true\" class=\"e-font-icon-svg e-far-gem\" viewBox=\"0 0 576 512\" xmlns=\"http:\/\/www.w3.org\/2000\/svg\"><path d=\"M464 0H112c-4 0-7.8 2-10 5.4L2 152.6c-2.9 4.4-2.6 10.2.7 14.2l276 340.8c4.8 5.9 13.8 5.9 18.6 0l276-340.8c3.3-4.1 3.6-9.8.7-14.2L474.1 5.4C471.8 2 468.1 0 464 0zm-19.3 48l63.3 96h-68.4l-51.7-96h56.8zm-202.1 0h90.7l51.7 96H191l51.6-96zm-111.3 0h56.8l-51.7 96H68l63.3-96zm-43 144h51.4L208 352 88.3 192zm102.9 0h193.6L288 435.3 191.2 192zM368 352l68.2-160h51.4L368 352z\"><\/path><\/svg>\t\t\t\t<\/span>\n\t\t\t<\/div>\n\t\t\t\n\t\t\t\t\t\t<div class=\"elementor-icon-box-content\">\n\n\t\t\t\t\t\t\t\t\t<h3 class=\"elementor-icon-box-title\">\n\t\t\t\t\t\t<span  >\n\t\t\t\t\t\t\tH\u00e4\u00e4ajelut ja tilaisuudet\t\t\t\t\t\t<\/span>\n\t\t\t\t\t<\/h3>\n\t\t\t\t\n\t\t\t\t\n\t\t\t<\/div>\n\t\t\t\n\t\t<\/div>\n\t\t\t\t\t\t<\/div>\n\t\t\t\t<div class=\"elementor-element elementor-element-1ee95bbf elementor-widget-divider--view-line elementor-widget elementor-widget-divider\" data-id=\"1ee95bbf\" data-element_type=\"widget\" data-e-type=\"widget\" data-widget_type=\"divider.default\">\n\t\t\t\t\t\t\t<div class=\"elementor-divider\">\n\t\t\t<span class=\"elementor-divider-separator\">\n\t\t\t\t\t\t<\/span>\n\t\t<\/div>\n\t\t\t\t\t\t<\/div>\n\t\t\t\t\t<\/div>\n\t\t<\/div>\n\t\t\t\t\t<\/div>\n\t\t<\/section>\n\t\t\t\t<section class=\"elementor-section elementor-top-section elementor-element elementor-element-4c8b4c7 elementor-section-boxed elementor-section-height-default elementor-section-height-default\" data-id=\"4c8b4c7\" data-element_type=\"section\" data-e-type=\"section\">\n\t\t\t\t\t\t<div class=\"elementor-container elementor-column-gap-default\">\n\t\t\t\t\t<div class=\"elementor-column elementor-col-50 elementor-top-column elementor-element elementor-element-58a7069\" data-id=\"58a7069\" data-element_type=\"column\" data-e-type=\"column\">\n\t\t\t<div class=\"elementor-widget-wrap elementor-element-populated\">\n\t\t\t\t\t\t<div class=\"elementor-element elementor-element-6d8848b elementor-widget elementor-widget-text-editor\" data-id=\"6d8848b\" data-element_type=\"widget\" data-e-type=\"widget\" data-widget_type=\"text-editor.default\">\n\t\t\t\t\t\t\t\t\t<p>Haluamme tehd\u00e4 Teid\u00e4n merkkip\u00e4ivist\u00e4nne mieliinpainuvat.<br \/>H\u00e4ihin ja muihin t\u00e4rkeisiin tilaisuuksiin tulemme paikalle kiesilla, jonka eteen on valjastettu kaksi kaunista eestinhevosta. Kiesi on vuodelta 1886.<\/p><p>Tilausajelut kiesilla ja reill\u00e4 erilaisiin tilaisuuksiin, sek\u00e4 yhdell\u00e4 ett\u00e4 kahdella hevosella valjastettuina.<\/p><p>Ottakaa meihin rohkeasti yhteytt\u00e4 ja kysyk\u00e4\u00e4n tilaisuuttanne varten hintatarjousta.<\/p>\t\t\t\t\t\t\t\t<\/div>\n\t\t\t\t\t<\/div>\n\t\t<\/div>\n\t\t\t\t<div class=\"elementor-column elementor-col-50 elementor-top-column elementor-element elementor-element-9171430\" data-id=\"9171430\" data-element_type=\"column\" data-e-type=\"column\">\n\t\t\t<div class=\"elementor-widget-wrap elementor-element-populated\">\n\t\t\t\t\t\t<div class=\"elementor-element elementor-element-72c76f1 gallery-spacing-custom elementor-widget elementor-widget-image-gallery\" data-id=\"72c76f1\" data-element_type=\"widget\" data-e-type=\"widget\" data-widget_type=\"image-gallery.default\">\n\t\t\t\t\t\t\t<div class=\"elementor-image-gallery\">\n\t\t\t<div id='gallery-1' class='gallery galleryid-1534 gallery-columns-3 gallery-size-thumbnail'><figure class='gallery-item'>\n\t\t\t<div class='gallery-icon landscape'>\n\t\t\t\t<a data-elementor-open-lightbox=\"yes\" data-elementor-lightbox-slideshow=\"72c76f1\" data-elementor-lightbox-title=\"10378072_773837422648466_4845284737761135717_n\" data-e-action-hash=\"#elementor-action%3Aaction%3Dlightbox%26settings%3DeyJpZCI6NzY0LCJ1cmwiOiJodHRwczpcL1wvd3d3LnRpaHVzZS5lZVwvd3AtY29udGVudFwvdXBsb2Fkc1wvMjAyMlwvMDFcLzEwMzc4MDcyXzc3MzgzNzQyMjY0ODQ2Nl80ODQ1Mjg0NzM3NzYxMTM1NzE3X24uanBnIiwic2xpZGVzaG93IjoiNzJjNzZmMSJ9\" href='https:\/\/www.tihuse.ee\/wp-content\/uploads\/2022\/01\/10378072_773837422648466_4845284737761135717_n.jpg'><img decoding=\"async\" width=\"150\" height=\"150\" src=\"https:\/\/www.tihuse.ee\/wp-content\/uploads\/2022\/01\/10378072_773837422648466_4845284737761135717_n-150x150.jpg\" class=\"attachment-thumbnail size-thumbnail\" alt=\"\" \/><\/a>\n\t\t\t<\/div><\/figure><figure class='gallery-item'>\n\t\t\t<div class='gallery-icon landscape'>\n\t\t\t\t<a data-elementor-open-lightbox=\"yes\" data-elementor-lightbox-slideshow=\"72c76f1\" data-elementor-lightbox-title=\"DSC_0557\" data-e-action-hash=\"#elementor-action%3Aaction%3Dlightbox%26settings%3DeyJpZCI6OTY4LCJ1cmwiOiJodHRwczpcL1wvd3d3LnRpaHVzZS5lZVwvd3AtY29udGVudFwvdXBsb2Fkc1wvMjAyMlwvMDFcL0RTQ18wNTU3LXNjYWxlZC5qcGciLCJzbGlkZXNob3ciOiI3MmM3NmYxIn0%3D\" href='https:\/\/www.tihuse.ee\/wp-content\/uploads\/2022\/01\/DSC_0557-scaled.jpg'><img decoding=\"async\" width=\"150\" height=\"150\" src=\"https:\/\/www.tihuse.ee\/wp-content\/uploads\/2022\/01\/DSC_0557-150x150.jpg\" class=\"attachment-thumbnail size-thumbnail\" alt=\"\" \/><\/a>\n\t\t\t<\/div><\/figure><figure class='gallery-item'>\n\t\t\t<div class='gallery-icon landscape'>\n\t\t\t\t<a data-elementor-open-lightbox=\"yes\" data-elementor-lightbox-slideshow=\"72c76f1\" data-elementor-lightbox-title=\"DSC_0072\" data-e-action-hash=\"#elementor-action%3Aaction%3Dlightbox%26settings%3DeyJpZCI6OTMwLCJ1cmwiOiJodHRwczpcL1wvd3d3LnRpaHVzZS5lZVwvd3AtY29udGVudFwvdXBsb2Fkc1wvMjAyMlwvMDFcL0RTQ18wMDcyLXNjYWxlZC5qcGciLCJzbGlkZXNob3ciOiI3MmM3NmYxIn0%3D\" href='https:\/\/www.tihuse.ee\/wp-content\/uploads\/2022\/01\/DSC_0072-scaled.jpg'><img decoding=\"async\" width=\"150\" height=\"150\" src=\"https:\/\/www.tihuse.ee\/wp-content\/uploads\/2022\/01\/DSC_0072-150x150.jpg\" class=\"attachment-thumbnail size-thumbnail\" alt=\"\" \/><\/a>\n\t\t\t<\/div><\/figure><figure class='gallery-item'>\n\t\t\t<div class='gallery-icon landscape'>\n\t\t\t\t<a data-elementor-open-lightbox=\"yes\" data-elementor-lightbox-slideshow=\"72c76f1\" data-elementor-lightbox-title=\"DSC_0035\" data-e-action-hash=\"#elementor-action%3Aaction%3Dlightbox%26settings%3DeyJpZCI6OTE2LCJ1cmwiOiJodHRwczpcL1wvd3d3LnRpaHVzZS5lZVwvd3AtY29udGVudFwvdXBsb2Fkc1wvMjAyMlwvMDFcL0RTQ18wMDM1LXNjYWxlZC5qcGciLCJzbGlkZXNob3ciOiI3MmM3NmYxIn0%3D\" href='https:\/\/www.tihuse.ee\/wp-content\/uploads\/2022\/01\/DSC_0035-scaled.jpg'><img loading=\"lazy\" decoding=\"async\" width=\"150\" height=\"150\" src=\"https:\/\/www.tihuse.ee\/wp-content\/uploads\/2022\/01\/DSC_0035-150x150.jpg\" class=\"attachment-thumbnail size-thumbnail\" alt=\"\" \/><\/a>\n\t\t\t<\/div><\/figure><figure class='gallery-item'>\n\t\t\t<div class='gallery-icon landscape'>\n\t\t\t\t<a data-elementor-open-lightbox=\"yes\" data-elementor-lightbox-slideshow=\"72c76f1\" data-elementor-lightbox-title=\"17352637_1554475014625351_1561052312_n\" data-e-action-hash=\"#elementor-action%3Aaction%3Dlightbox%26settings%3DeyJpZCI6ODQ2LCJ1cmwiOiJodHRwczpcL1wvd3d3LnRpaHVzZS5lZVwvd3AtY29udGVudFwvdXBsb2Fkc1wvMjAyMlwvMDFcLzE3MzUyNjM3XzE1NTQ0NzUwMTQ2MjUzNTFfMTU2MTA1MjMxMl9uLmpwZyIsInNsaWRlc2hvdyI6IjcyYzc2ZjEifQ%3D%3D\" href='https:\/\/www.tihuse.ee\/wp-content\/uploads\/2022\/01\/17352637_1554475014625351_1561052312_n.jpg'><img loading=\"lazy\" decoding=\"async\" width=\"150\" height=\"150\" src=\"https:\/\/www.tihuse.ee\/wp-content\/uploads\/2022\/01\/17352637_1554475014625351_1561052312_n-150x150.jpg\" class=\"attachment-thumbnail size-thumbnail\" alt=\"\" \/><\/a>\n\t\t\t<\/div><\/figure><figure class='gallery-item'>\n\t\t\t<div class='gallery-icon landscape'>\n\t\t\t\t<a data-elementor-open-lightbox=\"yes\" data-elementor-lightbox-slideshow=\"72c76f1\" data-elementor-lightbox-title=\"Jaanipa\u0308ev-2017\" data-e-action-hash=\"#elementor-action%3Aaction%3Dlightbox%26settings%3DeyJpZCI6MTA0NiwidXJsIjoiaHR0cHM6XC9cL3d3dy50aWh1c2UuZWVcL3dwLWNvbnRlbnRcL3VwbG9hZHNcLzIwMjJcLzAxXC9KYWFuaXBhXHUwMzA4ZXYtMjAxNy5qcGciLCJzbGlkZXNob3ciOiI3MmM3NmYxIn0%3D\" href='https:\/\/www.tihuse.ee\/wp-content\/uploads\/2022\/01\/Jaanipa\u0308ev-2017.jpg'><img loading=\"lazy\" decoding=\"async\" width=\"150\" height=\"150\" src=\"https:\/\/www.tihuse.ee\/wp-content\/uploads\/2022\/01\/Jaanipa\u0308ev-2017-150x150.jpg\" class=\"attachment-thumbnail size-thumbnail\" alt=\"\" \/><\/a>\n\t\t\t<\/div><\/figure>\n\t\t<\/div>\n\t\t<\/div>\n\t\t\t\t\t\t<\/div>\n\t\t\t\t\t<\/div>\n\t\t<\/div>\n\t\t\t\t\t<\/div>\n\t\t<\/section>\n\t\t\t\t<\/div>\n\t\t","protected":false},"excerpt":{"rendered":"<p>H\u00e4\u00e4ajelut ja tilaisuudet H\u00e4\u00e4ajelut ja tilaisuudet Haluamme tehd\u00e4 Teid\u00e4n merkkip\u00e4ivist\u00e4nne mieliinpainuvat.H\u00e4ihin ja muihin t\u00e4rkeisiin tilaisuuksiin tulemme paikalle kiesilla, jonka eteen on valjastettu kaksi kaunista eestinhevosta. Kiesi on vuodelta 1886. Tilausajelut kiesilla ja reill\u00e4 erilaisiin tilaisuuksiin, sek\u00e4 yhdell\u00e4 ett\u00e4 kahdella hevosella valjastettuina. Ottakaa meihin rohkeasti yhteytt\u00e4 ja kysyk\u00e4\u00e4n tilaisuuttanne varten hintatarjousta.<\/p>\n","protected":false},"author":1,"featured_media":0,"parent":0,"menu_order":0,"comment_status":"closed","ping_status":"closed","template":"","meta":{"site-sidebar-layout":"no-sidebar","site-content-layout":"page-builder","ast-site-content-layout":"default","site-content-style":"default","site-sidebar-style":"default","ast-global-header-display":"","ast-banner-title-visibility":"","ast-main-header-display":"","ast-hfb-above-header-display":"","ast-hfb-below-header-display":"","ast-hfb-mobile-header-display":"","site-post-title":"disabled","ast-breadcrumbs-content":"","ast-featured-img":"disabled","footer-sml-layout":"","ast-disable-related-posts":"","theme-transparent-header-meta":"","adv-header-id-meta":"","stick-header-meta":"","header-above-stick-meta":"","header-main-stick-meta":"","header-below-stick-meta":"","astra-migrate-meta-layouts":"default","ast-page-background-enabled":"default","ast-page-background-meta":{"desktop":{"background-color":"var(--ast-global-color-4)","background-image":"","background-repeat":"repeat","background-position":"center center","background-size":"auto","background-attachment":"scroll","background-type":"","background-media":"","overlay-type":"","overlay-color":"","overlay-opacity":"","overlay-gradient":""},"tablet":{"background-color":"","background-image":"","background-repeat":"repeat","background-position":"center center","background-size":"auto","background-attachment":"scroll","background-type":"","background-media":"","overlay-type":"","overlay-color":"","overlay-opacity":"","overlay-gradient":""},"mobile":{"background-color":"","background-image":"","background-repeat":"repeat","background-position":"center center","background-size":"auto","background-attachment":"scroll","background-type":"","background-media":"","overlay-type":"","overlay-color":"","overlay-opacity":"","overlay-gradient":""}},"ast-content-background-meta":{"desktop":{"background-color":"var(--ast-global-color-5)","background-image":"","background-repeat":"repeat","background-position":"center center","background-size":"auto","background-attachment":"scroll","background-type":"","background-media":"","overlay-type":"","overlay-color":"","overlay-opacity":"","overlay-gradient":""},"tablet":{"background-color":"var(--ast-global-color-5)","background-image":"","background-repeat":"repeat","background-position":"center center","background-size":"auto","background-attachment":"scroll","background-type":"","background-media":"","overlay-type":"","overlay-color":"","overlay-opacity":"","overlay-gradient":""},"mobile":{"background-color":"var(--ast-global-color-5)","background-image":"","background-repeat":"repeat","background-position":"center center","background-size":"auto","background-attachment":"scroll","background-type":"","background-media":"","overlay-type":"","overlay-color":"","overlay-opacity":"","overlay-gradient":""}},"footnotes":""},"class_list":["post-1534","page","type-page","status-publish","hentry"],"yoast_head":"<!-- This site is optimized with the Yoast SEO plugin v27.5 - https:\/\/yoast.com\/product\/yoast-seo-wordpress\/ -->\n<title>H\u00e4\u00e4ajelut ja tilaisuudet - Tihuse | Hobuturismitalu Muhu saarel<\/title>\n<meta name=\"robots\" content=\"index, follow, max-snippet:-1, max-image-preview:large, max-video-preview:-1\" \/>\n<link rel=\"canonical\" href=\"https:\/\/www.tihuse.ee\/pulmasoidud-uritused\/\" \/>\n<meta property=\"og:locale\" content=\"fi_FI\" \/>\n<meta property=\"og:type\" content=\"article\" \/>\n<meta property=\"og:title\" content=\"H\u00e4\u00e4ajelut ja tilaisuudet - Tihuse | Hobuturismitalu Muhu saarel\" \/>\n<meta property=\"og:description\" content=\"H\u00e4\u00e4ajelut ja tilaisuudet H\u00e4\u00e4ajelut ja tilaisuudet Haluamme tehd\u00e4 Teid\u00e4n merkkip\u00e4ivist\u00e4nne mieliinpainuvat.H\u00e4ihin ja muihin t\u00e4rkeisiin tilaisuuksiin tulemme paikalle kiesilla, jonka eteen on valjastettu kaksi kaunista eestinhevosta. Kiesi on vuodelta 1886. Tilausajelut kiesilla ja reill\u00e4 erilaisiin tilaisuuksiin, sek\u00e4 yhdell\u00e4 ett\u00e4 kahdella hevosella valjastettuina. Ottakaa meihin rohkeasti yhteytt\u00e4 ja kysyk\u00e4\u00e4n tilaisuuttanne varten hintatarjousta.\" \/>\n<meta property=\"og:url\" content=\"https:\/\/www.tihuse.ee\/pulmasoidud-uritused\/\" \/>\n<meta property=\"og:site_name\" content=\"Tihuse | Hobuturismitalu Muhu saarel\" \/>\n<meta property=\"article:modified_time\" content=\"2022-01-11T18:38:37+00:00\" \/>\n<meta property=\"og:image\" content=\"https:\/\/www.tihuse.ee\/wp-content\/uploads\/2022\/01\/10378072_773837422648466_4845284737761135717_n-150x150.jpg\" \/>\n<meta name=\"twitter:card\" content=\"summary_large_image\" \/>\n<script type=\"application\/ld+json\" class=\"yoast-schema-graph\">{\"@context\":\"https:\\\/\\\/schema.org\",\"@graph\":[{\"@type\":\"WebPage\",\"@id\":\"https:\\\/\\\/www.tihuse.ee\\\/pulmasoidud-uritused\\\/\",\"url\":\"https:\\\/\\\/www.tihuse.ee\\\/pulmasoidud-uritused\\\/\",\"name\":\"H\u00e4\u00e4ajelut ja tilaisuudet - Tihuse | Hobuturismitalu Muhu saarel\",\"isPartOf\":{\"@id\":\"https:\\\/\\\/www.tihuse.ee\\\/#website\"},\"primaryImageOfPage\":{\"@id\":\"https:\\\/\\\/www.tihuse.ee\\\/pulmasoidud-uritused\\\/#primaryimage\"},\"image\":{\"@id\":\"https:\\\/\\\/www.tihuse.ee\\\/pulmasoidud-uritused\\\/#primaryimage\"},\"thumbnailUrl\":\"https:\\\/\\\/www.tihuse.ee\\\/wp-content\\\/uploads\\\/2022\\\/01\\\/10378072_773837422648466_4845284737761135717_n-150x150.jpg\",\"datePublished\":\"2022-01-04T15:44:00+00:00\",\"dateModified\":\"2022-01-11T18:38:37+00:00\",\"breadcrumb\":{\"@id\":\"https:\\\/\\\/www.tihuse.ee\\\/pulmasoidud-uritused\\\/#breadcrumb\"},\"inLanguage\":\"fi\",\"potentialAction\":[{\"@type\":\"ReadAction\",\"target\":[\"https:\\\/\\\/www.tihuse.ee\\\/pulmasoidud-uritused\\\/\"]}]},{\"@type\":\"ImageObject\",\"inLanguage\":\"fi\",\"@id\":\"https:\\\/\\\/www.tihuse.ee\\\/pulmasoidud-uritused\\\/#primaryimage\",\"url\":\"https:\\\/\\\/www.tihuse.ee\\\/wp-content\\\/uploads\\\/2022\\\/01\\\/10378072_773837422648466_4845284737761135717_n-150x150.jpg\",\"contentUrl\":\"https:\\\/\\\/www.tihuse.ee\\\/wp-content\\\/uploads\\\/2022\\\/01\\\/10378072_773837422648466_4845284737761135717_n-150x150.jpg\"},{\"@type\":\"BreadcrumbList\",\"@id\":\"https:\\\/\\\/www.tihuse.ee\\\/pulmasoidud-uritused\\\/#breadcrumb\",\"itemListElement\":[{\"@type\":\"ListItem\",\"position\":1,\"name\":\"Home\",\"item\":\"https:\\\/\\\/www.tihuse.ee\\\/\"},{\"@type\":\"ListItem\",\"position\":2,\"name\":\"H\u00e4\u00e4ajelut ja tilaisuudet\"}]},{\"@type\":\"WebSite\",\"@id\":\"https:\\\/\\\/www.tihuse.ee\\\/#website\",\"url\":\"https:\\\/\\\/www.tihuse.ee\\\/\",\"name\":\"Tihuse | Hobuturismitalu Muhu saarel\",\"description\":\"\",\"publisher\":{\"@id\":\"https:\\\/\\\/www.tihuse.ee\\\/#organization\"},\"potentialAction\":[{\"@type\":\"SearchAction\",\"target\":{\"@type\":\"EntryPoint\",\"urlTemplate\":\"https:\\\/\\\/www.tihuse.ee\\\/?s={search_term_string}\"},\"query-input\":{\"@type\":\"PropertyValueSpecification\",\"valueRequired\":true,\"valueName\":\"search_term_string\"}}],\"inLanguage\":\"fi\"},{\"@type\":\"Organization\",\"@id\":\"https:\\\/\\\/www.tihuse.ee\\\/#organization\",\"name\":\"Tihuse | Hobuturismitalu Muhu saarel\",\"url\":\"https:\\\/\\\/www.tihuse.ee\\\/\",\"logo\":{\"@type\":\"ImageObject\",\"inLanguage\":\"fi\",\"@id\":\"https:\\\/\\\/www.tihuse.ee\\\/#\\\/schema\\\/logo\\\/image\\\/\",\"url\":\"https:\\\/\\\/www.tihuse.ee\\\/wp-content\\\/uploads\\\/2022\\\/01\\\/TIHUSE-Logo.png\",\"contentUrl\":\"https:\\\/\\\/www.tihuse.ee\\\/wp-content\\\/uploads\\\/2022\\\/01\\\/TIHUSE-Logo.png\",\"width\":1488,\"height\":1340,\"caption\":\"Tihuse | Hobuturismitalu Muhu saarel\"},\"image\":{\"@id\":\"https:\\\/\\\/www.tihuse.ee\\\/#\\\/schema\\\/logo\\\/image\\\/\"}}]}<\/script>\n<!-- \/ Yoast SEO plugin. -->","yoast_head_json":{"title":"H\u00e4\u00e4ajelut ja tilaisuudet - Tihuse | Hobuturismitalu Muhu saarel","robots":{"index":"index","follow":"follow","max-snippet":"max-snippet:-1","max-image-preview":"max-image-preview:large","max-video-preview":"max-video-preview:-1"},"canonical":"https:\/\/www.tihuse.ee\/pulmasoidud-uritused\/","og_locale":"fi_FI","og_type":"article","og_title":"H\u00e4\u00e4ajelut ja tilaisuudet - Tihuse | Hobuturismitalu Muhu saarel","og_description":"H\u00e4\u00e4ajelut ja tilaisuudet H\u00e4\u00e4ajelut ja tilaisuudet Haluamme tehd\u00e4 Teid\u00e4n merkkip\u00e4ivist\u00e4nne mieliinpainuvat.H\u00e4ihin ja muihin t\u00e4rkeisiin tilaisuuksiin tulemme paikalle kiesilla, jonka eteen on valjastettu kaksi kaunista eestinhevosta. Kiesi on vuodelta 1886. Tilausajelut kiesilla ja reill\u00e4 erilaisiin tilaisuuksiin, sek\u00e4 yhdell\u00e4 ett\u00e4 kahdella hevosella valjastettuina. Ottakaa meihin rohkeasti yhteytt\u00e4 ja kysyk\u00e4\u00e4n tilaisuuttanne varten hintatarjousta.","og_url":"https:\/\/www.tihuse.ee\/pulmasoidud-uritused\/","og_site_name":"Tihuse | Hobuturismitalu Muhu saarel","article_modified_time":"2022-01-11T18:38:37+00:00","og_image":[{"url":"https:\/\/www.tihuse.ee\/wp-content\/uploads\/2022\/01\/10378072_773837422648466_4845284737761135717_n-150x150.jpg","type":"","width":"","height":""}],"twitter_card":"summary_large_image","schema":{"@context":"https:\/\/schema.org","@graph":[{"@type":"WebPage","@id":"https:\/\/www.tihuse.ee\/pulmasoidud-uritused\/","url":"https:\/\/www.tihuse.ee\/pulmasoidud-uritused\/","name":"H\u00e4\u00e4ajelut ja tilaisuudet - Tihuse | Hobuturismitalu Muhu saarel","isPartOf":{"@id":"https:\/\/www.tihuse.ee\/#website"},"primaryImageOfPage":{"@id":"https:\/\/www.tihuse.ee\/pulmasoidud-uritused\/#primaryimage"},"image":{"@id":"https:\/\/www.tihuse.ee\/pulmasoidud-uritused\/#primaryimage"},"thumbnailUrl":"https:\/\/www.tihuse.ee\/wp-content\/uploads\/2022\/01\/10378072_773837422648466_4845284737761135717_n-150x150.jpg","datePublished":"2022-01-04T15:44:00+00:00","dateModified":"2022-01-11T18:38:37+00:00","breadcrumb":{"@id":"https:\/\/www.tihuse.ee\/pulmasoidud-uritused\/#breadcrumb"},"inLanguage":"fi","potentialAction":[{"@type":"ReadAction","target":["https:\/\/www.tihuse.ee\/pulmasoidud-uritused\/"]}]},{"@type":"ImageObject","inLanguage":"fi","@id":"https:\/\/www.tihuse.ee\/pulmasoidud-uritused\/#primaryimage","url":"https:\/\/www.tihuse.ee\/wp-content\/uploads\/2022\/01\/10378072_773837422648466_4845284737761135717_n-150x150.jpg","contentUrl":"https:\/\/www.tihuse.ee\/wp-content\/uploads\/2022\/01\/10378072_773837422648466_4845284737761135717_n-150x150.jpg"},{"@type":"BreadcrumbList","@id":"https:\/\/www.tihuse.ee\/pulmasoidud-uritused\/#breadcrumb","itemListElement":[{"@type":"ListItem","position":1,"name":"Home","item":"https:\/\/www.tihuse.ee\/"},{"@type":"ListItem","position":2,"name":"H\u00e4\u00e4ajelut ja tilaisuudet"}]},{"@type":"WebSite","@id":"https:\/\/www.tihuse.ee\/#website","url":"https:\/\/www.tihuse.ee\/","name":"Tihuse | Hobuturismitalu Muhu saarel","description":"","publisher":{"@id":"https:\/\/www.tihuse.ee\/#organization"},"potentialAction":[{"@type":"SearchAction","target":{"@type":"EntryPoint","urlTemplate":"https:\/\/www.tihuse.ee\/?s={search_term_string}"},"query-input":{"@type":"PropertyValueSpecification","valueRequired":true,"valueName":"search_term_string"}}],"inLanguage":"fi"},{"@type":"Organization","@id":"https:\/\/www.tihuse.ee\/#organization","name":"Tihuse | Hobuturismitalu Muhu saarel","url":"https:\/\/www.tihuse.ee\/","logo":{"@type":"ImageObject","inLanguage":"fi","@id":"https:\/\/www.tihuse.ee\/#\/schema\/logo\/image\/","url":"https:\/\/www.tihuse.ee\/wp-content\/uploads\/2022\/01\/TIHUSE-Logo.png","contentUrl":"https:\/\/www.tihuse.ee\/wp-content\/uploads\/2022\/01\/TIHUSE-Logo.png","width":1488,"height":1340,"caption":"Tihuse | Hobuturismitalu Muhu saarel"},"image":{"@id":"https:\/\/www.tihuse.ee\/#\/schema\/logo\/image\/"}}]}},"_links":{"self":[{"href":"https:\/\/www.tihuse.ee\/fi\/wp-json\/wp\/v2\/pages\/1534","targetHints":{"allow":["GET"]}}],"collection":[{"href":"https:\/\/www.tihuse.ee\/fi\/wp-json\/wp\/v2\/pages"}],"about":[{"href":"https:\/\/www.tihuse.ee\/fi\/wp-json\/wp\/v2\/types\/page"}],"author":[{"embeddable":true,"href":"https:\/\/www.tihuse.ee\/fi\/wp-json\/wp\/v2\/users\/1"}],"replies":[{"embeddable":true,"href":"https:\/\/www.tihuse.ee\/fi\/wp-json\/wp\/v2\/comments?post=1534"}],"version-history":[{"count":5,"href":"https:\/\/www.tihuse.ee\/fi\/wp-json\/wp\/v2\/pages\/1534\/revisions"}],"predecessor-version":[{"id":1545,"href":"https:\/\/www.tihuse.ee\/fi\/wp-json\/wp\/v2\/pages\/1534\/revisions\/1545"}],"wp:attachment":[{"href":"https:\/\/www.tihuse.ee\/fi\/wp-json\/wp\/v2\/media?parent=1534"}],"curies":[{"name":"wp","href":"https:\/\/api.w.org\/{rel}","templated":true}]}}