{"id":1564,"date":"2022-01-04T15:16:32","date_gmt":"2022-01-04T15:16:32","guid":{"rendered":"https:\/\/www.tihuse.ee\/algajatele\/"},"modified":"2022-08-18T13:52:53","modified_gmt":"2022-08-18T13:52:53","slug":"algajatele","status":"publish","type":"page","link":"https:\/\/www.tihuse.ee\/fi\/algajatele\/","title":{"rendered":"Aloittelijoille"},"content":{"rendered":"\t\t<div data-elementor-type=\"wp-page\" data-elementor-id=\"1564\" class=\"elementor elementor-1564 elementor-462\">\n\t\t\t\t\t\t<section class=\"elementor-section elementor-top-section elementor-element elementor-element-2dc4d707 elementor-section-boxed elementor-section-height-default elementor-section-height-default\" data-id=\"2dc4d707\" data-element_type=\"section\" data-e-type=\"section\" data-settings=\"{&quot;background_background&quot;:&quot;classic&quot;}\">\n\t\t\t\t\t\t<div class=\"elementor-container elementor-column-gap-default\">\n\t\t\t\t\t<div class=\"elementor-column elementor-col-100 elementor-top-column elementor-element elementor-element-18d269d\" data-id=\"18d269d\" data-element_type=\"column\" data-e-type=\"column\">\n\t\t\t<div class=\"elementor-widget-wrap elementor-element-populated\">\n\t\t\t\t\t\t<div class=\"elementor-element elementor-element-5124a979 elementor-widget__width-auto elementor-widget elementor-widget-heading\" data-id=\"5124a979\" data-element_type=\"widget\" data-e-type=\"widget\" data-widget_type=\"heading.default\">\n\t\t\t\t\t<h2 class=\"elementor-heading-title elementor-size-default\">Aloittelijoille<\/h2>\t\t\t\t<\/div>\n\t\t\t\t\t<\/div>\n\t\t<\/div>\n\t\t\t\t\t<\/div>\n\t\t<\/section>\n\t\t\t\t<section class=\"elementor-section elementor-top-section elementor-element elementor-element-61011e2f elementor-section-boxed elementor-section-height-default elementor-section-height-default\" data-id=\"61011e2f\" data-element_type=\"section\" data-e-type=\"section\">\n\t\t\t\t\t\t<div class=\"elementor-container elementor-column-gap-default\">\n\t\t\t\t\t<div class=\"elementor-column elementor-col-100 elementor-top-column elementor-element elementor-element-154f9ed3\" data-id=\"154f9ed3\" data-element_type=\"column\" data-e-type=\"column\">\n\t\t\t<div class=\"elementor-widget-wrap elementor-element-populated\">\n\t\t\t\t\t\t<div class=\"elementor-element elementor-element-1bda2e48 elementor-widget elementor-widget-icon-box\" data-id=\"1bda2e48\" data-element_type=\"widget\" data-e-type=\"widget\" data-widget_type=\"icon-box.default\">\n\t\t\t\t\t\t\t<div class=\"elementor-icon-box-wrapper\">\n\n\t\t\t\n\t\t\t\t\t\t<div class=\"elementor-icon-box-content\">\n\n\t\t\t\t\t\t\t\t\t<h3 class=\"elementor-icon-box-title\">\n\t\t\t\t\t\t<span  >\n\t\t\t\t\t\t\tRatsastus aloittelijoille\t\t\t\t\t\t<\/span>\n\t\t\t\t\t<\/h3>\n\t\t\t\t\n\t\t\t\t\n\t\t\t<\/div>\n\t\t\t\n\t\t<\/div>\n\t\t\t\t\t\t<\/div>\n\t\t\t\t<div class=\"elementor-element elementor-element-14f072e8 elementor-widget-divider--view-line elementor-widget elementor-widget-divider\" data-id=\"14f072e8\" data-element_type=\"widget\" data-e-type=\"widget\" data-widget_type=\"divider.default\">\n\t\t\t\t\t\t\t<div class=\"elementor-divider\">\n\t\t\t<span class=\"elementor-divider-separator\">\n\t\t\t\t\t\t<\/span>\n\t\t<\/div>\n\t\t\t\t\t\t<\/div>\n\t\t\t\t\t<\/div>\n\t\t<\/div>\n\t\t\t\t\t<\/div>\n\t\t<\/section>\n\t\t\t\t<section class=\"elementor-section elementor-top-section elementor-element elementor-element-ca33408 elementor-section-boxed elementor-section-height-default elementor-section-height-default\" data-id=\"ca33408\" data-element_type=\"section\" data-e-type=\"section\">\n\t\t\t\t\t\t<div class=\"elementor-container elementor-column-gap-default\">\n\t\t\t\t\t<div class=\"elementor-column elementor-col-50 elementor-top-column elementor-element elementor-element-13d8bbb\" data-id=\"13d8bbb\" data-element_type=\"column\" data-e-type=\"column\">\n\t\t\t<div class=\"elementor-widget-wrap elementor-element-populated\">\n\t\t\t\t\t\t<div class=\"elementor-element elementor-element-5618f82 elementor-widget elementor-widget-text-editor\" data-id=\"5618f82\" data-element_type=\"widget\" data-e-type=\"widget\" data-widget_type=\"text-editor.default\">\n\t\t\t\t\t\t\t\t\t<div>\n<div>\n<p>Aloittelijoilla on meill\u00e4 mahdollisuus saada&nbsp;<strong>ratsastuksen alkeisopetusta<\/strong>&nbsp;kokeneilla ja rauhallisilla hevosilla. Retkell\u00e4 on mukana ohjaaja, joka opettaa, miten satulassa istutaan, jotta se olisi mukavaa sek\u00e4 ratsastajalle ett\u00e4 hevoselle. Ohjaaja n\u00e4ytt\u00e4\u00e4, miten hevosen saa liikkumaan toivottuun suuntaan ja toivotulla nopeudella (ja auttaa voittamaan el\u00e4imen luottamuksen).<br>Aloittelijoille j\u00e4rjest\u00e4mme&nbsp;<strong>1-2 tunnin<\/strong>&nbsp;retki\u00e4. Omasta kokemuksestamme suosittelemme ensimm\u00e4ist\u00e4 kertaa satulaan istuville henkil\u00f6ille yhden tunnin retke\u00e4.<br>J\u00e4rjest\u00e4mme retki\u00e4 naapurikyliin, mystisiin metsiin ja muinaiskulttuuripoluille.<\/p>\n<p><strong>Suurille ryhmille<\/strong>&nbsp; tarjoamme vaihtoehtoa \u201dpuolet ratsuhevosilla ja puolet k\u00e4rrylla tai kiesilla\u201d. Retken aikana kaikki osallistujat saavat puoli ajasta ratsastaa ja nauttia toisen puolen kalessiajelusta. Lis\u00e4ksi haluttaessa pyh\u00e4ss\u00e4 paikassa k\u00e4ynti riitteineen.<\/p>\n<p>Kysy tarjous s\u00e4hk\u00f6postitse: tihusetalu@gmail.com<br><\/p>\n<\/div>\n<\/div>\t\t\t\t\t\t\t\t<\/div>\n\t\t\t\t<div class=\"elementor-element elementor-element-5e37193 elementor-widget elementor-widget-icon-box\" data-id=\"5e37193\" data-element_type=\"widget\" data-e-type=\"widget\" data-widget_type=\"icon-box.default\">\n\t\t\t\t\t\t\t<div class=\"elementor-icon-box-wrapper\">\n\n\t\t\t\n\t\t\t\t\t\t<div class=\"elementor-icon-box-content\">\n\n\t\t\t\t\t\t\t\t\t<h3 class=\"elementor-icon-box-title\">\n\t\t\t\t\t\t<span  >\n\t\t\t\t\t\t\tTalutusratsastusta lapsille\t\t\t\t\t\t<\/span>\n\t\t\t\t\t<\/h3>\n\t\t\t\t\n\t\t\t\t\n\t\t\t<\/div>\n\t\t\t\n\t\t<\/div>\n\t\t\t\t\t\t<\/div>\n\t\t\t\t<div class=\"elementor-element elementor-element-d45448c elementor-widget elementor-widget-text-editor\" data-id=\"d45448c\" data-element_type=\"widget\" data-e-type=\"widget\" data-widget_type=\"text-editor.default\">\n\t\t\t\t\t\t\t\t\tOhjaaja taluttaa hevosta vierell\u00e4\u00e4n kent\u00e4ll\u00e4.\t\t\t\t\t\t\t\t<\/div>\n\t\t\t\t\t<\/div>\n\t\t<\/div>\n\t\t\t\t<div class=\"elementor-column elementor-col-50 elementor-top-column elementor-element elementor-element-7d98df4\" data-id=\"7d98df4\" data-element_type=\"column\" data-e-type=\"column\">\n\t\t\t<div class=\"elementor-widget-wrap elementor-element-populated\">\n\t\t\t\t\t\t<div class=\"elementor-element elementor-element-97fe948 gallery-spacing-custom elementor-widget elementor-widget-image-gallery\" data-id=\"97fe948\" data-element_type=\"widget\" data-e-type=\"widget\" data-widget_type=\"image-gallery.default\">\n\t\t\t\t\t\t\t<div class=\"elementor-image-gallery\">\n\t\t\t<div id='gallery-1' class='gallery galleryid-1564 gallery-columns-3 gallery-size-medium'><figure class='gallery-item'>\n\t\t\t<div class='gallery-icon landscape'>\n\t\t\t\t<a data-elementor-open-lightbox=\"yes\" data-elementor-lightbox-slideshow=\"97fe948\" data-elementor-lightbox-title=\"3\" data-e-action-hash=\"#elementor-action%3Aaction%3Dlightbox%26settings%3DeyJpZCI6NzM0LCJ1cmwiOiJodHRwczpcL1wvd3d3LnRpaHVzZS5lZVwvd3AtY29udGVudFwvdXBsb2Fkc1wvMjAyMlwvMDFcLzMtc2NhbGVkLmpwZyIsInNsaWRlc2hvdyI6Ijk3ZmU5NDgifQ%3D%3D\" href='https:\/\/www.tihuse.ee\/wp-content\/uploads\/2022\/01\/3-scaled.jpg'><img decoding=\"async\" width=\"300\" height=\"154\" src=\"https:\/\/www.tihuse.ee\/wp-content\/uploads\/2022\/01\/3-300x154.jpg\" class=\"attachment-medium size-medium\" alt=\"\" srcset=\"https:\/\/www.tihuse.ee\/wp-content\/uploads\/2022\/01\/3-300x154.jpg 300w, https:\/\/www.tihuse.ee\/wp-content\/uploads\/2022\/01\/3-1024x526.jpg 1024w, https:\/\/www.tihuse.ee\/wp-content\/uploads\/2022\/01\/3-768x394.jpg 768w, https:\/\/www.tihuse.ee\/wp-content\/uploads\/2022\/01\/3-1536x788.jpg 1536w, https:\/\/www.tihuse.ee\/wp-content\/uploads\/2022\/01\/3-2048x1051.jpg 2048w\" sizes=\"(max-width: 300px) 100vw, 300px\" \/><\/a>\n\t\t\t<\/div><\/figure><figure class='gallery-item'>\n\t\t\t<div class='gallery-icon landscape'>\n\t\t\t\t<a data-elementor-open-lightbox=\"yes\" data-elementor-lightbox-slideshow=\"97fe948\" data-elementor-lightbox-title=\"12088400_1068480156496560_4369677594810200347_n\" data-e-action-hash=\"#elementor-action%3Aaction%3Dlightbox%26settings%3DeyJpZCI6Nzc4LCJ1cmwiOiJodHRwczpcL1wvd3d3LnRpaHVzZS5lZVwvd3AtY29udGVudFwvdXBsb2Fkc1wvMjAyMlwvMDFcLzEyMDg4NDAwXzEwNjg0ODAxNTY0OTY1NjBfNDM2OTY3NzU5NDgxMDIwMDM0N19uLmpwZyIsInNsaWRlc2hvdyI6Ijk3ZmU5NDgifQ%3D%3D\" href='https:\/\/www.tihuse.ee\/wp-content\/uploads\/2022\/01\/12088400_1068480156496560_4369677594810200347_n.jpg'><img fetchpriority=\"high\" decoding=\"async\" width=\"300\" height=\"169\" src=\"https:\/\/www.tihuse.ee\/wp-content\/uploads\/2022\/01\/12088400_1068480156496560_4369677594810200347_n-300x169.jpg\" class=\"attachment-medium size-medium\" alt=\"\" srcset=\"https:\/\/www.tihuse.ee\/wp-content\/uploads\/2022\/01\/12088400_1068480156496560_4369677594810200347_n-300x169.jpg 300w, https:\/\/www.tihuse.ee\/wp-content\/uploads\/2022\/01\/12088400_1068480156496560_4369677594810200347_n-768x432.jpg 768w, https:\/\/www.tihuse.ee\/wp-content\/uploads\/2022\/01\/12088400_1068480156496560_4369677594810200347_n.jpg 960w\" sizes=\"(max-width: 300px) 100vw, 300px\" \/><\/a>\n\t\t\t<\/div><\/figure><figure class='gallery-item'>\n\t\t\t<div class='gallery-icon landscape'>\n\t\t\t\t<a data-elementor-open-lightbox=\"yes\" data-elementor-lightbox-slideshow=\"97fe948\" data-elementor-lightbox-title=\"12920256_10204639047535437_7783962470125730937_n\" data-e-action-hash=\"#elementor-action%3Aaction%3Dlightbox%26settings%3DeyJpZCI6Nzk0LCJ1cmwiOiJodHRwczpcL1wvd3d3LnRpaHVzZS5lZVwvd3AtY29udGVudFwvdXBsb2Fkc1wvMjAyMlwvMDFcLzEyOTIwMjU2XzEwMjA0NjM5MDQ3NTM1NDM3Xzc3ODM5NjI0NzAxMjU3MzA5Mzdfbi5qcGciLCJzbGlkZXNob3ciOiI5N2ZlOTQ4In0%3D\" href='https:\/\/www.tihuse.ee\/wp-content\/uploads\/2022\/01\/12920256_10204639047535437_7783962470125730937_n.jpg'><img decoding=\"async\" width=\"300\" height=\"169\" src=\"https:\/\/www.tihuse.ee\/wp-content\/uploads\/2022\/01\/12920256_10204639047535437_7783962470125730937_n-300x169.jpg\" class=\"attachment-medium size-medium\" alt=\"\" srcset=\"https:\/\/www.tihuse.ee\/wp-content\/uploads\/2022\/01\/12920256_10204639047535437_7783962470125730937_n-300x169.jpg 300w, https:\/\/www.tihuse.ee\/wp-content\/uploads\/2022\/01\/12920256_10204639047535437_7783962470125730937_n-768x432.jpg 768w, https:\/\/www.tihuse.ee\/wp-content\/uploads\/2022\/01\/12920256_10204639047535437_7783962470125730937_n.jpg 960w\" sizes=\"(max-width: 300px) 100vw, 300px\" \/><\/a>\n\t\t\t<\/div><\/figure><figure class='gallery-item'>\n\t\t\t<div class='gallery-icon landscape'>\n\t\t\t\t<a data-elementor-open-lightbox=\"yes\" data-elementor-lightbox-slideshow=\"97fe948\" data-elementor-lightbox-title=\"16996269_1316929408368888_8104387315032394090_n\" data-e-action-hash=\"#elementor-action%3Aaction%3Dlightbox%26settings%3DeyJpZCI6ODM4LCJ1cmwiOiJodHRwczpcL1wvd3d3LnRpaHVzZS5lZVwvd3AtY29udGVudFwvdXBsb2Fkc1wvMjAyMlwvMDFcLzE2OTk2MjY5XzEzMTY5Mjk0MDgzNjg4ODhfODEwNDM4NzMxNTAzMjM5NDA5MF9uLmpwZyIsInNsaWRlc2hvdyI6Ijk3ZmU5NDgifQ%3D%3D\" href='https:\/\/www.tihuse.ee\/wp-content\/uploads\/2022\/01\/16996269_1316929408368888_8104387315032394090_n.jpg'><img loading=\"lazy\" decoding=\"async\" width=\"300\" height=\"200\" src=\"https:\/\/www.tihuse.ee\/wp-content\/uploads\/2022\/01\/16996269_1316929408368888_8104387315032394090_n-300x200.jpg\" class=\"attachment-medium size-medium\" alt=\"\" srcset=\"https:\/\/www.tihuse.ee\/wp-content\/uploads\/2022\/01\/16996269_1316929408368888_8104387315032394090_n-300x200.jpg 300w, https:\/\/www.tihuse.ee\/wp-content\/uploads\/2022\/01\/16996269_1316929408368888_8104387315032394090_n-768x512.jpg 768w, https:\/\/www.tihuse.ee\/wp-content\/uploads\/2022\/01\/16996269_1316929408368888_8104387315032394090_n.jpg 960w\" sizes=\"(max-width: 300px) 100vw, 300px\" \/><\/a>\n\t\t\t<\/div><\/figure><figure class='gallery-item'>\n\t\t\t<div class='gallery-icon portrait'>\n\t\t\t\t<a data-elementor-open-lightbox=\"yes\" data-elementor-lightbox-slideshow=\"97fe948\" data-elementor-lightbox-title=\"16939372_1316925045035991_6987803711336205147_n\" data-e-action-hash=\"#elementor-action%3Aaction%3Dlightbox%26settings%3DeyJpZCI6ODM2LCJ1cmwiOiJodHRwczpcL1wvd3d3LnRpaHVzZS5lZVwvd3AtY29udGVudFwvdXBsb2Fkc1wvMjAyMlwvMDFcLzE2OTM5MzcyXzEzMTY5MjUwNDUwMzU5OTFfNjk4NzgwMzcxMTMzNjIwNTE0N19uLmpwZyIsInNsaWRlc2hvdyI6Ijk3ZmU5NDgifQ%3D%3D\" href='https:\/\/www.tihuse.ee\/wp-content\/uploads\/2022\/01\/16939372_1316925045035991_6987803711336205147_n.jpg'><img loading=\"lazy\" decoding=\"async\" width=\"200\" height=\"300\" src=\"https:\/\/www.tihuse.ee\/wp-content\/uploads\/2022\/01\/16939372_1316925045035991_6987803711336205147_n-200x300.jpg\" class=\"attachment-medium size-medium\" alt=\"\" srcset=\"https:\/\/www.tihuse.ee\/wp-content\/uploads\/2022\/01\/16939372_1316925045035991_6987803711336205147_n-200x300.jpg 200w, https:\/\/www.tihuse.ee\/wp-content\/uploads\/2022\/01\/16939372_1316925045035991_6987803711336205147_n.jpg 640w\" sizes=\"(max-width: 200px) 100vw, 200px\" \/><\/a>\n\t\t\t<\/div><\/figure><figure class='gallery-item'>\n\t\t\t<div class='gallery-icon portrait'>\n\t\t\t\t<a data-elementor-open-lightbox=\"yes\" data-elementor-lightbox-slideshow=\"97fe948\" data-elementor-lightbox-title=\"4\" data-e-action-hash=\"#elementor-action%3Aaction%3Dlightbox%26settings%3DeyJpZCI6NzM2LCJ1cmwiOiJodHRwczpcL1wvd3d3LnRpaHVzZS5lZVwvd3AtY29udGVudFwvdXBsb2Fkc1wvMjAyMlwvMDFcLzQuanBnIiwic2xpZGVzaG93IjoiOTdmZTk0OCJ9\" href='https:\/\/www.tihuse.ee\/wp-content\/uploads\/2022\/01\/4.jpg'><img loading=\"lazy\" decoding=\"async\" width=\"166\" height=\"300\" src=\"https:\/\/www.tihuse.ee\/wp-content\/uploads\/2022\/01\/4.jpg\" class=\"attachment-medium size-medium\" alt=\"\" \/><\/a>\n\t\t\t<\/div><\/figure>\n\t\t<\/div>\n\t\t<\/div>\n\t\t\t\t\t\t<\/div>\n\t\t\t\t\t<\/div>\n\t\t<\/div>\n\t\t\t\t\t<\/div>\n\t\t<\/section>\n\t\t\t\t<\/div>\n\t\t","protected":false},"excerpt":{"rendered":"<p>Aloittelijoille Ratsastus aloittelijoille Aloittelijoilla on meill\u00e4 mahdollisuus saada&nbsp;ratsastuksen alkeisopetusta&nbsp;kokeneilla ja rauhallisilla hevosilla. Retkell\u00e4 on mukana ohjaaja, joka opettaa, miten satulassa istutaan, jotta se olisi mukavaa sek\u00e4 ratsastajalle ett\u00e4 hevoselle. Ohjaaja n\u00e4ytt\u00e4\u00e4, miten hevosen saa liikkumaan toivottuun suuntaan ja toivotulla nopeudella (ja auttaa voittamaan el\u00e4imen luottamuksen).Aloittelijoille j\u00e4rjest\u00e4mme&nbsp;1-2 tunnin&nbsp;retki\u00e4. Omasta kokemuksestamme suosittelemme ensimm\u00e4ist\u00e4 kertaa satulaan istuville henkil\u00f6ille [&hellip;]<\/p>\n","protected":false},"author":1,"featured_media":0,"parent":0,"menu_order":0,"comment_status":"closed","ping_status":"closed","template":"","meta":{"site-sidebar-layout":"no-sidebar","site-content-layout":"page-builder","ast-site-content-layout":"default","site-content-style":"default","site-sidebar-style":"default","ast-global-header-display":"","ast-banner-title-visibility":"","ast-main-header-display":"","ast-hfb-above-header-display":"","ast-hfb-below-header-display":"","ast-hfb-mobile-header-display":"","site-post-title":"disabled","ast-breadcrumbs-content":"","ast-featured-img":"disabled","footer-sml-layout":"","ast-disable-related-posts":"","theme-transparent-header-meta":"","adv-header-id-meta":"","stick-header-meta":"","header-above-stick-meta":"","header-main-stick-meta":"","header-below-stick-meta":"","astra-migrate-meta-layouts":"default","ast-page-background-enabled":"default","ast-page-background-meta":{"desktop":{"background-color":"var(--ast-global-color-4)","background-image":"","background-repeat":"repeat","background-position":"center center","background-size":"auto","background-attachment":"scroll","background-type":"","background-media":"","overlay-type":"","overlay-color":"","overlay-opacity":"","overlay-gradient":""},"tablet":{"background-color":"","background-image":"","background-repeat":"repeat","background-position":"center center","background-size":"auto","background-attachment":"scroll","background-type":"","background-media":"","overlay-type":"","overlay-color":"","overlay-opacity":"","overlay-gradient":""},"mobile":{"background-color":"","background-image":"","background-repeat":"repeat","background-position":"center center","background-size":"auto","background-attachment":"scroll","background-type":"","background-media":"","overlay-type":"","overlay-color":"","overlay-opacity":"","overlay-gradient":""}},"ast-content-background-meta":{"desktop":{"background-color":"var(--ast-global-color-5)","background-image":"","background-repeat":"repeat","background-position":"center center","background-size":"auto","background-attachment":"scroll","background-type":"","background-media":"","overlay-type":"","overlay-color":"","overlay-opacity":"","overlay-gradient":""},"tablet":{"background-color":"var(--ast-global-color-5)","background-image":"","background-repeat":"repeat","background-position":"center center","background-size":"auto","background-attachment":"scroll","background-type":"","background-media":"","overlay-type":"","overlay-color":"","overlay-opacity":"","overlay-gradient":""},"mobile":{"background-color":"var(--ast-global-color-5)","background-image":"","background-repeat":"repeat","background-position":"center center","background-size":"auto","background-attachment":"scroll","background-type":"","background-media":"","overlay-type":"","overlay-color":"","overlay-opacity":"","overlay-gradient":""}},"footnotes":""},"class_list":["post-1564","page","type-page","status-publish","hentry"],"yoast_head":"<!-- This site is optimized with the Yoast SEO plugin v27.3 - https:\/\/yoast.com\/product\/yoast-seo-wordpress\/ -->\n<title>Aloittelijoille - Tihuse | Hobuturismitalu Muhu saarel<\/title>\n<meta name=\"robots\" content=\"index, follow, max-snippet:-1, max-image-preview:large, max-video-preview:-1\" \/>\n<link rel=\"canonical\" href=\"https:\/\/www.tihuse.ee\/algajatele\/\" \/>\n<meta property=\"og:locale\" content=\"fi_FI\" \/>\n<meta property=\"og:type\" content=\"article\" \/>\n<meta property=\"og:title\" content=\"Aloittelijoille - Tihuse | Hobuturismitalu Muhu saarel\" \/>\n<meta property=\"og:description\" content=\"Aloittelijoille Ratsastus aloittelijoille Aloittelijoilla on meill\u00e4 mahdollisuus saada&nbsp;ratsastuksen alkeisopetusta&nbsp;kokeneilla ja rauhallisilla hevosilla. Retkell\u00e4 on mukana ohjaaja, joka opettaa, miten satulassa istutaan, jotta se olisi mukavaa sek\u00e4 ratsastajalle ett\u00e4 hevoselle. Ohjaaja n\u00e4ytt\u00e4\u00e4, miten hevosen saa liikkumaan toivottuun suuntaan ja toivotulla nopeudella (ja auttaa voittamaan el\u00e4imen luottamuksen).Aloittelijoille j\u00e4rjest\u00e4mme&nbsp;1-2 tunnin&nbsp;retki\u00e4. Omasta kokemuksestamme suosittelemme ensimm\u00e4ist\u00e4 kertaa satulaan istuville henkil\u00f6ille [&hellip;]\" \/>\n<meta property=\"og:url\" content=\"https:\/\/www.tihuse.ee\/algajatele\/\" \/>\n<meta property=\"og:site_name\" content=\"Tihuse | Hobuturismitalu Muhu saarel\" \/>\n<meta property=\"article:modified_time\" content=\"2022-08-18T13:52:53+00:00\" \/>\n<meta property=\"og:image\" content=\"https:\/\/www.tihuse.ee\/wp-content\/uploads\/2022\/01\/3-300x154.jpg\" \/>\n<meta name=\"twitter:card\" content=\"summary_large_image\" \/>\n<meta name=\"twitter:label1\" content=\"Arvioitu lukuaika\" \/>\n\t<meta name=\"twitter:data1\" content=\"1 minuutti\" \/>\n<script type=\"application\/ld+json\" class=\"yoast-schema-graph\">{\"@context\":\"https:\\\/\\\/schema.org\",\"@graph\":[{\"@type\":\"WebPage\",\"@id\":\"https:\\\/\\\/www.tihuse.ee\\\/algajatele\\\/\",\"url\":\"https:\\\/\\\/www.tihuse.ee\\\/algajatele\\\/\",\"name\":\"Aloittelijoille - Tihuse | Hobuturismitalu Muhu saarel\",\"isPartOf\":{\"@id\":\"https:\\\/\\\/www.tihuse.ee\\\/#website\"},\"primaryImageOfPage\":{\"@id\":\"https:\\\/\\\/www.tihuse.ee\\\/algajatele\\\/#primaryimage\"},\"image\":{\"@id\":\"https:\\\/\\\/www.tihuse.ee\\\/algajatele\\\/#primaryimage\"},\"thumbnailUrl\":\"https:\\\/\\\/www.tihuse.ee\\\/wp-content\\\/uploads\\\/2022\\\/01\\\/3-300x154.jpg\",\"datePublished\":\"2022-01-04T15:16:32+00:00\",\"dateModified\":\"2022-08-18T13:52:53+00:00\",\"breadcrumb\":{\"@id\":\"https:\\\/\\\/www.tihuse.ee\\\/algajatele\\\/#breadcrumb\"},\"inLanguage\":\"fi\",\"potentialAction\":[{\"@type\":\"ReadAction\",\"target\":[\"https:\\\/\\\/www.tihuse.ee\\\/algajatele\\\/\"]}]},{\"@type\":\"ImageObject\",\"inLanguage\":\"fi\",\"@id\":\"https:\\\/\\\/www.tihuse.ee\\\/algajatele\\\/#primaryimage\",\"url\":\"https:\\\/\\\/www.tihuse.ee\\\/wp-content\\\/uploads\\\/2022\\\/01\\\/3-300x154.jpg\",\"contentUrl\":\"https:\\\/\\\/www.tihuse.ee\\\/wp-content\\\/uploads\\\/2022\\\/01\\\/3-300x154.jpg\"},{\"@type\":\"BreadcrumbList\",\"@id\":\"https:\\\/\\\/www.tihuse.ee\\\/algajatele\\\/#breadcrumb\",\"itemListElement\":[{\"@type\":\"ListItem\",\"position\":1,\"name\":\"Home\",\"item\":\"https:\\\/\\\/www.tihuse.ee\\\/fi\\\/\"},{\"@type\":\"ListItem\",\"position\":2,\"name\":\"Aloittelijoille\"}]},{\"@type\":\"WebSite\",\"@id\":\"https:\\\/\\\/www.tihuse.ee\\\/#website\",\"url\":\"https:\\\/\\\/www.tihuse.ee\\\/\",\"name\":\"Tihuse | Hobuturismitalu Muhu saarel\",\"description\":\"\",\"publisher\":{\"@id\":\"https:\\\/\\\/www.tihuse.ee\\\/#organization\"},\"potentialAction\":[{\"@type\":\"SearchAction\",\"target\":{\"@type\":\"EntryPoint\",\"urlTemplate\":\"https:\\\/\\\/www.tihuse.ee\\\/?s={search_term_string}\"},\"query-input\":{\"@type\":\"PropertyValueSpecification\",\"valueRequired\":true,\"valueName\":\"search_term_string\"}}],\"inLanguage\":\"fi\"},{\"@type\":\"Organization\",\"@id\":\"https:\\\/\\\/www.tihuse.ee\\\/#organization\",\"name\":\"Tihuse | Hobuturismitalu Muhu saarel\",\"url\":\"https:\\\/\\\/www.tihuse.ee\\\/\",\"logo\":{\"@type\":\"ImageObject\",\"inLanguage\":\"fi\",\"@id\":\"https:\\\/\\\/www.tihuse.ee\\\/#\\\/schema\\\/logo\\\/image\\\/\",\"url\":\"https:\\\/\\\/www.tihuse.ee\\\/wp-content\\\/uploads\\\/2022\\\/01\\\/TIHUSE-Logo.png\",\"contentUrl\":\"https:\\\/\\\/www.tihuse.ee\\\/wp-content\\\/uploads\\\/2022\\\/01\\\/TIHUSE-Logo.png\",\"width\":1488,\"height\":1340,\"caption\":\"Tihuse | Hobuturismitalu Muhu saarel\"},\"image\":{\"@id\":\"https:\\\/\\\/www.tihuse.ee\\\/#\\\/schema\\\/logo\\\/image\\\/\"}}]}<\/script>\n<!-- \/ Yoast SEO plugin. -->","yoast_head_json":{"title":"Aloittelijoille - Tihuse | Hobuturismitalu Muhu saarel","robots":{"index":"index","follow":"follow","max-snippet":"max-snippet:-1","max-image-preview":"max-image-preview:large","max-video-preview":"max-video-preview:-1"},"canonical":"https:\/\/www.tihuse.ee\/algajatele\/","og_locale":"fi_FI","og_type":"article","og_title":"Aloittelijoille - Tihuse | Hobuturismitalu Muhu saarel","og_description":"Aloittelijoille Ratsastus aloittelijoille Aloittelijoilla on meill\u00e4 mahdollisuus saada&nbsp;ratsastuksen alkeisopetusta&nbsp;kokeneilla ja rauhallisilla hevosilla. Retkell\u00e4 on mukana ohjaaja, joka opettaa, miten satulassa istutaan, jotta se olisi mukavaa sek\u00e4 ratsastajalle ett\u00e4 hevoselle. Ohjaaja n\u00e4ytt\u00e4\u00e4, miten hevosen saa liikkumaan toivottuun suuntaan ja toivotulla nopeudella (ja auttaa voittamaan el\u00e4imen luottamuksen).Aloittelijoille j\u00e4rjest\u00e4mme&nbsp;1-2 tunnin&nbsp;retki\u00e4. Omasta kokemuksestamme suosittelemme ensimm\u00e4ist\u00e4 kertaa satulaan istuville henkil\u00f6ille [&hellip;]","og_url":"https:\/\/www.tihuse.ee\/algajatele\/","og_site_name":"Tihuse | Hobuturismitalu Muhu saarel","article_modified_time":"2022-08-18T13:52:53+00:00","og_image":[{"url":"https:\/\/www.tihuse.ee\/wp-content\/uploads\/2022\/01\/3-300x154.jpg","type":"","width":"","height":""}],"twitter_card":"summary_large_image","twitter_misc":{"Arvioitu lukuaika":"1 minuutti"},"schema":{"@context":"https:\/\/schema.org","@graph":[{"@type":"WebPage","@id":"https:\/\/www.tihuse.ee\/algajatele\/","url":"https:\/\/www.tihuse.ee\/algajatele\/","name":"Aloittelijoille - Tihuse | Hobuturismitalu Muhu saarel","isPartOf":{"@id":"https:\/\/www.tihuse.ee\/#website"},"primaryImageOfPage":{"@id":"https:\/\/www.tihuse.ee\/algajatele\/#primaryimage"},"image":{"@id":"https:\/\/www.tihuse.ee\/algajatele\/#primaryimage"},"thumbnailUrl":"https:\/\/www.tihuse.ee\/wp-content\/uploads\/2022\/01\/3-300x154.jpg","datePublished":"2022-01-04T15:16:32+00:00","dateModified":"2022-08-18T13:52:53+00:00","breadcrumb":{"@id":"https:\/\/www.tihuse.ee\/algajatele\/#breadcrumb"},"inLanguage":"fi","potentialAction":[{"@type":"ReadAction","target":["https:\/\/www.tihuse.ee\/algajatele\/"]}]},{"@type":"ImageObject","inLanguage":"fi","@id":"https:\/\/www.tihuse.ee\/algajatele\/#primaryimage","url":"https:\/\/www.tihuse.ee\/wp-content\/uploads\/2022\/01\/3-300x154.jpg","contentUrl":"https:\/\/www.tihuse.ee\/wp-content\/uploads\/2022\/01\/3-300x154.jpg"},{"@type":"BreadcrumbList","@id":"https:\/\/www.tihuse.ee\/algajatele\/#breadcrumb","itemListElement":[{"@type":"ListItem","position":1,"name":"Home","item":"https:\/\/www.tihuse.ee\/fi\/"},{"@type":"ListItem","position":2,"name":"Aloittelijoille"}]},{"@type":"WebSite","@id":"https:\/\/www.tihuse.ee\/#website","url":"https:\/\/www.tihuse.ee\/","name":"Tihuse | Hobuturismitalu Muhu saarel","description":"","publisher":{"@id":"https:\/\/www.tihuse.ee\/#organization"},"potentialAction":[{"@type":"SearchAction","target":{"@type":"EntryPoint","urlTemplate":"https:\/\/www.tihuse.ee\/?s={search_term_string}"},"query-input":{"@type":"PropertyValueSpecification","valueRequired":true,"valueName":"search_term_string"}}],"inLanguage":"fi"},{"@type":"Organization","@id":"https:\/\/www.tihuse.ee\/#organization","name":"Tihuse | Hobuturismitalu Muhu saarel","url":"https:\/\/www.tihuse.ee\/","logo":{"@type":"ImageObject","inLanguage":"fi","@id":"https:\/\/www.tihuse.ee\/#\/schema\/logo\/image\/","url":"https:\/\/www.tihuse.ee\/wp-content\/uploads\/2022\/01\/TIHUSE-Logo.png","contentUrl":"https:\/\/www.tihuse.ee\/wp-content\/uploads\/2022\/01\/TIHUSE-Logo.png","width":1488,"height":1340,"caption":"Tihuse | Hobuturismitalu Muhu saarel"},"image":{"@id":"https:\/\/www.tihuse.ee\/#\/schema\/logo\/image\/"}}]}},"_links":{"self":[{"href":"https:\/\/www.tihuse.ee\/fi\/wp-json\/wp\/v2\/pages\/1564","targetHints":{"allow":["GET"]}}],"collection":[{"href":"https:\/\/www.tihuse.ee\/fi\/wp-json\/wp\/v2\/pages"}],"about":[{"href":"https:\/\/www.tihuse.ee\/fi\/wp-json\/wp\/v2\/types\/page"}],"author":[{"embeddable":true,"href":"https:\/\/www.tihuse.ee\/fi\/wp-json\/wp\/v2\/users\/1"}],"replies":[{"embeddable":true,"href":"https:\/\/www.tihuse.ee\/fi\/wp-json\/wp\/v2\/comments?post=1564"}],"version-history":[{"count":5,"href":"https:\/\/www.tihuse.ee\/fi\/wp-json\/wp\/v2\/pages\/1564\/revisions"}],"predecessor-version":[{"id":2247,"href":"https:\/\/www.tihuse.ee\/fi\/wp-json\/wp\/v2\/pages\/1564\/revisions\/2247"}],"wp:attachment":[{"href":"https:\/\/www.tihuse.ee\/fi\/wp-json\/wp\/v2\/media?parent=1564"}],"curies":[{"name":"wp","href":"https:\/\/api.w.org\/{rel}","templated":true}]}}