{"id":1573,"date":"2022-01-04T15:40:53","date_gmt":"2022-01-04T15:40:53","guid":{"rendered":"https:\/\/www.tihuse.ee\/tasub-teada\/"},"modified":"2022-01-12T07:54:53","modified_gmt":"2022-01-12T07:54:53","slug":"tasub-teada","status":"publish","type":"page","link":"https:\/\/www.tihuse.ee\/fi\/tasub-teada\/","title":{"rendered":"Hyv\u00e4 tiet\u00e4\u00e4"},"content":{"rendered":"\t\t<div data-elementor-type=\"wp-page\" data-elementor-id=\"1573\" class=\"elementor elementor-1573 elementor-489\">\n\t\t\t\t\t\t<section class=\"elementor-section elementor-top-section elementor-element elementor-element-4b97c542 elementor-section-boxed elementor-section-height-default elementor-section-height-default\" data-id=\"4b97c542\" data-element_type=\"section\" data-e-type=\"section\" data-settings=\"{&quot;background_background&quot;:&quot;classic&quot;}\">\n\t\t\t\t\t\t<div class=\"elementor-container elementor-column-gap-default\">\n\t\t\t\t\t<div class=\"elementor-column elementor-col-100 elementor-top-column elementor-element elementor-element-a722a9d\" data-id=\"a722a9d\" data-element_type=\"column\" data-e-type=\"column\">\n\t\t\t<div class=\"elementor-widget-wrap elementor-element-populated\">\n\t\t\t\t\t\t<div class=\"elementor-element elementor-element-56988240 elementor-widget__width-auto elementor-widget elementor-widget-heading\" data-id=\"56988240\" data-element_type=\"widget\" data-e-type=\"widget\" data-widget_type=\"heading.default\">\n\t\t\t\t\t<h2 class=\"elementor-heading-title elementor-size-default\">Hyv\u00e4 tiet\u00e4\u00e4<\/h2>\t\t\t\t<\/div>\n\t\t\t\t\t<\/div>\n\t\t<\/div>\n\t\t\t\t\t<\/div>\n\t\t<\/section>\n\t\t\t\t<section class=\"elementor-section elementor-top-section elementor-element elementor-element-20c18d2c elementor-section-boxed elementor-section-height-default elementor-section-height-default\" data-id=\"20c18d2c\" data-element_type=\"section\" data-e-type=\"section\">\n\t\t\t\t\t\t<div class=\"elementor-container elementor-column-gap-default\">\n\t\t\t\t\t<div class=\"elementor-column elementor-col-100 elementor-top-column elementor-element elementor-element-9e8aba8\" data-id=\"9e8aba8\" data-element_type=\"column\" data-e-type=\"column\">\n\t\t\t<div class=\"elementor-widget-wrap elementor-element-populated\">\n\t\t\t\t\t\t<div class=\"elementor-element elementor-element-71921891 elementor-position-inline-start elementor-view-default elementor-mobile-position-block-start elementor-widget elementor-widget-icon-box\" data-id=\"71921891\" data-element_type=\"widget\" data-e-type=\"widget\" data-widget_type=\"icon-box.default\">\n\t\t\t\t\t\t\t<div class=\"elementor-icon-box-wrapper\">\n\n\t\t\t\t\t\t<div class=\"elementor-icon-box-icon\">\n\t\t\t\t<span  class=\"elementor-icon\">\n\t\t\t\t<svg aria-hidden=\"true\" class=\"e-font-icon-svg e-far-lightbulb\" viewBox=\"0 0 352 512\" xmlns=\"http:\/\/www.w3.org\/2000\/svg\"><path d=\"M176 80c-52.94 0-96 43.06-96 96 0 8.84 7.16 16 16 16s16-7.16 16-16c0-35.3 28.72-64 64-64 8.84 0 16-7.16 16-16s-7.16-16-16-16zM96.06 459.17c0 3.15.93 6.22 2.68 8.84l24.51 36.84c2.97 4.46 7.97 7.14 13.32 7.14h78.85c5.36 0 10.36-2.68 13.32-7.14l24.51-36.84c1.74-2.62 2.67-5.7 2.68-8.84l.05-43.18H96.02l.04 43.18zM176 0C73.72 0 0 82.97 0 176c0 44.37 16.45 84.85 43.56 115.78 16.64 18.99 42.74 58.8 52.42 92.16v.06h48v-.12c-.01-4.77-.72-9.51-2.15-14.07-5.59-17.81-22.82-64.77-62.17-109.67-20.54-23.43-31.52-53.15-31.61-84.14-.2-73.64 59.67-128 127.95-128 70.58 0 128 57.42 128 128 0 30.97-11.24 60.85-31.65 84.14-39.11 44.61-56.42 91.47-62.1 109.46a47.507 47.507 0 0 0-2.22 14.3v.1h48v-.05c9.68-33.37 35.78-73.18 52.42-92.16C335.55 260.85 352 220.37 352 176 352 78.8 273.2 0 176 0z\"><\/path><\/svg>\t\t\t\t<\/span>\n\t\t\t<\/div>\n\t\t\t\n\t\t\t\t\t\t<div class=\"elementor-icon-box-content\">\n\n\t\t\t\t\t\t\t\t\t<h3 class=\"elementor-icon-box-title\">\n\t\t\t\t\t\t<span  >\n\t\t\t\t\t\t\tRatsastusretket\t\t\t\t\t\t<\/span>\n\t\t\t\t\t<\/h3>\n\t\t\t\t\n\t\t\t\t\n\t\t\t<\/div>\n\t\t\t\n\t\t<\/div>\n\t\t\t\t\t\t<\/div>\n\t\t\t\t<div class=\"elementor-element elementor-element-8c49bb4 elementor-widget-divider--view-line elementor-widget elementor-widget-divider\" data-id=\"8c49bb4\" data-element_type=\"widget\" data-e-type=\"widget\" data-widget_type=\"divider.default\">\n\t\t\t\t\t\t\t<div class=\"elementor-divider\">\n\t\t\t<span class=\"elementor-divider-separator\">\n\t\t\t\t\t\t<\/span>\n\t\t<\/div>\n\t\t\t\t\t\t<\/div>\n\t\t\t\t\t<\/div>\n\t\t<\/div>\n\t\t\t\t\t<\/div>\n\t\t<\/section>\n\t\t\t\t<section class=\"elementor-section elementor-top-section elementor-element elementor-element-1e0db98 elementor-section-boxed elementor-section-height-default elementor-section-height-default\" data-id=\"1e0db98\" data-element_type=\"section\" data-e-type=\"section\">\n\t\t\t\t\t\t<div class=\"elementor-container elementor-column-gap-default\">\n\t\t\t\t\t<div class=\"elementor-column elementor-col-50 elementor-top-column elementor-element elementor-element-494e0f4\" data-id=\"494e0f4\" data-element_type=\"column\" data-e-type=\"column\">\n\t\t\t<div class=\"elementor-widget-wrap elementor-element-populated\">\n\t\t\t\t\t\t<div class=\"elementor-element elementor-element-cf72531 elementor-widget elementor-widget-text-editor\" data-id=\"cf72531\" data-element_type=\"widget\" data-e-type=\"widget\" data-widget_type=\"text-editor.default\">\n\t\t\t\t\t\t\t\t\t<p>Turvallisuussyist\u00e4 ryhm\u00e4n enimm\u00e4iskoko on 11 osallistujaa saattajaa kohti. Yleens\u00e4 ryhm\u00e4t ovat kuitenkin pienempi\u00e4. Tihuse varaa itselleen oikeuden muodostaa ratsastusryhm\u00e4t ratsastajien tason perusteella. Ryhm\u00e4n muodostavat osallistujat, jotka ovat samalla ratsastustasolla. Jos ryhm\u00e4ss\u00e4 on joku arempi tai v\u00e4hemm\u00e4n kokenut ratsastaja, retken tempo valitaan h\u00e4nen mukaansa.<\/p><p><strong>RATSASTAMINEN TAPAHTUU OMALLA VASTUULLA! VAKUUTUS ON SUOSITELTAVA!<\/strong><\/p><p>Teid\u00e4n turvallisuutenne nimiss\u00e4 on pakollista k\u00e4ytt\u00e4\u00e4\u00a0<strong>ratsastuskyp\u00e4r\u00e4\u00e4<\/strong>. Jos itsell\u00e4 ei ole kyp\u00e4r\u00e4\u00e4, sen saa meilt\u00e4.<\/p>\t\t\t\t\t\t\t\t<\/div>\n\t\t\t\t<div class=\"elementor-element elementor-element-e3f0371 elementor-widget elementor-widget-icon-box\" data-id=\"e3f0371\" data-element_type=\"widget\" data-e-type=\"widget\" data-widget_type=\"icon-box.default\">\n\t\t\t\t\t\t\t<div class=\"elementor-icon-box-wrapper\">\n\n\t\t\t\n\t\t\t\t\t\t<div class=\"elementor-icon-box-content\">\n\n\t\t\t\t\t\t\t\t\t<h3 class=\"elementor-icon-box-title\">\n\t\t\t\t\t\t<span  >\n\t\t\t\t\t\t\tVaatetus\t\t\t\t\t\t<\/span>\n\t\t\t\t\t<\/h3>\n\t\t\t\t\n\t\t\t\t\n\t\t\t<\/div>\n\t\t\t\n\t\t<\/div>\n\t\t\t\t\t\t<\/div>\n\t\t\t\t<div class=\"elementor-element elementor-element-0f52a2d elementor-widget elementor-widget-text-editor\" data-id=\"0f52a2d\" data-element_type=\"widget\" data-e-type=\"widget\" data-widget_type=\"text-editor.default\">\n\t\t\t\t\t\t\t\t\t<p>Vaatetuksen tulee olla mukava, tuulta ja vett\u00e4 hylkiv\u00e4. Suosittelemme k\u00e4ytt\u00e4m\u00e4\u00e4n liukumista est\u00e4vi\u00e4 sormikkaita. Ehdottomasti\u00a0<strong>pitk\u00e4t housut<\/strong>: sopivat liukumattomat verryttelyhousut, farkut, joissa ei ole sis\u00e4saumoja, yms. (ratsastushousut, jos on).<\/p><p><strong>Jalkineiden<\/strong>\u00a0pit\u00e4\u00e4 olla\u00a0<strong>umpinaiset<\/strong>, mielell\u00e4\u00e4n urheilulliset ja matalakantaiset (1\u20132 cm). Lenkkarit sopivat my\u00f6s. Avokantaiset jalkineet tai sandaalit eiv\u00e4t k\u00e4y!<\/p><p><strong>Kaikki retket tapahtuvat ennakolta tilattuina<\/strong>, mit\u00e4 aiemmin meille ilmoitatte, sit\u00e4 parempi.<\/p>\t\t\t\t\t\t\t\t<\/div>\n\t\t\t\t\t<\/div>\n\t\t<\/div>\n\t\t\t\t<div class=\"elementor-column elementor-col-50 elementor-top-column elementor-element elementor-element-277e9ee\" data-id=\"277e9ee\" data-element_type=\"column\" data-e-type=\"column\">\n\t\t\t<div class=\"elementor-widget-wrap elementor-element-populated\">\n\t\t\t\t\t\t<div class=\"elementor-element elementor-element-5849719 gallery-spacing-custom elementor-widget elementor-widget-image-gallery\" data-id=\"5849719\" data-element_type=\"widget\" data-e-type=\"widget\" data-widget_type=\"image-gallery.default\">\n\t\t\t\t\t\t\t<div class=\"elementor-image-gallery\">\n\t\t\t<div id='gallery-1' class='gallery galleryid-1573 gallery-columns-2 gallery-size-medium_large'><figure class='gallery-item'>\n\t\t\t<div class='gallery-icon landscape'>\n\t\t\t\t<a data-elementor-open-lightbox=\"yes\" data-elementor-lightbox-slideshow=\"5849719\" data-elementor-lightbox-title=\"17308816_1329965987065230_3685786773111455093_n\" data-e-action-hash=\"#elementor-action%3Aaction%3Dlightbox%26settings%3DeyJpZCI6ODQ0LCJ1cmwiOiJodHRwczpcL1wvd3d3LnRpaHVzZS5lZVwvd3AtY29udGVudFwvdXBsb2Fkc1wvMjAyMlwvMDFcLzE3MzA4ODE2XzEzMjk5NjU5ODcwNjUyMzBfMzY4NTc4Njc3MzExMTQ1NTA5M19uLmpwZyIsInNsaWRlc2hvdyI6IjU4NDk3MTkifQ%3D%3D\" href='https:\/\/www.tihuse.ee\/wp-content\/uploads\/2022\/01\/17308816_1329965987065230_3685786773111455093_n.jpg'><img fetchpriority=\"high\" decoding=\"async\" width=\"768\" height=\"512\" src=\"https:\/\/www.tihuse.ee\/wp-content\/uploads\/2022\/01\/17308816_1329965987065230_3685786773111455093_n-768x512.jpg\" class=\"attachment-medium_large size-medium_large\" alt=\"\" srcset=\"https:\/\/www.tihuse.ee\/wp-content\/uploads\/2022\/01\/17308816_1329965987065230_3685786773111455093_n-768x512.jpg 768w, https:\/\/www.tihuse.ee\/wp-content\/uploads\/2022\/01\/17308816_1329965987065230_3685786773111455093_n-300x200.jpg 300w, https:\/\/www.tihuse.ee\/wp-content\/uploads\/2022\/01\/17308816_1329965987065230_3685786773111455093_n.jpg 960w\" sizes=\"(max-width: 768px) 100vw, 768px\" \/><\/a>\n\t\t\t<\/div><\/figure><figure class='gallery-item'>\n\t\t\t<div class='gallery-icon landscape'>\n\t\t\t\t<a data-elementor-open-lightbox=\"yes\" data-elementor-lightbox-slideshow=\"5849719\" data-elementor-lightbox-title=\"17910724_1453374904722342_1909423865_n\" data-e-action-hash=\"#elementor-action%3Aaction%3Dlightbox%26settings%3DeyJpZCI6ODY4LCJ1cmwiOiJodHRwczpcL1wvd3d3LnRpaHVzZS5lZVwvd3AtY29udGVudFwvdXBsb2Fkc1wvMjAyMlwvMDFcLzE3OTEwNzI0XzE0NTMzNzQ5MDQ3MjIzNDJfMTkwOTQyMzg2NV9uLmpwZyIsInNsaWRlc2hvdyI6IjU4NDk3MTkifQ%3D%3D\" href='https:\/\/www.tihuse.ee\/wp-content\/uploads\/2022\/01\/17910724_1453374904722342_1909423865_n.jpg'><img decoding=\"async\" width=\"768\" height=\"512\" src=\"https:\/\/www.tihuse.ee\/wp-content\/uploads\/2022\/01\/17910724_1453374904722342_1909423865_n-768x512.jpg\" class=\"attachment-medium_large size-medium_large\" alt=\"\" srcset=\"https:\/\/www.tihuse.ee\/wp-content\/uploads\/2022\/01\/17910724_1453374904722342_1909423865_n-768x512.jpg 768w, https:\/\/www.tihuse.ee\/wp-content\/uploads\/2022\/01\/17910724_1453374904722342_1909423865_n-300x200.jpg 300w, https:\/\/www.tihuse.ee\/wp-content\/uploads\/2022\/01\/17910724_1453374904722342_1909423865_n.jpg 960w\" sizes=\"(max-width: 768px) 100vw, 768px\" \/><\/a>\n\t\t\t<\/div><\/figure>\n\t\t<\/div>\n\t\t<\/div>\n\t\t\t\t\t\t<\/div>\n\t\t\t\t\t<\/div>\n\t\t<\/div>\n\t\t\t\t\t<\/div>\n\t\t<\/section>\n\t\t\t\t<\/div>\n\t\t","protected":false},"excerpt":{"rendered":"<p>Hyv\u00e4 tiet\u00e4\u00e4 Ratsastusretket Turvallisuussyist\u00e4 ryhm\u00e4n enimm\u00e4iskoko on 11 osallistujaa saattajaa kohti. Yleens\u00e4 ryhm\u00e4t ovat kuitenkin pienempi\u00e4. Tihuse varaa itselleen oikeuden muodostaa ratsastusryhm\u00e4t ratsastajien tason perusteella. Ryhm\u00e4n muodostavat osallistujat, jotka ovat samalla ratsastustasolla. Jos ryhm\u00e4ss\u00e4 on joku arempi tai v\u00e4hemm\u00e4n kokenut ratsastaja, retken tempo valitaan h\u00e4nen mukaansa. RATSASTAMINEN TAPAHTUU OMALLA VASTUULLA! VAKUUTUS ON SUOSITELTAVA! Teid\u00e4n turvallisuutenne [&hellip;]<\/p>\n","protected":false},"author":1,"featured_media":0,"parent":0,"menu_order":0,"comment_status":"closed","ping_status":"closed","template":"","meta":{"site-sidebar-layout":"no-sidebar","site-content-layout":"page-builder","ast-site-content-layout":"default","site-content-style":"default","site-sidebar-style":"default","ast-global-header-display":"","ast-banner-title-visibility":"","ast-main-header-display":"","ast-hfb-above-header-display":"","ast-hfb-below-header-display":"","ast-hfb-mobile-header-display":"","site-post-title":"disabled","ast-breadcrumbs-content":"","ast-featured-img":"disabled","footer-sml-layout":"","ast-disable-related-posts":"","theme-transparent-header-meta":"","adv-header-id-meta":"","stick-header-meta":"","header-above-stick-meta":"","header-main-stick-meta":"","header-below-stick-meta":"","astra-migrate-meta-layouts":"default","ast-page-background-enabled":"default","ast-page-background-meta":{"desktop":{"background-color":"var(--ast-global-color-4)","background-image":"","background-repeat":"repeat","background-position":"center center","background-size":"auto","background-attachment":"scroll","background-type":"","background-media":"","overlay-type":"","overlay-color":"","overlay-opacity":"","overlay-gradient":""},"tablet":{"background-color":"","background-image":"","background-repeat":"repeat","background-position":"center center","background-size":"auto","background-attachment":"scroll","background-type":"","background-media":"","overlay-type":"","overlay-color":"","overlay-opacity":"","overlay-gradient":""},"mobile":{"background-color":"","background-image":"","background-repeat":"repeat","background-position":"center center","background-size":"auto","background-attachment":"scroll","background-type":"","background-media":"","overlay-type":"","overlay-color":"","overlay-opacity":"","overlay-gradient":""}},"ast-content-background-meta":{"desktop":{"background-color":"var(--ast-global-color-5)","background-image":"","background-repeat":"repeat","background-position":"center center","background-size":"auto","background-attachment":"scroll","background-type":"","background-media":"","overlay-type":"","overlay-color":"","overlay-opacity":"","overlay-gradient":""},"tablet":{"background-color":"var(--ast-global-color-5)","background-image":"","background-repeat":"repeat","background-position":"center center","background-size":"auto","background-attachment":"scroll","background-type":"","background-media":"","overlay-type":"","overlay-color":"","overlay-opacity":"","overlay-gradient":""},"mobile":{"background-color":"var(--ast-global-color-5)","background-image":"","background-repeat":"repeat","background-position":"center center","background-size":"auto","background-attachment":"scroll","background-type":"","background-media":"","overlay-type":"","overlay-color":"","overlay-opacity":"","overlay-gradient":""}},"footnotes":""},"class_list":["post-1573","page","type-page","status-publish","hentry"],"yoast_head":"<!-- This site is optimized with the Yoast SEO plugin v27.3 - https:\/\/yoast.com\/product\/yoast-seo-wordpress\/ -->\n<title>Hyv\u00e4 tiet\u00e4\u00e4 - Tihuse | Hobuturismitalu Muhu saarel<\/title>\n<meta name=\"robots\" content=\"index, follow, max-snippet:-1, max-image-preview:large, max-video-preview:-1\" \/>\n<link rel=\"canonical\" href=\"https:\/\/www.tihuse.ee\/fi\/tasub-teada\/\" \/>\n<meta property=\"og:locale\" content=\"fi_FI\" \/>\n<meta property=\"og:type\" content=\"article\" \/>\n<meta property=\"og:title\" content=\"Hyv\u00e4 tiet\u00e4\u00e4 - Tihuse | Hobuturismitalu Muhu saarel\" \/>\n<meta property=\"og:description\" content=\"Hyv\u00e4 tiet\u00e4\u00e4 Ratsastusretket Turvallisuussyist\u00e4 ryhm\u00e4n enimm\u00e4iskoko on 11 osallistujaa saattajaa kohti. Yleens\u00e4 ryhm\u00e4t ovat kuitenkin pienempi\u00e4. Tihuse varaa itselleen oikeuden muodostaa ratsastusryhm\u00e4t ratsastajien tason perusteella. Ryhm\u00e4n muodostavat osallistujat, jotka ovat samalla ratsastustasolla. Jos ryhm\u00e4ss\u00e4 on joku arempi tai v\u00e4hemm\u00e4n kokenut ratsastaja, retken tempo valitaan h\u00e4nen mukaansa. RATSASTAMINEN TAPAHTUU OMALLA VASTUULLA! VAKUUTUS ON SUOSITELTAVA! Teid\u00e4n turvallisuutenne [&hellip;]\" \/>\n<meta property=\"og:url\" content=\"https:\/\/www.tihuse.ee\/fi\/tasub-teada\/\" \/>\n<meta property=\"og:site_name\" content=\"Tihuse | Hobuturismitalu Muhu saarel\" \/>\n<meta property=\"article:modified_time\" content=\"2022-01-12T07:54:53+00:00\" \/>\n<meta property=\"og:image\" content=\"https:\/\/www.tihuse.ee\/wp-content\/uploads\/2022\/01\/17308816_1329965987065230_3685786773111455093_n-768x512.jpg\" \/>\n<meta name=\"twitter:card\" content=\"summary_large_image\" \/>\n<meta name=\"twitter:label1\" content=\"Arvioitu lukuaika\" \/>\n\t<meta name=\"twitter:data1\" content=\"1 minuutti\" \/>\n<script type=\"application\/ld+json\" class=\"yoast-schema-graph\">{\"@context\":\"https:\\\/\\\/schema.org\",\"@graph\":[{\"@type\":\"WebPage\",\"@id\":\"https:\\\/\\\/www.tihuse.ee\\\/fi\\\/tasub-teada\\\/\",\"url\":\"https:\\\/\\\/www.tihuse.ee\\\/fi\\\/tasub-teada\\\/\",\"name\":\"Hyv\u00e4 tiet\u00e4\u00e4 - Tihuse | Hobuturismitalu Muhu saarel\",\"isPartOf\":{\"@id\":\"https:\\\/\\\/www.tihuse.ee\\\/#website\"},\"primaryImageOfPage\":{\"@id\":\"https:\\\/\\\/www.tihuse.ee\\\/fi\\\/tasub-teada\\\/#primaryimage\"},\"image\":{\"@id\":\"https:\\\/\\\/www.tihuse.ee\\\/fi\\\/tasub-teada\\\/#primaryimage\"},\"thumbnailUrl\":\"https:\\\/\\\/www.tihuse.ee\\\/wp-content\\\/uploads\\\/2022\\\/01\\\/17308816_1329965987065230_3685786773111455093_n-768x512.jpg\",\"datePublished\":\"2022-01-04T15:40:53+00:00\",\"dateModified\":\"2022-01-12T07:54:53+00:00\",\"breadcrumb\":{\"@id\":\"https:\\\/\\\/www.tihuse.ee\\\/fi\\\/tasub-teada\\\/#breadcrumb\"},\"inLanguage\":\"fi\",\"potentialAction\":[{\"@type\":\"ReadAction\",\"target\":[\"https:\\\/\\\/www.tihuse.ee\\\/fi\\\/tasub-teada\\\/\"]}]},{\"@type\":\"ImageObject\",\"inLanguage\":\"fi\",\"@id\":\"https:\\\/\\\/www.tihuse.ee\\\/fi\\\/tasub-teada\\\/#primaryimage\",\"url\":\"https:\\\/\\\/www.tihuse.ee\\\/wp-content\\\/uploads\\\/2022\\\/01\\\/17308816_1329965987065230_3685786773111455093_n-768x512.jpg\",\"contentUrl\":\"https:\\\/\\\/www.tihuse.ee\\\/wp-content\\\/uploads\\\/2022\\\/01\\\/17308816_1329965987065230_3685786773111455093_n-768x512.jpg\"},{\"@type\":\"BreadcrumbList\",\"@id\":\"https:\\\/\\\/www.tihuse.ee\\\/fi\\\/tasub-teada\\\/#breadcrumb\",\"itemListElement\":[{\"@type\":\"ListItem\",\"position\":1,\"name\":\"Home\",\"item\":\"https:\\\/\\\/www.tihuse.ee\\\/fi\\\/\"},{\"@type\":\"ListItem\",\"position\":2,\"name\":\"Hyv\u00e4 tiet\u00e4\u00e4\"}]},{\"@type\":\"WebSite\",\"@id\":\"https:\\\/\\\/www.tihuse.ee\\\/#website\",\"url\":\"https:\\\/\\\/www.tihuse.ee\\\/\",\"name\":\"Tihuse | Hobuturismitalu Muhu saarel\",\"description\":\"\",\"publisher\":{\"@id\":\"https:\\\/\\\/www.tihuse.ee\\\/#organization\"},\"potentialAction\":[{\"@type\":\"SearchAction\",\"target\":{\"@type\":\"EntryPoint\",\"urlTemplate\":\"https:\\\/\\\/www.tihuse.ee\\\/?s={search_term_string}\"},\"query-input\":{\"@type\":\"PropertyValueSpecification\",\"valueRequired\":true,\"valueName\":\"search_term_string\"}}],\"inLanguage\":\"fi\"},{\"@type\":\"Organization\",\"@id\":\"https:\\\/\\\/www.tihuse.ee\\\/#organization\",\"name\":\"Tihuse | Hobuturismitalu Muhu saarel\",\"url\":\"https:\\\/\\\/www.tihuse.ee\\\/\",\"logo\":{\"@type\":\"ImageObject\",\"inLanguage\":\"fi\",\"@id\":\"https:\\\/\\\/www.tihuse.ee\\\/#\\\/schema\\\/logo\\\/image\\\/\",\"url\":\"https:\\\/\\\/www.tihuse.ee\\\/wp-content\\\/uploads\\\/2022\\\/01\\\/TIHUSE-Logo.png\",\"contentUrl\":\"https:\\\/\\\/www.tihuse.ee\\\/wp-content\\\/uploads\\\/2022\\\/01\\\/TIHUSE-Logo.png\",\"width\":1488,\"height\":1340,\"caption\":\"Tihuse | Hobuturismitalu Muhu saarel\"},\"image\":{\"@id\":\"https:\\\/\\\/www.tihuse.ee\\\/#\\\/schema\\\/logo\\\/image\\\/\"}}]}<\/script>\n<!-- \/ Yoast SEO plugin. -->","yoast_head_json":{"title":"Hyv\u00e4 tiet\u00e4\u00e4 - Tihuse | Hobuturismitalu Muhu saarel","robots":{"index":"index","follow":"follow","max-snippet":"max-snippet:-1","max-image-preview":"max-image-preview:large","max-video-preview":"max-video-preview:-1"},"canonical":"https:\/\/www.tihuse.ee\/fi\/tasub-teada\/","og_locale":"fi_FI","og_type":"article","og_title":"Hyv\u00e4 tiet\u00e4\u00e4 - Tihuse | Hobuturismitalu Muhu saarel","og_description":"Hyv\u00e4 tiet\u00e4\u00e4 Ratsastusretket Turvallisuussyist\u00e4 ryhm\u00e4n enimm\u00e4iskoko on 11 osallistujaa saattajaa kohti. Yleens\u00e4 ryhm\u00e4t ovat kuitenkin pienempi\u00e4. Tihuse varaa itselleen oikeuden muodostaa ratsastusryhm\u00e4t ratsastajien tason perusteella. Ryhm\u00e4n muodostavat osallistujat, jotka ovat samalla ratsastustasolla. Jos ryhm\u00e4ss\u00e4 on joku arempi tai v\u00e4hemm\u00e4n kokenut ratsastaja, retken tempo valitaan h\u00e4nen mukaansa. RATSASTAMINEN TAPAHTUU OMALLA VASTUULLA! VAKUUTUS ON SUOSITELTAVA! Teid\u00e4n turvallisuutenne [&hellip;]","og_url":"https:\/\/www.tihuse.ee\/fi\/tasub-teada\/","og_site_name":"Tihuse | Hobuturismitalu Muhu saarel","article_modified_time":"2022-01-12T07:54:53+00:00","og_image":[{"url":"https:\/\/www.tihuse.ee\/wp-content\/uploads\/2022\/01\/17308816_1329965987065230_3685786773111455093_n-768x512.jpg","type":"","width":"","height":""}],"twitter_card":"summary_large_image","twitter_misc":{"Arvioitu lukuaika":"1 minuutti"},"schema":{"@context":"https:\/\/schema.org","@graph":[{"@type":"WebPage","@id":"https:\/\/www.tihuse.ee\/fi\/tasub-teada\/","url":"https:\/\/www.tihuse.ee\/fi\/tasub-teada\/","name":"Hyv\u00e4 tiet\u00e4\u00e4 - Tihuse | Hobuturismitalu Muhu saarel","isPartOf":{"@id":"https:\/\/www.tihuse.ee\/#website"},"primaryImageOfPage":{"@id":"https:\/\/www.tihuse.ee\/fi\/tasub-teada\/#primaryimage"},"image":{"@id":"https:\/\/www.tihuse.ee\/fi\/tasub-teada\/#primaryimage"},"thumbnailUrl":"https:\/\/www.tihuse.ee\/wp-content\/uploads\/2022\/01\/17308816_1329965987065230_3685786773111455093_n-768x512.jpg","datePublished":"2022-01-04T15:40:53+00:00","dateModified":"2022-01-12T07:54:53+00:00","breadcrumb":{"@id":"https:\/\/www.tihuse.ee\/fi\/tasub-teada\/#breadcrumb"},"inLanguage":"fi","potentialAction":[{"@type":"ReadAction","target":["https:\/\/www.tihuse.ee\/fi\/tasub-teada\/"]}]},{"@type":"ImageObject","inLanguage":"fi","@id":"https:\/\/www.tihuse.ee\/fi\/tasub-teada\/#primaryimage","url":"https:\/\/www.tihuse.ee\/wp-content\/uploads\/2022\/01\/17308816_1329965987065230_3685786773111455093_n-768x512.jpg","contentUrl":"https:\/\/www.tihuse.ee\/wp-content\/uploads\/2022\/01\/17308816_1329965987065230_3685786773111455093_n-768x512.jpg"},{"@type":"BreadcrumbList","@id":"https:\/\/www.tihuse.ee\/fi\/tasub-teada\/#breadcrumb","itemListElement":[{"@type":"ListItem","position":1,"name":"Home","item":"https:\/\/www.tihuse.ee\/fi\/"},{"@type":"ListItem","position":2,"name":"Hyv\u00e4 tiet\u00e4\u00e4"}]},{"@type":"WebSite","@id":"https:\/\/www.tihuse.ee\/#website","url":"https:\/\/www.tihuse.ee\/","name":"Tihuse | Hobuturismitalu Muhu saarel","description":"","publisher":{"@id":"https:\/\/www.tihuse.ee\/#organization"},"potentialAction":[{"@type":"SearchAction","target":{"@type":"EntryPoint","urlTemplate":"https:\/\/www.tihuse.ee\/?s={search_term_string}"},"query-input":{"@type":"PropertyValueSpecification","valueRequired":true,"valueName":"search_term_string"}}],"inLanguage":"fi"},{"@type":"Organization","@id":"https:\/\/www.tihuse.ee\/#organization","name":"Tihuse | Hobuturismitalu Muhu saarel","url":"https:\/\/www.tihuse.ee\/","logo":{"@type":"ImageObject","inLanguage":"fi","@id":"https:\/\/www.tihuse.ee\/#\/schema\/logo\/image\/","url":"https:\/\/www.tihuse.ee\/wp-content\/uploads\/2022\/01\/TIHUSE-Logo.png","contentUrl":"https:\/\/www.tihuse.ee\/wp-content\/uploads\/2022\/01\/TIHUSE-Logo.png","width":1488,"height":1340,"caption":"Tihuse | Hobuturismitalu Muhu saarel"},"image":{"@id":"https:\/\/www.tihuse.ee\/#\/schema\/logo\/image\/"}}]}},"_links":{"self":[{"href":"https:\/\/www.tihuse.ee\/fi\/wp-json\/wp\/v2\/pages\/1573","targetHints":{"allow":["GET"]}}],"collection":[{"href":"https:\/\/www.tihuse.ee\/fi\/wp-json\/wp\/v2\/pages"}],"about":[{"href":"https:\/\/www.tihuse.ee\/fi\/wp-json\/wp\/v2\/types\/page"}],"author":[{"embeddable":true,"href":"https:\/\/www.tihuse.ee\/fi\/wp-json\/wp\/v2\/users\/1"}],"replies":[{"embeddable":true,"href":"https:\/\/www.tihuse.ee\/fi\/wp-json\/wp\/v2\/comments?post=1573"}],"version-history":[{"count":5,"href":"https:\/\/www.tihuse.ee\/fi\/wp-json\/wp\/v2\/pages\/1573\/revisions"}],"predecessor-version":[{"id":1583,"href":"https:\/\/www.tihuse.ee\/fi\/wp-json\/wp\/v2\/pages\/1573\/revisions\/1583"}],"wp:attachment":[{"href":"https:\/\/www.tihuse.ee\/fi\/wp-json\/wp\/v2\/media?parent=1573"}],"curies":[{"name":"wp","href":"https:\/\/api.w.org\/{rel}","templated":true}]}}